{"id":35,"date":"2018-12-27T20:37:30","date_gmt":"2018-12-27T20:37:30","guid":{"rendered":"https:\/\/www.sportellocertificati.it\/?page_id=35"},"modified":"2026-04-04T05:20:26","modified_gmt":"2026-04-04T05:20:26","slug":"terms-and-conditions","status":"publish","type":"page","link":"https:\/\/www.sportellocertificati.it\/en\/terms-and-conditions\/","title":{"rendered":"Terms and Conditions"},"content":{"rendered":"<h3><b>GENERAL TERMS AND CONDITIONS<\/b><\/h3>\n<p><b>1 - INTRODUCTION<\/b><\/p>\n<p>Tutti i termini e le presenti condizioni (successivamente indicati \u201cCondizioni Generali\u201d) regolano la vendita di servizi su Sportello Certificati. I servizi presenti su Sportello Certificati vengono forniti da Servizi Informativi, company number 14813764. Tutti i contratti conclusi tra Servizi Informativi ed il cliente saranno regolati dalle presenti Condizioni Generali. \u00a0I servizi presenti su Sportello Certificati sono rivolti a studi legali, studi professionali e aziende.<\/p>\n<p><b>2 - OBJECT OF THE CONTRACT<\/b><\/p>\n<p>The purpose of the contract is to provide the customer with the services as indicated in the application forms and with the characteristics specified in the relevant descriptions. Each contract concluded with the customer includes the following documents: General terms and conditions, request form, service description and information on data processing.<\/p>\n<p><b>3 - CONCLUSION OF THE CONTRACT<\/b><\/p>\n<p>Inoltrando un ordine, il Cliente accetta i termini e le condizioni generali, le condizioni specifiche contenute all\u2019interno della descrizione del servizio richiesto e presta il consenso al trattamento dati. Il contratto stipulato tra Servizi Informativi e il Cliente si conclude con l\u2019invio della e-mail di conferma dell\u2019ordine e con la ricezione del pagamento. Quando viene utilizzato come strumento di pagamento il bonifico bancario, l\u2019ordine si intende completato al momento dell\u2019accredito della somma versata per la richiesta del servizio.<\/p>\n<p><b>3.1 Cancellation of orders<\/b><\/p>\n<p>Sebbene l\u2019ordine si sia perfezionato, Servizi Informativi si riserva la facolt\u00e0 di annullare lo stesso in qualunque momento previo preavviso al cliente. L\u2019ordine verr\u00e0 annullato quando l\u2019esecuzione \u00e8 impossibile, per forza maggiore, o se il cliente non abbia i requisiti previsti dalla legge per la richiesta del servizio.<\/p>\n<p><b>4 - PROVISION OF SERVICES<\/b><\/p>\n<p>Once the order has been confirmed and payment has been received, the service will be processed and processed as soon as possible.<\/p>\n<p>All the services in the registry and marital status categories are processed within 15 working days. In case of urgent request within 7 working days. If the urgency is not respected, the customer will be refunded the supplement paid.<\/p>\n<p><b>4.1 Delivery time<\/b><\/p>\n<p>Sebbene nel 90% dei casi i tempi indicati nelle pagine di descrizione di ogni servizio vengano rispettati, si precisa che gli stessi hanno un valore puramente indicativo. Alcuna responsabilit\u00e0 potr\u00e0 essere imputata ad Servizi Informativi qualora tali termini non vengano rispettati, in particolare in tutti i casi in cui il ritardo \u00e8 stato causato da eventi o soggetti terzi non direttamente controllabili o gestibili da Servizi Informativi.<\/p>\n<p><b>4.2 Supplementary documentation<\/b><\/p>\n<p>Per talune tipologie di attivit\u00e0 pu\u00f2 essere necessario richiedere al cliente documentazione integrativa ai fini dell\u2019espletamento dell\u2019incarico. Alcuna responsabilit\u00e0 potr\u00e0 essere imputata ad Servizi Informativi per ritardi o per impossibilit\u00e0 di eseguire la prestazione a causa dell\u2019inerzia o del ritardo del cliente.<\/p>\n<p><b>5 - REGISTRATION<\/b><\/p>\n<p>To request a service it is necessary to register by creating an account and upon acceptance of the Terms, General Conditions and consent to data processing. The account is created using a valid e-mail address and password. It is recommended to use complex passwords consisting of alphanumeric and special characters together with upper and lower case letters. By default the system does not allow you to create weak passwords. The customer is directly responsible for his own access credentials for which strictly personal use and the absolute prohibition of transfer to third parties is foreseen. In the event of theft or loss of access credentials, the customer must promptly inform the Sportello Certificati customer service so that appropriate measures can be taken for the security of the data stored in the account. The creation of the account is only necessary for the first order, for all subsequent orders the customer can login using the credentials entered during registration.<\/p>\n<p><b>5.1 Registration via social login<\/b><\/p>\n<p>To facilitate access to the services, the customer can access them using their social account: google or facebook. With regard to the so-called social login, it is recommended to read the information on data processing, which is an integral part of these General Conditions.<\/p>\n<p><b>5.2 User panel<\/b><\/p>\n<p>After registration the Customer can access the user panel to view the status of orders and manage his credentials such as: billing address, history of all orders etc..<\/p>\n<p><b>5.3 Account removal and data deletion<\/b><\/p>\n<p>To remove your account simply send an email to info@sportellocertificati.it, generally within 48 working hours all data are removed except those for which the law provides for mandatory storage. The customer will then receive a confirmation email when the account is removed. The registered user has the right to access his\/her data, the right of portability, the right of rectification and any other right in line with the provisions of the EU GDPR 2016\/679 and national legislation on data processing.<\/p>\n<p><b>6 - PURCHASE OF SERVICES<\/b><\/p>\n<p>Only the services present on the Sportello Certificati website at the time of placing the order, as described in the relevant information sheets, can be purchased. The correct receipt of the order is confirmed by an e-mail notification, sent to the e-mail address used by the Customer to create the account. The message contains a summary of the order. The customer undertakes to verify the correctness of the order and to promptly notify any errors. All prices on the site are exclusive of VAT and may be changed at any time, without notice. If an incorrect and\/or clearly derisory price is published, for whatever reason, the order will be cancelled, even in case of initial validation.<\/p>\n<p><b>7 - PAYMENT METHODS<\/b><\/p>\n<p>In order to ensure greater flexibility we offer our customers different payment systems.<\/p>\n<p><b>7.1 PayPal<\/b><\/p>\n<p>By selecting Paypal as payment instrument, the customer will be automatically directed to the Paypal page and therefore no data will pass through  Sportello Certificati. Paypal is one of the most popular systems for online payments. Through the Paypal platform the customer can make the payment using a Paypal account, prepaid card, debit card or credit card belonging to Visa, MasterCard etc..<\/p>\n<p><b>7.2 Stripe<\/b><\/p>\n<p>You can select credit card as payment instrument and pay your order by credit card, rechargeable card, Poste Pay etc.. In this case the payment is made directly on the checkout page.<\/p>\n<p><b>7.3 Bank transfer in advance<\/b><\/p>\n<p>In case of payment by Advance Bank Transfer, the processing of the file will begin at the time of credit, which must take place within 5 working days from the date of acceptance of the order, after which, the order will be considered automatically canceled. The reason for the bank transfer must indicate the order identifier which is issued in the order confirmation email. The bank details to make the transfer are reported in the order confirmation e-mail.<\/p>\n<p><b>8 - DELIVERY METHOD<\/b><\/p>\n<p>The services purchased on Sportello Certificati are delivered in digital format. If the requested service includes a paper document, this will be sent by courier or by post, the shipping costs will be specified at the time of conclusion of the order and are charged to the customer. Usually when the order is completed, the customer receives an e-mail notification indicating that the order has been completed. The e-mail also indicates the link to download the file directly from your user panel. In the e-mail notifying the completed order, the document in pdf format is also attached. The same will be available for 15 days in the customer area, after this period, for security reasons, the file is deleted.<\/p>\n<p><b>9 - RIGHT OF WITHDRAWAL<\/b><\/p>\n<p>In ossequio a quanto previsto dal Codice del Consumo, il Cliente che riveste la qualit\u00e0 di consumatore e, quindi, la persona fisica che agisce per scopi estranei all\u2019attivit\u00e0 professionale, e\/o imprenditoriale, ai sensi dell\u2019art. 52 ha il diritto di recedere dal contratto d\u2019acquisto, entro e non oltre 14 giorni dalla conclusione del contratto. Lo stesso pu\u00f2 essere effettuato mediante invio di lettera a.r. indirizzata ad Servizi Informativi, Via Dei Mille 243, 98123 Messina, (IT) o posta elettronica certificata all\u2019indirizzo servizi.informativi.messina@legalmail.it.<\/p>\n<p><b>9.1 Exclusion of withdrawal<\/b><\/p>\n<p>Withdrawal, pursuant to art. 59 of the Consumer Code, cannot be validly exercised if the service has been performed within 14 days.<\/p>\n<p><b>9.2 Refunds<\/b><\/p>\n<p>In caso di recesso, qualora Servizi Informativi abbia dato inizio alla prestazione deve essere tenuta indenne per tutti i costi sostenuti. Non verr\u00e0 altres\u00ec eseguito alcun rimborso nel caso in cui l\u2019 esito delle ricerche, relative al servizio richiesto, risulti negativo. Altres\u00ec non verr\u00e0 effettuato alcun rimborso qualora l\u2019esito negativo delle ricerche \u00e8 stato causato da dati errati o incompleti forniti dal cliente.<\/p>\n<p><b>9.3 Supplier's withdrawal<\/b><\/p>\n<p>Servizi Informativi pu\u00f2 recedere liberamente e senza alcun vincolo dal contratto concluso con il cliente, previo congruo preavviso di giorni 15 da comunicarsi mediante posta elettronica certificata o lettera raccomandata. Tuttavia la stessa pu\u00f2 recedere in qualunque momento con effetto immediato qualora il cliente tenga un comportamento illecito nei confronti dell\u2019azienda o per causa di forza maggiore.<\/p>\n<p><b>10 - OBLIGATIONS AND RESPONSIBILITIES<\/b><\/p>\n<p>Servizi Informativi non si assume alcuna responsabilit\u00e0, salvo dolo o colpa grave, per eventuali ritardi, errori o altri danni sofferti dal cliente o da terzi durante l\u2019esecuzione del contratto.<\/p>\n<p><b>10.1 Obligations of the customer<\/b><\/p>\n<p>Per qualunque uso non conforme, non autorizzato o illegittimo dei servizi richiesti, sar\u00e0 ritenuto unico ed esclusivo responsabile il cliente, il quale si impegna a manlevare e tenere indenne Servizi Informativi da qualunque tipo di responsabilit\u00e0 e\/o richiesta di risarcimento di danni arrecati a terzi. I dati non possono essere divulgati o ceduti.<\/p>\n<p><b>10.2 Disclosure of third party data<\/b><\/p>\n<p>Riguardo ai dati di terzi comunicati ad Servizi Informativi durante la richiesta dei servizi e\/o successivamente, il cliente dichiara di conoscere la normativa comunitaria e nazionale in materia di trattamento dati e di essere il Titolare del trattamento, in quanto: ha ottenuto il consenso dal terzo, vanta un interesse legittimo nei suoi confronti e\/o vi \u00e8 un\u2019altra condizione prevista dal legislatore che legittima la titolarit\u00e0 del trattamento. Servizi Informativi nei confronti del cliente e dei dati dallo stesso forniti, opera come mero responsabile esterno al trattamento dati cos\u00ec come previsto dalla normativa comunitaria e nazionale in materia di trattamento dati.<\/p>\n<p><b>11 - RESOLUTION<\/b><\/p>\n<p>Failure to comply with the obligations set out in these general conditions shall result in the termination of the contract and the cancellation of all orders in progress. Specifically, the contract will be immediately terminated if the customer violates the obligations provided for in points 10.2. The contract will also be terminated with immediate effect if the information entered during registration or request for services is false or if the services requested are used for illegal purposes and\/or in any case prohibited by current legislation.<\/p>\n<p><b>12 - JURISDICTION AND APPLICABLE LAW<\/b><\/p>\n<p>Il contratto di vendita tra il Cliente e Servizi Informativi \u00e8 regolato dalla Legge Italiana. Se il cliente \u00e8 un consumatore, per la risoluzione di eventuali controversie derivanti dalla conclusione del contratto, la competenza territoriale appartiene al foro del suo comune di residenza; in tutti gli altri casi, la competenza territoriale \u00e8 quella del Foro di Messina.<\/p>\n<p><strong>13 &#8211; RISOLUZIONE ONLINE DELLE CONTROVERSIE<\/strong><\/p>\n<p>Il cliente che riveste la qualifica di consumatore, come previsto dal Codice del Consumo, e che risiede all\u2019interno dell\u2019Unione Europea per la risoluzione di eventuali controversie, potr\u00e0 accedere alla piattaforma ODR consultabile al seguente indirizzo internet, https:\/\/ec.europa.eu\/consumers\/odr\/<\/p>\n<p>La piattaforma online ODR \u00e8 uno strumento predisposto dalla Commissione Europea per fornire una risoluzione alternativa alle controversie sorte fra il consumatore e il professionista.<\/p>\n<p><b>14 - Conditions<\/b><\/p>\n<p>Le condizioni contenute nel presente documento potranno essere modificate da Servizi Informativi senza preavviso alcuno e avranno validit\u00e0 dalla data di pubblicazione nel sito Internet <a href=\"https:\/\/www.sportellocertificati.it\">sportellocertificati.it<\/a>.<\/p>\n<p><b>15 - FINAL INFORMATION<\/b><\/p>\n<p>Contact:<\/p>\n<p><strong>e-mail<\/strong>: <a href=\"mailto:info@sportellocertificati.it\">info@sportellocertificati.it<\/a><\/p>\n<p><strong>Pec<\/strong>: servizi.informativi.messina@legalmail.it<\/p>\n<p><strong>Phone<\/strong>: +39 0240031022<\/p>\n<p><strong>Sede legale<\/strong>: Servizi Informativi, Via Dei Mille 243, 98123 Messina, Italy.<\/p>\n<p><strong>Sede amministrativa<\/strong>: Servizi Informativi, Via Dei Mille 243, 98123 Messina, Italy.<\/p>\n<p>Read also the <a href=\"https:\/\/www.sportellocertificati.it\/privacy-policy\/\">privacy policy and data processing<\/a> integral part of these general conditions.<\/p>","protected":false},"excerpt":{"rendered":"<p>TERMINI E CONDIZIONI GENERALI 1 \u2013 INTRODUZIONE Tutti i termini e le presenti condizioni (successivamente indicati \u201cCondizioni Generali\u201d) regolano la vendita di servizi su Sportello Certificati. I servizi presenti su Sportello Certificati vengono forniti da Servizi Informativi, company number 14813764. Tutti i contratti conclusi tra Servizi Informativi ed il cliente saranno regolati dalle presenti Condizioni [&hellip;]<\/p>","protected":false},"author":1,"featured_media":0,"parent":0,"menu_order":0,"comment_status":"closed","ping_status":"closed","template":"","meta":{"_kad_blocks_custom_css":"","_kad_blocks_head_custom_js":"","_kad_blocks_body_custom_js":"","_kad_blocks_footer_custom_js":"","ocean_post_layout":"","ocean_both_sidebars_style":"","ocean_both_sidebars_content_width":0,"ocean_both_sidebars_sidebars_width":0,"ocean_sidebar":"0","ocean_second_sidebar":"0","ocean_disable_margins":"enable","ocean_add_body_class":"","ocean_shortcode_before_top_bar":"","ocean_shortcode_after_top_bar":"","ocean_shortcode_before_header":"","ocean_shortcode_after_header":"","ocean_has_shortcode":"","ocean_shortcode_after_title":"","ocean_shortcode_before_footer_widgets":"","ocean_shortcode_after_footer_widgets":"","ocean_shortcode_before_footer_bottom":"","ocean_shortcode_after_footer_bottom":"","ocean_display_top_bar":"default","ocean_display_header":"default","ocean_header_style":"","ocean_center_header_left_menu":"0","ocean_custom_header_template":"0","ocean_custom_logo":0,"ocean_custom_retina_logo":0,"ocean_custom_logo_max_width":0,"ocean_custom_logo_tablet_max_width":0,"ocean_custom_logo_mobile_max_width":0,"ocean_custom_logo_max_height":0,"ocean_custom_logo_tablet_max_height":0,"ocean_custom_logo_mobile_max_height":0,"ocean_header_custom_menu":"0","ocean_menu_typo_font_family":"0","ocean_menu_typo_font_subset":"","ocean_menu_typo_font_size":0,"ocean_menu_typo_font_size_tablet":0,"ocean_menu_typo_font_size_mobile":0,"ocean_menu_typo_font_size_unit":"px","ocean_menu_typo_font_weight":"","ocean_menu_typo_font_weight_tablet":"","ocean_menu_typo_font_weight_mobile":"","ocean_menu_typo_transform":"","ocean_menu_typo_transform_tablet":"","ocean_menu_typo_transform_mobile":"","ocean_menu_typo_line_height":0,"ocean_menu_typo_line_height_tablet":0,"ocean_menu_typo_line_height_mobile":0,"ocean_menu_typo_line_height_unit":"","ocean_menu_typo_spacing":0,"ocean_menu_typo_spacing_tablet":0,"ocean_menu_typo_spacing_mobile":0,"ocean_menu_typo_spacing_unit":"","ocean_menu_link_color":"","ocean_menu_link_color_hover":"","ocean_menu_link_color_active":"","ocean_menu_link_background":"","ocean_menu_link_hover_background":"","ocean_menu_link_active_background":"","ocean_menu_social_links_bg":"","ocean_menu_social_hover_links_bg":"","ocean_menu_social_links_color":"","ocean_menu_social_hover_links_color":"","ocean_disable_title":"default","ocean_disable_heading":"default","ocean_post_title":"","ocean_post_subheading":"","ocean_post_title_style":"","ocean_post_title_background_color":"","ocean_post_title_background":0,"ocean_post_title_bg_image_position":"","ocean_post_title_bg_image_attachment":"","ocean_post_title_bg_image_repeat":"","ocean_post_title_bg_image_size":"","ocean_post_title_height":0,"ocean_post_title_bg_overlay":0.5,"ocean_post_title_bg_overlay_color":"","ocean_disable_breadcrumbs":"default","ocean_breadcrumbs_color":"","ocean_breadcrumbs_separator_color":"","ocean_breadcrumbs_links_color":"","ocean_breadcrumbs_links_hover_color":"","ocean_display_footer_widgets":"default","ocean_display_footer_bottom":"default","ocean_custom_footer_template":"0","footnotes":""},"class_list":["post-35","page","type-page","status-publish","hentry","entry","owp-thumbs-layout-vertical","owp-btn-normal","owp-tabs-layout-horizontal","has-no-thumbnails","circle-sale"],"taxonomy_info":[],"featured_image_src_large":false,"author_info":{"display_name":"Sportello Certificati","author_link":"https:\/\/www.sportellocertificati.it\/en\/author\/ninuzzosp\/"},"comment_info":0,"_links":{"self":[{"href":"https:\/\/www.sportellocertificati.it\/en\/wp-json\/wp\/v2\/pages\/35","targetHints":{"allow":["GET"]}}],"collection":[{"href":"https:\/\/www.sportellocertificati.it\/en\/wp-json\/wp\/v2\/pages"}],"about":[{"href":"https:\/\/www.sportellocertificati.it\/en\/wp-json\/wp\/v2\/types\/page"}],"author":[{"embeddable":true,"href":"https:\/\/www.sportellocertificati.it\/en\/wp-json\/wp\/v2\/users\/1"}],"replies":[{"embeddable":true,"href":"https:\/\/www.sportellocertificati.it\/en\/wp-json\/wp\/v2\/comments?post=35"}],"version-history":[{"count":0,"href":"https:\/\/www.sportellocertificati.it\/en\/wp-json\/wp\/v2\/pages\/35\/revisions"}],"wp:attachment":[{"href":"https:\/\/www.sportellocertificati.it\/en\/wp-json\/wp\/v2\/media?parent=35"}],"curies":[{"name":"wp","href":"https:\/\/api.w.org\/{rel}","templated":true}]}}