{"id":382,"date":"2019-01-05T01:34:44","date_gmt":"2019-01-05T01:34:44","guid":{"rendered":"https:\/\/www.sportellocertificati.it\/?post_type=product&#038;p=382"},"modified":"2025-07-31T09:38:18","modified_gmt":"2025-07-31T09:38:18","slug":"certificato-di-stato-di-famiglia","status":"publish","type":"product","link":"https:\/\/www.sportellocertificati.it\/en\/product\/certificato-di-stato-di-famiglia\/","title":{"rendered":"Certificato di Stato di Famiglia"},"content":{"rendered":"<h2>Il certificato di Stato di Famiglia \u00e8 il documento che riporta la composizione anagrafica di una famiglia. Il documento contiene i dati anagrafici di ogni persona appartenente allo stesso nucleo familiare.<\/h2>\n<p>Il certificato di Stato di Famiglia \u00e8 estratto direttamente dall\u2019Ufficio Anagrafe del Comune di riferimento. Pertanto, per richiederlo \u00e8 necessario essere a conoscenza del nome, del cognome, della data di nascita e del Comune di residenza della persona fisica sulla quale si intende ottenere il documento che attesti la composizione familiare dello stesso.<\/p>\n<h3>Cos\u2019\u00e8 il certificato di Stato di Famiglia? Chi pu\u00f2 richiederlo?<\/h3>\n<p>Il Certificato di Stato di Famiglia attesta la composizione anagrafica della famiglia. Secondo la Repubblica Italiana, per composizione anagrafica si intende far riferimento al concetto di famiglia \u201cagli effetti anagrafici\u201d, ovvero famiglia risultante dall\u2019ufficio anagrafe.<\/p>\n<p>I componenti della famiglia anagrafica sono persone debitamente iscritte allo stesso Ufficio Anagrafe, solitamente legate tra loro da un vincolo (matrimonio, adozione, affinit\u00e0, parentela) e coabitano nella stessa dimora dello stesso comune. Quindi, il certificato di Stato di Famiglia include anche i \u201cnon familiari\u201d (in senso stretto) che coabitano nello stesso stabile.<\/p>\n<p>Il certificato di Stato di Famiglia pu\u00f2 essere richiesto sia da diretti interessati sia da terzi (in tal caso alcuni comuni possono richiedere una specifica delega con copia del documento di identit\u00e0), purch\u00e9 gli stessi siano a conoscenza del nome completo, della data di nascita e del comune di residenza della persona fisica sulla quale si intende conoscere lo stato di famiglia.<\/p>\n<h3>Perch\u00e9 richiedere il certificato di stato di famiglia su Sportello Certificati?<\/h3>\n<p>Su Sportello Certificati ottieni il Certificato di Stato di Famiglia ufficiale rilasciato dall\u2019Ufficio Anagrafe e usufruisci delle caratteristiche che ci distinguono:<\/p>\n<ul>\n<li>Velocit\u00e0: puoi ottenere il certificato di stato di famiglia in un paio di click, l\u2019ordine verr\u00e0 immediatamente recepito dai nostri sistemi e messo in lavorazione.<\/li>\n<li>Assistenza: Sarete assistiti da persone e non da sistemi automatizzati, infatti ai nostri clienti garantiamo assistenza gratuita sette giorni su sette sia durante l\u2019ordine del servizio sia successivamente all\u2019erogazione dello stesso.<\/li>\n<li>Sicurezza: garantiamo ai nostri clienti la navigazione sicura con crittografia dati e gatewey di pagamento evoluti.<\/li>\n<\/ul>\n<h3>Cosa contiene il Certificato di Stato di Famiglia? Per quanto tempo \u00e8 valido?<\/h3>\n<p>Il Certificato di Stato di Famiglia riporta le informazioni anagrafiche dei componenti appartenenti allo stesso nucleo familiare risultanti dall\u2019Ufficio Anagrafe. In particolare, il documento attesta: nome, cognome, data di nascita, comune di residenza attuale, indirizzo di residenza attuale, di ogni singolo componente della famiglia anagrafica (che vive nella stessa abitazione), precisando l\u2019eventuale rapporto di parentela tra i vari componenti della stessa.<\/p>\n<p>Richiedere un Certificato di Stato di Famiglia pu\u00f2 essere utile al fine di: ottenere un mutuo, richiesta di assegni familiari, calcolo ISEE, stipula di un contratto di lavoro, stipula di un contratto di assicurazione (auto), infortuni sul lavoro, istituzione di un fondo familiare ecc.<\/p>\n<h3>Il valore temporale del certificato di Stato di Famiglia \u00e8 di sei mesi che decorrono della consegna del certificato.<\/h3>\n<p>Scaduti i sei mesi, il documento non \u00e8 pi\u00f9 valido e non garantisce la veridicit\u00e0 delle informazioni ivi contenute. Tuttavia, potr\u00e0 essere richiesto un nuovo certificato nelle modalit\u00e0 di seguito descritte.<\/p>\n<p>E\u2019 necessario far presente che i certificati di stato di famiglia ad uso notifica degli atti giudiziari sono esenti da marca da bollo ai sensi del DPR n. 115\/2002, poich\u00e9 si tratta di atti funzionali al procedimento giurisdizionale. In particolare, sono esenti tutti i certificati anagrafici (compreso quello di Stato di Famiglia) funzionali ai procedimenti giurisdizionali in materia di:<\/p>\n<ul>\n<li>\u00a0procedimenti in materia di affidamento di minore;<\/li>\n<li>\u00a0procedimenti in materia di adozione di minore;<\/li>\n<li>\u00a0procedimenti in materia di tutela di minore;<\/li>\n<li>\u00a0procedimenti in materia di scioglimento o cessazione degli effetti civili del matrimonio;<\/li>\n<li>\u00a0procedimenti in materia di assegni familiari;<\/li>\n<li>\u00a0procedimenti in materia di assicurazioni sociali obbligatorie;<\/li>\n<li>\u00a0procedimenti in materia di pensioni dirette;<\/li>\n<li>\u00a0procedimenti in materia di pensioni di reversibilit\u00e0;<\/li>\n<li>\u00a0procedimenti in materia di pubblico impiego;<\/li>\n<li>\u00a0procedimenti in materia di lavoro (controversie individuali);<\/li>\n<li>\u00a0procedimenti in materia di equo canone delle locazioni di immobili urbani;<\/li>\n<li>\u00a0procedimenti in materia di recupero crediti professionali dei difensori di ufficio;<\/li>\n<li>\u00a0procedimenti in materia di diritto penale.<\/li>\n<\/ul>\n<h3>Fanno eccezione i certificati di residenza richiesti per i rapporti tra privati che invece necessitano dell\u2019imposta di bollo di euro 16,00.<\/h3>\n<p>N.B. il certificato di Stato di Famiglia attesta i soggetti attualmente conviventi all\u2019interno della stessa dimora, non contiene informazioni sui precedenti componenti della famiglia anagrafica.<\/p>\n<p>Per ottenere informazioni circa tutti i componenti anche precedenti appartenenti allo stesso nucleo familiare \u00e8 necessario richiedere un ulteriore documento, ovvero, il certificato storico di Stato di Famiglia.<\/p>\n<h3>Cos\u2019\u00e8 il Certificato Storico di Stato di Famiglia? Perch\u00e9 richiederlo?<\/h3>\n<p>Il certificato Storico di Stato di Famiglia (detto anche Certificato Originario), contiene tutte le informazioni circa tutti i precedenti componenti appartenenti ad una specifica famiglia anagrafica. Pertanto, elenca tutti i dati anagrafici dei componenti del nucleo familiare di riferimento, compresi eventuali componenti deceduti o che hanno cambiato nucleo familiare nel corso del tempo (es. figli sposati). Il documento indica quindi tutte le variazioni (nell\u2019arco temporale specificato dal richiedente) del nucleo familiare di riferimento.<\/p>\n<p>N.B. Pu\u00f2 accadere che la data richiesta non sia presente negli archivi dell\u2019Ufficio dello Stato Civile del comune. In tal caso, il Certificato Storico di Stato di Famiglia verr\u00e0 chiesto dalla data pi\u00f9 vicina da quella indicata al momento della richiesta del servizio. Sar\u00e0 nostra cura avvisare tempestivamente il cliente.<\/p>\n<p>Le modalit\u00e0 di richiesta del certificato storico di Stato di Famiglia sono le stesse previste per il certificato ordinario, salvo una specifica indicazione sul periodo di tempo per il quale si intende conoscere le variazioni della famiglia anagrafica.<\/p>\n<h3>Tale documento pu\u00f2 essere richiesto dallo stesso interessato oppure da terzi (in tal caso alcuni comuni possono richiedere una specifica delega con copia del documento di identit\u00e0).<\/h3>\n<p>Per richiederlo \u00e8 necessario essere a conoscenza del nome completo del soggetto della sua data di nascita e del Comune di riferimento. Il certificato storico di residenza, conster\u00e0 dei seguenti elementi: nome, cognome, data di nascita, comune di residenza attuale, indirizzo di residenza attuale, indirizzo di residenza precedente, morte, nascita, cambio di residenza di tutti i componenti del nucleo familiare nel periodo di tempo specificato dal richiedente.<\/p>\n<p>Ad esempio, ottenere tale documento \u00e8 utile all\u2019apertura della successione per accertare la morte del de cuius e permettere agli eventuali eredi di subentrare.<\/p>\n<p>Come richiedere il Certificato di Stato di Famiglia\/Certificato Storico di Famiglia?<\/p>\n<p>Obtaining the document is very simple:<\/p>\n<ul>\n<li>compilare il form di richiesta<\/li>\n<li>aggiungere il servizio al carrello<\/li>\n<li>\u00a0andare alla cassa per completare il pagamento<\/li>\n<\/ul>\n<p>La registrazione \u00e8 necessaria solo per il primo acquisto. Per tutti gli acquisti successivi \u00e8 possibile utilizzare le credenziali di accesso immesse nella fase di registrazione.<\/p>\n<h3>In quanto tempo viene consegnato il Certificato di Stato di Famiglia? Come viene consegnato?<\/h3>\n<p>Il documento pu\u00f2 essere consegnato via e-mail in formato pdf o se richiesto via posta o corriere anche fuori dal territorio nazionale.<\/p>\n<p>Nello specifico, quando richiesto, l&#8217;originale cartaceo viene spedito:<\/p>\n<ul>\n<li>via posta prioritaria 1 sul territorio nazionale;<\/li>\n<li>via posta internazionale su tutto il territorio comunitario;<\/li>\n<li>via corriere internazionale espresso in nord e sud America (in sette giorni lavorativi).<\/li>\n<\/ul>\n<p>I tempi di consegna nella modalit\u00e0 standard sono mediamente 15 giorni lavorativi.\u00a0\u00c8 possibile per\u00f2 ottenere il certificato in tempi ridotti se la richiesta viene fatta nelle seguenti modalit\u00e0:<\/p>\n<ul>\n<li>\u00a0Fast: consegna a partire da 3 giorni lavorativi;<\/li>\n<li>Urgente: consegna a partire da 7 giorni lavorativi.<\/li>\n<\/ul>\n<p>Per chiarezza \u00e8 necessario specificare che non tutti i comuni hanno le medesime tempistiche di evasione dei certificati, pertanto i tempi suddetti per la richieste effettuate nelle modalit\u00e0 \u201cfast\u201d e \u201curgente\u201d potrebbero non essere rispettati per cause non a noi imputabili, tuttavia se ci\u00f2 si verifica, garantiamo ai nostri clienti il rimborso della somma versata extra per la consegna nei tempi ridotti.<\/p>\n<p><em><strong>N.B. I tempi di consegna si riferiscono al documento in formato pdf evaso via email.<\/strong><\/em><\/p>\n<h3>Importante: per il Certificato Storico sono necessari costi aggiuntivi di \u20ac 2,58 (carta semplice) 5,16 (in bollo) per ogni membro che compone il nucleo familiare. Il costo include anche eventuali bolli qualora richiesti per legge.<\/h3>\n<p>Anche in tale caso sar\u00e0 nostra cura avvertire il cliente per il costo ulteriore da versare.<\/p>\n<p>To ask for any clarification on the matter you can send your requests from the contact us page.<\/p>\n<p>Se preferite ci potete contattare \u00a0via e-mail all\u2019indirizzo info@sportellocertificati.it oppure via chat, accedendo dalla nostra homepage.<\/p>","protected":false},"excerpt":{"rendered":"<p><a href=\"https:\/\/www.sportellocertificati.it\/prodotto\/certificato-di-stato-di-famiglia\/#richiedi-qui-il-certificato\"><img loading=\"lazy\" decoding=\"async\" class=\"alignnone wp-image-1036\" src=\"https:\/\/www.sportellocertificati.it\/wp-content\/uploads\/2020\/05\/richiedi-il-certificato-qui-2.png\" alt=\"\" width=\"240\" height=\"43\" srcset=\"https:\/\/www.sportellocertificati.it\/wp-content\/uploads\/2020\/05\/richiedi-il-certificato-qui-2.png 737w, https:\/\/www.sportellocertificati.it\/wp-content\/uploads\/2020\/05\/richiedi-il-certificato-qui-2-300x54.png 300w, https:\/\/www.sportellocertificati.it\/wp-content\/uploads\/2020\/05\/richiedi-il-certificato-qui-2-600x107.png 600w\" sizes=\"auto, (max-width: 240px) 100vw, 240px\" \/><\/a><\/p>\n<ul>\n<li style=\"list-style-type: none;\">\n<ul>\n<li>Il Certificato di stato di famiglia attesta la composizione anagrafica di una famiglia residente in un determinato Comune.<\/li>\n<li>Riporta i seguenti dati: i dati anagrafici di tutti i soggetti appartenenti alla stessa famiglia.<\/li>\n<li>Su Sportello Certificati ricevi il documento ufficiale rilasciato dall\u2019Ufficio di Anagrafe del comune di residenza della famiglia.<\/li>\n<li>Richiedi il certificato in qualunque comune presente sul territorio nazionale.<\/li>\n<li>Consegna via e-mail a partire da 3 giorni lavorativi.<\/li>\n<li>Spedizione via posta\/corriere anche fuori dai confini nazionali.<\/li>\n<li>B2B service for law firms, professional firms and companies.<\/li>\n<li>24 hour customer service by phone, email, chat, whatsApp.<\/li>\n<li>Secure payment systems with data encryption.<\/li>\n<li>Get the document in a few clicks.<\/li>\n<\/ul>\n<\/li>\n<\/ul>\n<p><em><strong>Do you have special needs? Contact us, we will find a way to get your document as soon as possible!<\/strong><\/em><\/p>\n<p><a name=\"richiedi-qui-il-certificato\"><\/a><\/p>\n<p><a href=\"https:\/\/www.sportellocertificati.it\/prodotto\/certificato-di-stato-di-famiglia\/#tab-description\">&gt; leggi la descrizione completa<\/a><\/p>\n<hr \/>\n<p><em><strong>&#8211; Clicca per visualizzare il documento<\/strong><\/em><\/p>\n<p><a href=\"https:\/\/www.sportellocertificati.it\/wp-content\/uploads\/2019\/05\/esempio-certificato-di-stato-di-famiglia.pdf\" target=\"_blank\" rel=\"noopener noreferrer\">Esempio Certificato di Stato di Famiglia;<\/a><\/p>\n<p><a href=\"https:\/\/www.sportellocertificati.it\/wp-content\/uploads\/2019\/05\/esempio-certificato-storico-di-stato-di-famiglia.pdf\" target=\"_blank\" rel=\"noopener noreferrer\">Esempio Certificato Storico di Stato di Famiglia<\/a><\/p>","protected":false},"featured_media":29982,"comment_status":"open","ping_status":"closed","template":"","meta":{"_kad_blocks_custom_css":"","_kad_blocks_head_custom_js":"","_kad_blocks_body_custom_js":"","_kad_blocks_footer_custom_js":"","ocean_post_layout":"","ocean_both_sidebars_style":"","ocean_both_sidebars_content_width":0,"ocean_both_sidebars_sidebars_width":0,"ocean_sidebar":"0","ocean_second_sidebar":"0","ocean_disable_margins":"enable","ocean_add_body_class":"","ocean_shortcode_before_top_bar":"","ocean_shortcode_after_top_bar":"","ocean_shortcode_before_header":"","ocean_shortcode_after_header":"","ocean_has_shortcode":"","ocean_shortcode_after_title":"","ocean_shortcode_before_footer_widgets":"","ocean_shortcode_after_footer_widgets":"","ocean_shortcode_before_footer_bottom":"","ocean_shortcode_after_footer_bottom":"","ocean_display_top_bar":"default","ocean_display_header":"default","ocean_header_style":"","ocean_center_header_left_menu":"0","ocean_custom_header_template":"0","ocean_custom_logo":0,"ocean_custom_retina_logo":0,"ocean_custom_logo_max_width":0,"ocean_custom_logo_tablet_max_width":0,"ocean_custom_logo_mobile_max_width":0,"ocean_custom_logo_max_height":0,"ocean_custom_logo_tablet_max_height":0,"ocean_custom_logo_mobile_max_height":0,"ocean_header_custom_menu":"0","ocean_menu_typo_font_family":"0","ocean_menu_typo_font_subset":"","ocean_menu_typo_font_size":0,"ocean_menu_typo_font_size_tablet":0,"ocean_menu_typo_font_size_mobile":0,"ocean_menu_typo_font_size_unit":"px","ocean_menu_typo_font_weight":"","ocean_menu_typo_font_weight_tablet":"","ocean_menu_typo_font_weight_mobile":"","ocean_menu_typo_transform":"","ocean_menu_typo_transform_tablet":"","ocean_menu_typo_transform_mobile":"","ocean_menu_typo_line_height":0,"ocean_menu_typo_line_height_tablet":0,"ocean_menu_typo_line_height_mobile":0,"ocean_menu_typo_line_height_unit":"","ocean_menu_typo_spacing":0,"ocean_menu_typo_spacing_tablet":0,"ocean_menu_typo_spacing_mobile":0,"ocean_menu_typo_spacing_unit":"","ocean_menu_link_color":"","ocean_menu_link_color_hover":"","ocean_menu_link_color_active":"","ocean_menu_link_background":"","ocean_menu_link_hover_background":"","ocean_menu_link_active_background":"","ocean_menu_social_links_bg":"","ocean_menu_social_hover_links_bg":"","ocean_menu_social_links_color":"","ocean_menu_social_hover_links_color":"","ocean_disable_title":"default","ocean_disable_heading":"default","ocean_post_title":"","ocean_post_subheading":"","ocean_post_title_style":"","ocean_post_title_background_color":"","ocean_post_title_background":0,"ocean_post_title_bg_image_position":"","ocean_post_title_bg_image_attachment":"","ocean_post_title_bg_image_repeat":"","ocean_post_title_bg_image_size":"","ocean_post_title_height":0,"ocean_post_title_bg_overlay":0.5,"ocean_post_title_bg_overlay_color":"","ocean_disable_breadcrumbs":"default","ocean_breadcrumbs_color":"","ocean_breadcrumbs_separator_color":"","ocean_breadcrumbs_links_color":"","ocean_breadcrumbs_links_hover_color":"","ocean_display_footer_widgets":"default","ocean_display_footer_bottom":"default","ocean_custom_footer_template":"0"},"product_brand":[],"product_cat":[19],"product_tag":[23],"class_list":{"0":"post-382","1":"product","2":"type-product","3":"status-publish","4":"has-post-thumbnail","6":"product_cat-anagrafe","7":"product_tag-certificati-comunali","9":"entry","10":"has-media","12":"first","13":"instock","14":"virtual","15":"sold-individually","16":"taxable","17":"purchasable","18":"product-type-simple","19":"has-rating","20":"col","21":"span_1_of_5","22":"owp-content-center","23":"owp-thumbs-layout-vertical","24":"owp-btn-normal","25":"owp-tabs-layout-horizontal","26":"has-no-thumbnails","27":"circle-sale"},"taxonomy_info":{"product_cat":[{"value":19,"label":"Anagrafe"}],"product_tag":[{"value":23,"label":"Certificati Comunali"}]},"featured_image_src_large":["https:\/\/www.sportellocertificati.it\/wp-content\/uploads\/2019\/01\/certificato-di-stato-di-famiglia.jpg",800,800,false],"author_info":[],"comment_info":11,"_links":{"self":[{"href":"https:\/\/www.sportellocertificati.it\/en\/wp-json\/wp\/v2\/product\/382","targetHints":{"allow":["GET"]}}],"collection":[{"href":"https:\/\/www.sportellocertificati.it\/en\/wp-json\/wp\/v2\/product"}],"about":[{"href":"https:\/\/www.sportellocertificati.it\/en\/wp-json\/wp\/v2\/types\/product"}],"replies":[{"embeddable":true,"href":"https:\/\/www.sportellocertificati.it\/en\/wp-json\/wp\/v2\/comments?post=382"}],"wp:featuredmedia":[{"embeddable":true,"href":"https:\/\/www.sportellocertificati.it\/en\/wp-json\/wp\/v2\/media\/29982"}],"wp:attachment":[{"href":"https:\/\/www.sportellocertificati.it\/en\/wp-json\/wp\/v2\/media?parent=382"}],"wp:term":[{"taxonomy":"product_brand","embeddable":true,"href":"https:\/\/www.sportellocertificati.it\/en\/wp-json\/wp\/v2\/product_brand?post=382"},{"taxonomy":"product_cat","embeddable":true,"href":"https:\/\/www.sportellocertificati.it\/en\/wp-json\/wp\/v2\/product_cat?post=382"},{"taxonomy":"product_tag","embeddable":true,"href":"https:\/\/www.sportellocertificati.it\/en\/wp-json\/wp\/v2\/product_tag?post=382"}],"curies":[{"name":"wp","href":"https:\/\/api.w.org\/{rel}","templated":true}]}}