{"id":406,"date":"2019-01-08T23:18:53","date_gmt":"2019-01-08T23:18:53","guid":{"rendered":"https:\/\/www.sportellocertificati.it\/?post_type=product&#038;p=406"},"modified":"2025-11-12T08:15:04","modified_gmt":"2025-11-12T08:15:04","slug":"estratto-atto-di-morte","status":"publish","type":"product","link":"https:\/\/www.sportellocertificati.it\/en\/product\/estratto-atto-di-morte\/","title":{"rendered":"Estratto Atto di Morte"},"content":{"rendered":"<h2><b>L\u2019estratto atto di morte \u00e8 un documento che attesta la morte di una persona fisica.\u00a0<\/b><\/h2>\n<p>L&#8217;Estratto atto di morte fa parte dei certificati di stato civile, in quanto riporta i dati personali della persona fisica annotati sui registri di stato civile del Comune. Per richiederlo \u00e8 necessario conoscere il nome, il cognome, la data di nascita, il luogo di nascita e il Comune di ultima residenza del defunto, oppure, se il Comune dove \u00e8 avvenuto il decesso \u00e8 diverso, deve essere indicato il Comune del decesso.<\/p>\n<h3>Cos\u2019\u00e8 l\u2019estratto dell\u2019atto di morte? Chi pu\u00f2 richiederlo?<\/h3>\n<p>L\u2019estratto per riassunto dell\u2019atto di morte contiene la data e il luogo di morte di una persona fisica pi\u00f9 eventuali annotazioni riguardarti il defunto.<\/p>\n<p>Le annotazioni sono direttamente estrapolate dall\u2019atto di morte e, in genere, consistono nell\u2019indicazione del coniuge o dei figli della persona deceduta.<\/p>\n<h3>Perch\u00e9 richiederlo su Sportello Certificati?<\/h3>\n<p>Su Sportello Certificati ottieni l\u2019estratto dell\u2019atto di morte rilasciato direttamente dal Comune di riferimento e usufruisci delle caratteristiche che ci distinguono:<\/p>\n<ul>\n<li>Velocit\u00e0: puoi ottenere l\u2019estratto di morte in un paio di click, l\u2019ordine verr\u00e0 immediatamente recepito dai nostri sistemi e messo in lavorazione.<\/li>\n<li>Assistance: You will be assisted by people and not by automated systems, in fact to our customers we guarantee free assistance seven days a week during the order of the service and after the delivery of the same.<\/li>\n<li>Security: we guarantee our customers secure navigation with advanced data encryption and payment gateways.<\/li>\n<\/ul>\n<h3>Cosa contiene l\u2019estratto di morte? Per quanto tempo \u00e8 valido? Perch\u00e9 richiederlo?<\/h3>\n<p>L\u2019estratto per riassunto dell\u2019atto di morte, \u00e8 il documento che contiene le informazioni circa il decesso del defunto con annotazioni sullo stato di parentela dello stesso.<\/p>\n<p>Diversamente dal <a href=\"https:\/\/www.sportellocertificati.it\/prodotto\/certificato-di-morte\/\">certificato di morte<\/a> che riporta soltanto: nome, cognome, data e luogo del decesso, l\u2019estratto per riassunto dell\u2019atto di morte contiene informazioni maggiori, in particolare:<\/p>\n<ul>\n<li>Nome del defunto;<\/li>\n<li>Cognome del defunto;<\/li>\n<li>Data del decesso;<\/li>\n<li>Luogo del decesso;<\/li>\n<li>Numero di registrazione dell\u2019atto di morte dal quale risulta il decesso.<\/li>\n<li>Indicazioni sullo stato parentale del defunto (es. coniuge sign.ra Caia, figlio dott. Tizio)<\/li>\n<\/ul>\n<p>L\u2019Estratto dell\u2019atto di morte, cos\u00ec come per tutti i certificati\/estratti di stato civile, \u00e8 esente dal pagamento di imposta di bollo.<\/p>\n<h3>L\u2019estratto di morte ha validit\u00e0 illimitata sul tutto il territorio nazionale.<\/h3>\n<p>Posto che contiene informazioni ulteriori sul defunto \u00e8 in genere richiesto al fine di accertare una filiazione, ma \u00e8 comunque un documento necessario richiesto al fine dell\u2019apertura di una successione o per la pubblicazione di un testamento. Pu\u00f2 essere utile anche ai fini della dismissione delle utenze domestiche o dei servizi pensionistici, o per attivare dei servizi previdenziali ecc&#8230;<\/p>\n<h3>Cos\u2019\u00e8 estratto dell\u2019atto di morte multilingua?<\/h3>\n<p>L\u2019estratto dell\u2019atto di morte multilingua \u00e8 redatto per l\u2019utilizzo del documento all\u2019estero.<\/p>\n<p>Lo stesso, viene rilasciato dal Comune di riferimento su specifico modello standard dettato dalla <strong>Convenzione di Vienna dell\u20198\/9\/1976.<\/strong><\/p>\n<p>Pu\u00f2 essere richiesto su tutto il territorio nazionale dall\u2019interessato o con specifica delega accompagnata da copia del documento di identit\u00e0.<\/p>\n<p>Il richiedente deve essere a conoscenza del nome, cognome, e comune di residenza del defunto\/comune del decesso.<\/p>\n<p>L\u2019<strong>estratto di morte multilingua<\/strong> attesta nome, cognome, data e luogo di morte e eventuali riferimenti parentali del defunto e non necessita di traduzione. Il modello cos\u00ec redatto \u00e8 valido e riconosciuto in tutti i paesi che hanno aderito alla Convenzione di Vienna del \u201876 ovvero: <strong>Argentina, Austria, Belgio, Bosnia-Erzegovina, Francia, Germania, Croazia, Lituania, Lussemburgo, Macedonia, Paesi Bassi, Polonia, Portogallo, Repubblica Moldova, Serbia e Montenegro, Slovenia, Spagna, Svizzera e Turchia.<\/strong><\/p>\n<h3>L\u2019estratto multilingua non ha scadenza.<\/h3>\n<p>Il comune pu\u00f2 rilasciare il modello plurilingue dell\u2019estratto di morte con bollo o senza bollo. In caso imposta di bollo la stessa \u00e8 di euro 16,00 + 0,26 per i diritti di segreteria, in caso di mancanza di imposta di bollo, si dovranno soltanto euro 0,26 per i diritti di segreteria.<\/p>\n<p>N.B. se vuoi conoscere tutte le informazioni circa la morte del defunto \u00e8 necessario richiedere un ulteriore documento, ovvero, la copia integrale dell\u2019atto di morte.<\/p>\n<h3>Cos\u2019\u00e8 la copia integrale dell\u2019atto di morte? Chi pu\u00f2 richiederla?<\/h3>\n<p>La copia integrale dell\u2019atto di morte \u00e8 il documento pi\u00f9 completo riguardate la morte di una persona fisica. Infatti riporta integralmente l\u2019atto di morte del defunto. Diversamente dal certificato di morte o dall\u2019estratto dell\u2019atto di morte che contengono solo l\u2019attestazione dell\u2019ufficiale comunale circa l\u2019esistenza di un documento che attesta la morte della persona fisica, la copia integrale dell\u2019atto di morte \u00e8 la copia del documento in cui un pubblico ufficiale attesta che la dichiarazione di morte del defunto \u00e8 avvenuta in sua presenza (solitamente dichiarata da un parente, addetto alle onoranze funebri, medico se la morte \u00e8 avvenuta in ospedale).<\/p>\n<p>La copia integrale dell\u2019atto di morte \u00e8 quindi la copia dell\u2019atto redatto direttamente dall\u2019ufficiale di stato civile del comune di appartenenza del defunto (o del comune in cui \u00e8 avvenuto il decesso). Pertanto, la copia integrale dell\u2019atto di morte contiene: nome, cognome, luogo e data del decesso, residenza, cittadinanza e parentela (anche eventualmente deceduta) del defunto, con aggiunta sulle generalit\u00e0 del soggetto che ne ha dichiarato la morte.<\/p>\n<p>\u00c8 necessario chiarire che in caso di richiesta della copia integrale dell\u2019atto di morte, questa potr\u00e0 essere rilasciata soltanto ai soggetti cui si riferisce l\u2019atto di morte, ovvero un parente, o comunque una persona che abbia un interesse giuridicamente rilevante. Nel caso suddetto, nella richiesta dovr\u00e0 essere indicata la motivazione che subordina il rilascio della copia integrale dell\u2019atto di morte.<\/p>\n<p>La copia integrale dell\u2019atto di morte potr\u00e0 essere richiesta e rilasciata da chiunque abbia interesse soltanto trascorsi 70 anni dalla formazione dell\u2019atto di morte.<\/p>\n<h3>Come richiedere l\u2019estratto dell\u2019atto di morte\/estratto per atto di morte multilingua\/copia integrale dell\u2019atto di morte su Sportello Certificati?<\/h3>\n<p>Obtaining the document is very simple:<\/p>\n<ul>\n<li>compilare il form di richiesta,<\/li>\n<li>aggiungere il servizio al carrello,<\/li>\n<li>go to the checkout to complete the payment.<\/li>\n<\/ul>\n<p>La registrazione \u00e8 necessaria solo per il primo acquisto. Per tutti gli acquisti successivi \u00e8 possibile utilizzare le credenziali di accesso immesse nella fase di registrazione.<\/p>\n<h3>In quanto tempo viene consegnato l\u2019estratto di morte\/estratto di morte di morte multilingua\/ Copia integrale dell\u2019atto di morte? Come viene consegnato?<\/h3>\n<p>Il certificato pu\u00f2 essere consegnato via e-mail in formato pdf o se richiesto via posta o corriere anche fuori dal territorio nazionale.<\/p>\n<p>Nello specifico, se richiesto, l&#8217;originale cartaceo viene spedito:<\/p>\n<ul>\n<li>via posta prioritaria 1 sul territorio nazionale;<\/li>\n<li>via posta internazionale su tutto il territorio comunitario;<\/li>\n<li>via corriere internazionale espresso in nord e sud America (in sette giorni lavorativi).<\/li>\n<\/ul>\n<p>I tempi di consegna del documento nella modalit\u00e0 standard sono mediamente 15 giorni lavorativi.\u00a0\u00c8 possibile per\u00f2 ottenere il certificato in tempi ridotti se la richiesta viene fatta nelle seguenti modalit\u00e0:<\/p>\n<ul>\n<li>\u00a0Fast: consegna a partire da 3 giorni lavorativi;<\/li>\n<li>Urgente: consegna a partire da 7 giorni lavorativi.<\/li>\n<li>Apostillati \/ legalizzati o antecedenti al 1930 circa 40 giorni lavorativi<\/li>\n<\/ul>\n<p>Per chiarezza \u00e8 necessario specificare che non tutti i comuni hanno le medesime tempistiche di evasione dei certificati, pertanto i tempi suddetti per la richieste effettuate nelle modalit\u00e0 \u201cfast\u201d e \u201curgente\u201d potrebbero non essere rispettati per cause non a noi imputabili, tuttavia se ci\u00f2 si verifica, garantiamo ai nostri clienti il rimborso della somma versata extra per la consegna nei tempi ridotti.<\/p>\n<p><em><strong>N.B. I tempi di consegna si riferiscono al documento in formato pdf evaso via email.<\/strong><\/em><\/p>\n<p>To ask for any clarification on the matter you can send your requests from the contact us page.<\/p>\n<p>Se preferite ci potete contattare via e-mail all\u2019indirizzo info@sportellocertificati.it oppure via chat, accedendo dalla nostra homepage.<\/p>\n<p>&nbsp;<\/p>\n<p><strong>IMPORTANTE: Si fa presente che si stanno verificando dei grossi ritardi nel rilascio dei documenti presso il Comune di Roma.Pertanto non si garantiscono i tempi di evasione.<\/strong><\/p>","protected":false},"excerpt":{"rendered":"<p><a href=\"https:\/\/www.sportellocertificati.it\/prodotto\/estratto-atto-di-morte\/#richiedi-qui-il-certificato\"><img loading=\"lazy\" decoding=\"async\" class=\"alignnone wp-image-1036\" src=\"https:\/\/www.sportellocertificati.it\/wp-content\/uploads\/2020\/05\/richiedi-il-certificato-qui-2.png\" alt=\"\" width=\"240\" height=\"43\" srcset=\"https:\/\/www.sportellocertificati.it\/wp-content\/uploads\/2020\/05\/richiedi-il-certificato-qui-2.png 737w, https:\/\/www.sportellocertificati.it\/wp-content\/uploads\/2020\/05\/richiedi-il-certificato-qui-2-300x54.png 300w, https:\/\/www.sportellocertificati.it\/wp-content\/uploads\/2020\/05\/richiedi-il-certificato-qui-2-600x107.png 600w\" sizes=\"auto, (max-width: 240px) 100vw, 240px\" \/><\/a><\/p>\n<ul>\n<li>L\u2019Estratto dell\u2019Atto di Morte attesta la morte di una persona fisica ed ulteriori informazioni estrapolate dall\u2019Atto di Morte.<\/li>\n<li>Riporta i seguenti dati: nome completo del soggetto, data e luogo di morte con eventuali annotazioni circa lo stato parentale del defunto.<\/li>\n<li>Puoi richiedere anche l\u2019Estratto dell\u2019Atto di Morte multilingue o la copia integrale dell\u2019Atto di Morte.<\/li>\n<li>Su Sportello Certificati ricevi il documento ufficiale rilasciato dall\u2019Ufficio di Stato Civile del comune nel quale \u00e8 avvenuto il decesso della persona.<\/li>\n<li>Richiedi il certificato in qualunque comune presente sul territorio nazionale.<\/li>\n<li>Consegna via e-mail a partire da 3 giorni lavorativi.<\/li>\n<li>Spedizione via posta\/corriere anche fuori dai confini nazionali.<\/li>\n<li>B2B service for law firms, professional firms and companies.<\/li>\n<li>Assistenza clienti h24 via telefono, email, chat, whatsapp.<\/li>\n<li>Secure payment systems with data encryption.<\/li>\n<li>Get the document in a few clicks.<\/li>\n<\/ul>\n<p><em><strong>Do you have special needs? Contact us, we will find a way to get your document as soon as possible!<\/strong><\/em><\/p>\n<p><a href=\"https:\/\/www.sportellocertificati.it\/prodotto\/estratto-atto-di-morte\/#tab-description\">&gt; Leggi la descrizione completa<\/a><br \/>\n<a name=\"richiedi-qui-il-certificato\"><\/a><\/p>\n<hr \/>\n<p><em><strong>-Clicca per visualizzare il documento<\/strong><\/em><\/p>\n<p><a href=\"https:\/\/www.sportellocertificati.it\/wp-content\/uploads\/2019\/05\/Esempio-estratto-atto-di-morte.pdf\" target=\"_blank\" rel=\"noopener noreferrer\">Esempio Estratto Atto di Morte<\/a><\/p>","protected":false},"featured_media":29988,"comment_status":"open","ping_status":"closed","template":"","meta":{"_kad_blocks_custom_css":"","_kad_blocks_head_custom_js":"","_kad_blocks_body_custom_js":"","_kad_blocks_footer_custom_js":"","ocean_post_layout":"","ocean_both_sidebars_style":"","ocean_both_sidebars_content_width":0,"ocean_both_sidebars_sidebars_width":0,"ocean_sidebar":"0","ocean_second_sidebar":"0","ocean_disable_margins":"enable","ocean_add_body_class":"","ocean_shortcode_before_top_bar":"","ocean_shortcode_after_top_bar":"","ocean_shortcode_before_header":"","ocean_shortcode_after_header":"","ocean_has_shortcode":"","ocean_shortcode_after_title":"","ocean_shortcode_before_footer_widgets":"","ocean_shortcode_after_footer_widgets":"","ocean_shortcode_before_footer_bottom":"","ocean_shortcode_after_footer_bottom":"","ocean_display_top_bar":"default","ocean_display_header":"default","ocean_header_style":"","ocean_center_header_left_menu":"0","ocean_custom_header_template":"0","ocean_custom_logo":0,"ocean_custom_retina_logo":0,"ocean_custom_logo_max_width":0,"ocean_custom_logo_tablet_max_width":0,"ocean_custom_logo_mobile_max_width":0,"ocean_custom_logo_max_height":0,"ocean_custom_logo_tablet_max_height":0,"ocean_custom_logo_mobile_max_height":0,"ocean_header_custom_menu":"0","ocean_menu_typo_font_family":"0","ocean_menu_typo_font_subset":"","ocean_menu_typo_font_size":0,"ocean_menu_typo_font_size_tablet":0,"ocean_menu_typo_font_size_mobile":0,"ocean_menu_typo_font_size_unit":"px","ocean_menu_typo_font_weight":"","ocean_menu_typo_font_weight_tablet":"","ocean_menu_typo_font_weight_mobile":"","ocean_menu_typo_transform":"","ocean_menu_typo_transform_tablet":"","ocean_menu_typo_transform_mobile":"","ocean_menu_typo_line_height":0,"ocean_menu_typo_line_height_tablet":0,"ocean_menu_typo_line_height_mobile":0,"ocean_menu_typo_line_height_unit":"","ocean_menu_typo_spacing":0,"ocean_menu_typo_spacing_tablet":0,"ocean_menu_typo_spacing_mobile":0,"ocean_menu_typo_spacing_unit":"","ocean_menu_link_color":"","ocean_menu_link_color_hover":"","ocean_menu_link_color_active":"","ocean_menu_link_background":"","ocean_menu_link_hover_background":"","ocean_menu_link_active_background":"","ocean_menu_social_links_bg":"","ocean_menu_social_hover_links_bg":"","ocean_menu_social_links_color":"","ocean_menu_social_hover_links_color":"","ocean_disable_title":"default","ocean_disable_heading":"default","ocean_post_title":"","ocean_post_subheading":"","ocean_post_title_style":"","ocean_post_title_background_color":"","ocean_post_title_background":0,"ocean_post_title_bg_image_position":"","ocean_post_title_bg_image_attachment":"","ocean_post_title_bg_image_repeat":"","ocean_post_title_bg_image_size":"","ocean_post_title_height":0,"ocean_post_title_bg_overlay":0.5,"ocean_post_title_bg_overlay_color":"","ocean_disable_breadcrumbs":"default","ocean_breadcrumbs_color":"","ocean_breadcrumbs_separator_color":"","ocean_breadcrumbs_links_color":"","ocean_breadcrumbs_links_hover_color":"","ocean_display_footer_widgets":"default","ocean_display_footer_bottom":"default","ocean_custom_footer_template":"0"},"product_brand":[],"product_cat":[20],"product_tag":[23],"class_list":{"0":"post-406","1":"product","2":"type-product","3":"status-publish","4":"has-post-thumbnail","6":"product_cat-stato-civile","7":"product_tag-certificati-comunali","9":"entry","10":"has-media","12":"first","13":"instock","14":"virtual","15":"sold-individually","16":"taxable","17":"purchasable","18":"product-type-simple","19":"has-rating","20":"col","21":"span_1_of_5","22":"owp-content-center","23":"owp-thumbs-layout-vertical","24":"owp-btn-normal","25":"owp-tabs-layout-horizontal","26":"has-no-thumbnails","27":"circle-sale"},"taxonomy_info":{"product_cat":[{"value":20,"label":"Stato Civile"}],"product_tag":[{"value":23,"label":"Certificati Comunali"}]},"featured_image_src_large":["https:\/\/www.sportellocertificati.it\/wp-content\/uploads\/2019\/01\/estratto-di-morte.jpg",800,800,false],"author_info":[],"comment_info":1,"_links":{"self":[{"href":"https:\/\/www.sportellocertificati.it\/en\/wp-json\/wp\/v2\/product\/406","targetHints":{"allow":["GET"]}}],"collection":[{"href":"https:\/\/www.sportellocertificati.it\/en\/wp-json\/wp\/v2\/product"}],"about":[{"href":"https:\/\/www.sportellocertificati.it\/en\/wp-json\/wp\/v2\/types\/product"}],"replies":[{"embeddable":true,"href":"https:\/\/www.sportellocertificati.it\/en\/wp-json\/wp\/v2\/comments?post=406"}],"wp:featuredmedia":[{"embeddable":true,"href":"https:\/\/www.sportellocertificati.it\/en\/wp-json\/wp\/v2\/media\/29988"}],"wp:attachment":[{"href":"https:\/\/www.sportellocertificati.it\/en\/wp-json\/wp\/v2\/media?parent=406"}],"wp:term":[{"taxonomy":"product_brand","embeddable":true,"href":"https:\/\/www.sportellocertificati.it\/en\/wp-json\/wp\/v2\/product_brand?post=406"},{"taxonomy":"product_cat","embeddable":true,"href":"https:\/\/www.sportellocertificati.it\/en\/wp-json\/wp\/v2\/product_cat?post=406"},{"taxonomy":"product_tag","embeddable":true,"href":"https:\/\/www.sportellocertificati.it\/en\/wp-json\/wp\/v2\/product_tag?post=406"}],"curies":[{"name":"wp","href":"https:\/\/api.w.org\/{rel}","templated":true}]}}