{"id":413,"date":"2019-01-10T00:03:38","date_gmt":"2019-01-10T00:03:38","guid":{"rendered":"https:\/\/www.sportellocertificati.it\/?post_type=product&#038;p=413"},"modified":"2025-11-12T08:14:42","modified_gmt":"2025-11-12T08:14:42","slug":"certificato-di-matrimonio","status":"publish","type":"product","link":"https:\/\/www.sportellocertificati.it\/en\/product\/certificato-di-matrimonio\/","title":{"rendered":"Certificato di Matrimonio"},"content":{"rendered":"<h2>Il certificato di Matrimonio \u00e8 il documento che attesta il matrimonio civile dei coniugi celebrato in Comune italiano.<\/h2>\n<p>Il certificato di Matrimonio riporta i dati anagrafici dei due coniugi, ed \u00e8 estratto direttamente dall\u2019Ufficio Di Stato Civile del Comune di riferimento. Pertanto, per richiederlo \u00e8 necessario essere a conoscenza del nome, del cognome, della data di nascita di almeno uno dei due coniugi del Comune in cui \u00e8 stato celebrato il matrimonio.<\/p>\n<h3>Cos\u2019\u00e8 il certificato di Matrimonio? Chi pu\u00f2 richiederlo?<\/h3>\n<p>Il Certificato di Matrimonio certifica l\u2019evento matrimonio avvenuto tra due soggetti, oltre ad accertare i dati anagrafici degli stessi trascritti nel registro di stato civile.<\/p>\n<p>Il certificato di Matrimonio deve essere richiesto nel comune di celebrazione del matrimonio e pu\u00f2 essere richiesto sia da diretti interessati sia da terzi, purch\u00e9 quest\u2019ultimi, siano a conoscenza del nome completo, della data di nascita di almeno uno dei due sposi e del comune nel quale gli stessi sono convolati a nozze.<\/p>\n<p>Perch\u00e9 richiedere il Certificato di Matrimonio su Sportello Certificati? Su Sportello Certificati ottieni il certificato di matrimonio ufficiale rilasciato dall\u2019Ufficio di Stato Civile del comune di riferimento e usufruisci delle caratteristiche che ci distinguono:<\/p>\n<ul>\n<li>Velocit\u00e0: puoi ottenere il certificato di Matrimonio in un paio di click, l\u2019ordine verr\u00e0 immediatamente recepito dai nostri sistemi e messo in lavorazione.<\/li>\n<li>Assistance: You will be assisted by people and not by automated systems, in fact to our customers we guarantee free assistance seven days a week during the order of the service and after the delivery of the same.<\/li>\n<li>Sicurezza: garantiamo ai nostri clienti la navigazione sicura con crittografia dati e Gateway di pagamento evoluti.<\/li>\n<\/ul>\n<h3>Cosa contiene il Certificato di Matrimonio? Per quanto tempo \u00e8 valido?<\/h3>\n<p>Il Certificato di Matrimonio riporta le informazioni anagrafiche dei coniugi e le informazioni relative al matrimonio civile avvenuto tra gli stessi. In particolare il documento attesta:<\/p>\n<ul>\n<li>Nome dei coniugi;<\/li>\n<li>Cognome dei coniugi;<\/li>\n<li>Data e luogo di nascita dei coniugi;<\/li>\n<li>Comune di residenza attuale dei coniugi;<\/li>\n<li>Data di celebrazione del matrimonio (con eventuale annotazione dell\u2019ora).<\/li>\n<\/ul>\n<p>Richiedere un Certificato di Matrimonio pu\u00f2 essere utile al fine di: ottenere un mutuo, variare il regime patrimoniale dei coniugi, istituzione di un fondo familiare, sbrigare le pratiche di divorzio ecc..<\/p>\n<p>Il valore temporale del certificato di Matrimonio \u00e8 di sei mesi che decorrono della consegna del certificato. Scaduti i sei mesi, il documento non \u00e8 pi\u00f9 valido e non garantisce la veridicit\u00e0 delle informazioni ivi contenute. Tuttavia \u00e8 possibile prolungarne la durata dichiarando da parte del soggetto interessato che lo stato civile matrimoniale non ha subito alcuna variazione. In ogni caso, potr\u00e0 essere richiesto un nuovo certificato nelle modalit\u00e0 di seguito descritte.<\/p>\n<p>E\u2019 necessario far presente che i certificati di matrimonio sono esenti da marca da bollo, anche se richiesti ad uso notifica degli atti giudiziari (ai sensi del DPR n. 115\/2002), poich\u00e9 si tratta di atti funzionali al procedimento giurisdizionale. In particolare, con riferimento ai procedimenti giurisdizionali in materia di:<\/p>\n<ul>\n<li>procedimenti in materia di affidamento di minore;<\/li>\n<li>procedimenti in materia di adozione di minore;<\/li>\n<li>procedimenti in materia di tutela di minore;<\/li>\n<li>procedimenti in materia di scioglimento o cessazione degli effetti civili del matrimonio;<\/li>\n<li>procedimenti in materia di assegni familiari;<\/li>\n<li>procedimenti in materia di assicurazioni sociali obbligatorie;<\/li>\n<li>procedimenti in materia di pensioni dirette;<\/li>\n<li>procedimenti in materia di pensioni di reversibilit\u00e0;<\/li>\n<li>procedimenti in materia di pubblico impiego;<\/li>\n<li>procedimenti in materia di lavoro (controversie individuali);<\/li>\n<li>procedimenti in materia di equo canone delle locazioni di immobili urbani;<\/li>\n<li>procedimenti in materia di recupero crediti professionali dei difensori di ufficio;<\/li>\n<li>procedimenti in materia di diritto penale.<\/li>\n<\/ul>\n<h3>Come richiedere il Certificato di Matrimonio su Sportello Certificati?<\/h3>\n<p>Obtaining the document is very simple:<\/p>\n<ul>\n<li>fill in the request form;<\/li>\n<li>add the service to the shopping cart;<\/li>\n<li>go to the checkout to complete the payment.<\/li>\n<\/ul>\n<h3>In quanto tempo viene consegnato il Certificato di Matrimonio? Come viene consegnato?<\/h3>\n<p>Il certificato pu\u00f2 essere consegnato via e-mail in formato pdf o se richiesto via posta o corriere anche fuori dal territorio nazionale.<\/p>\n<p>Nello specifico, se richiesto, l&#8217;originale cartaceo viene spedito:<\/p>\n<ul>\n<li>via posta prioritaria 1 sul territorio nazionale;<\/li>\n<li>via posta internazionale su tutto il territorio comunitario;<\/li>\n<li>via corriere internazionale espresso in nord e sud America (in sette giorni lavorativi).<\/li>\n<\/ul>\n<p>I tempi di consegna del documento nella modalit\u00e0 standard sono mediamente 15 giorni lavorativi.\u00a0\u00c8 possibile per\u00f2 ottenere il certificato in tempi ridotti se la richiesta viene fatta nelle seguenti modalit\u00e0:<\/p>\n<ul>\n<li>\u00a0Fast: consegna a partire da 3 giorni lavorativi;<\/li>\n<li>Urgente: consegna a partire da 7 giorni lavorativi.<\/li>\n<li>Apostillati \/ legalizzati o antecedenti al 1930 circa 40 giorni lavorativi<\/li>\n<\/ul>\n<p>Per chiarezza \u00e8 necessario specificare che non tutti i comuni hanno le medesime tempistiche di evasione dei certificati, pertanto i tempi suddetti per la richieste effettuate nelle modalit\u00e0 \u201cfast\u201d e \u201curgente\u201d potrebbero non essere rispettati per cause non a noi imputabili, tuttavia se ci\u00f2 si verifica, garantiamo ai nostri clienti il rimborso della somma versata extra per la consegna nei tempi ridotti.<\/p>\n<p><em><strong>N.B. I tempi di consegna si riferiscono al documento in formato pdf evaso via email.<\/strong><\/em><\/p>\n<p>To ask for any clarification on the matter you can send your requests from the contact us page.<\/p>\n<p>Se preferite ci potete contattare via e-mail all\u2019indirizzo info@sportellocertificati.it oppure via chat, accedendo dalla nostra homepage.<\/p>","protected":false},"excerpt":{"rendered":"<p><a href=\"https:\/\/www.sportellocertificati.it\/prodotto\/certificato-di-matrimonio\/#richiedi-qui-il-certificato\"><img loading=\"lazy\" decoding=\"async\" class=\"alignnone wp-image-1036\" src=\"https:\/\/www.sportellocertificati.it\/wp-content\/uploads\/2020\/05\/richiedi-il-certificato-qui-2.png\" alt=\"\" width=\"240\" height=\"43\" srcset=\"https:\/\/www.sportellocertificati.it\/wp-content\/uploads\/2020\/05\/richiedi-il-certificato-qui-2.png 737w, https:\/\/www.sportellocertificati.it\/wp-content\/uploads\/2020\/05\/richiedi-il-certificato-qui-2-300x54.png 300w, https:\/\/www.sportellocertificati.it\/wp-content\/uploads\/2020\/05\/richiedi-il-certificato-qui-2-600x107.png 600w\" sizes=\"auto, (max-width: 240px) 100vw, 240px\" \/><\/a><\/p>\n<ul>\n<li>Il Certificato di Matrimonio attesta la celebrazione del matrimonio civile tra due persone.<\/li>\n<li>Riporta i seguenti dati: nomi completi dei coniugi, data e luogo di celebrazione del matrimonio.<\/li>\n<li>Su Sportello Certificati ricevi il documento ufficiale rilasciato dall\u2019Ufficio di Stato Civile del comune nel quale \u00e8 stato celebrato il matrimonio.<\/li>\n<li>Richiedi il certificato in qualunque comune presente sul territorio nazionale.<\/li>\n<li>Consegna via email a partire da 3 giorni lavorativi.<\/li>\n<li>Spedizione via posta\/corriere anche fuori dai confini nazionali.<\/li>\n<li>B2B service for law firms, professional firms and companies.<\/li>\n<li>24 hour customer service by phone, email, chat, whatsApp.<\/li>\n<li>Secure payment systems with data encryption.<\/li>\n<li>Get the document in a few clicks.<\/li>\n<\/ul>\n<p><em><strong>Do you have special needs? Contact us, we will find a way to get your document as soon as possible!<\/strong><\/em><\/p>\n<p><a href=\"https:\/\/www.sportellocertificati.it\/prodotto\/certificato-di-matrimonio\/#tab-description\">&gt; Leggi la descrizione completa<\/a><br \/>\n<a name=\"richiedi-qui-il-certificato\"><\/a><\/p>\n<hr \/>\n<p><em><strong>-Clicca per visualizzare il documento<\/strong><\/em><\/p>\n<p><a href=\"https:\/\/www.sportellocertificati.it\/wp-content\/uploads\/2019\/05\/Esempio-Certificato-di-Matrimonio.pdf\" target=\"_blank\" rel=\"noopener noreferrer\">Esempio Certificato di Matrimonio<\/a><\/p>","protected":false},"featured_media":29987,"comment_status":"open","ping_status":"closed","template":"","meta":{"_kad_blocks_custom_css":"","_kad_blocks_head_custom_js":"","_kad_blocks_body_custom_js":"","_kad_blocks_footer_custom_js":"","ocean_post_layout":"","ocean_both_sidebars_style":"","ocean_both_sidebars_content_width":0,"ocean_both_sidebars_sidebars_width":0,"ocean_sidebar":"0","ocean_second_sidebar":"0","ocean_disable_margins":"enable","ocean_add_body_class":"","ocean_shortcode_before_top_bar":"","ocean_shortcode_after_top_bar":"","ocean_shortcode_before_header":"","ocean_shortcode_after_header":"","ocean_has_shortcode":"","ocean_shortcode_after_title":"","ocean_shortcode_before_footer_widgets":"","ocean_shortcode_after_footer_widgets":"","ocean_shortcode_before_footer_bottom":"","ocean_shortcode_after_footer_bottom":"","ocean_display_top_bar":"default","ocean_display_header":"default","ocean_header_style":"","ocean_center_header_left_menu":"0","ocean_custom_header_template":"0","ocean_custom_logo":0,"ocean_custom_retina_logo":0,"ocean_custom_logo_max_width":0,"ocean_custom_logo_tablet_max_width":0,"ocean_custom_logo_mobile_max_width":0,"ocean_custom_logo_max_height":0,"ocean_custom_logo_tablet_max_height":0,"ocean_custom_logo_mobile_max_height":0,"ocean_header_custom_menu":"0","ocean_menu_typo_font_family":"0","ocean_menu_typo_font_subset":"","ocean_menu_typo_font_size":0,"ocean_menu_typo_font_size_tablet":0,"ocean_menu_typo_font_size_mobile":0,"ocean_menu_typo_font_size_unit":"px","ocean_menu_typo_font_weight":"","ocean_menu_typo_font_weight_tablet":"","ocean_menu_typo_font_weight_mobile":"","ocean_menu_typo_transform":"","ocean_menu_typo_transform_tablet":"","ocean_menu_typo_transform_mobile":"","ocean_menu_typo_line_height":0,"ocean_menu_typo_line_height_tablet":0,"ocean_menu_typo_line_height_mobile":0,"ocean_menu_typo_line_height_unit":"","ocean_menu_typo_spacing":0,"ocean_menu_typo_spacing_tablet":0,"ocean_menu_typo_spacing_mobile":0,"ocean_menu_typo_spacing_unit":"","ocean_menu_link_color":"","ocean_menu_link_color_hover":"","ocean_menu_link_color_active":"","ocean_menu_link_background":"","ocean_menu_link_hover_background":"","ocean_menu_link_active_background":"","ocean_menu_social_links_bg":"","ocean_menu_social_hover_links_bg":"","ocean_menu_social_links_color":"","ocean_menu_social_hover_links_color":"","ocean_disable_title":"default","ocean_disable_heading":"default","ocean_post_title":"","ocean_post_subheading":"","ocean_post_title_style":"","ocean_post_title_background_color":"","ocean_post_title_background":0,"ocean_post_title_bg_image_position":"","ocean_post_title_bg_image_attachment":"","ocean_post_title_bg_image_repeat":"","ocean_post_title_bg_image_size":"","ocean_post_title_height":0,"ocean_post_title_bg_overlay":0.5,"ocean_post_title_bg_overlay_color":"","ocean_disable_breadcrumbs":"default","ocean_breadcrumbs_color":"","ocean_breadcrumbs_separator_color":"","ocean_breadcrumbs_links_color":"","ocean_breadcrumbs_links_hover_color":"","ocean_display_footer_widgets":"default","ocean_display_footer_bottom":"default","ocean_custom_footer_template":"0"},"product_brand":[],"product_cat":[20],"product_tag":[23],"class_list":{"0":"post-413","1":"product","2":"type-product","3":"status-publish","4":"has-post-thumbnail","6":"product_cat-stato-civile","7":"product_tag-certificati-comunali","9":"entry","10":"has-media","12":"first","13":"instock","14":"featured","15":"virtual","16":"sold-individually","17":"taxable","18":"purchasable","19":"product-type-simple","20":"has-rating","21":"col","22":"span_1_of_5","23":"owp-content-center","24":"owp-thumbs-layout-vertical","25":"owp-btn-normal","26":"owp-tabs-layout-horizontal","27":"has-no-thumbnails","28":"circle-sale"},"taxonomy_info":{"product_cat":[{"value":20,"label":"Stato Civile"}],"product_tag":[{"value":23,"label":"Certificati Comunali"}]},"featured_image_src_large":["https:\/\/www.sportellocertificati.it\/wp-content\/uploads\/2019\/01\/certificato-di-matrimonio.jpg",800,800,false],"author_info":[],"comment_info":14,"_links":{"self":[{"href":"https:\/\/www.sportellocertificati.it\/en\/wp-json\/wp\/v2\/product\/413","targetHints":{"allow":["GET"]}}],"collection":[{"href":"https:\/\/www.sportellocertificati.it\/en\/wp-json\/wp\/v2\/product"}],"about":[{"href":"https:\/\/www.sportellocertificati.it\/en\/wp-json\/wp\/v2\/types\/product"}],"replies":[{"embeddable":true,"href":"https:\/\/www.sportellocertificati.it\/en\/wp-json\/wp\/v2\/comments?post=413"}],"wp:featuredmedia":[{"embeddable":true,"href":"https:\/\/www.sportellocertificati.it\/en\/wp-json\/wp\/v2\/media\/29987"}],"wp:attachment":[{"href":"https:\/\/www.sportellocertificati.it\/en\/wp-json\/wp\/v2\/media?parent=413"}],"wp:term":[{"taxonomy":"product_brand","embeddable":true,"href":"https:\/\/www.sportellocertificati.it\/en\/wp-json\/wp\/v2\/product_brand?post=413"},{"taxonomy":"product_cat","embeddable":true,"href":"https:\/\/www.sportellocertificati.it\/en\/wp-json\/wp\/v2\/product_cat?post=413"},{"taxonomy":"product_tag","embeddable":true,"href":"https:\/\/www.sportellocertificati.it\/en\/wp-json\/wp\/v2\/product_tag?post=413"}],"curies":[{"name":"wp","href":"https:\/\/api.w.org\/{rel}","templated":true}]}}