{"id":416,"date":"2019-01-10T00:42:01","date_gmt":"2019-01-10T00:42:01","guid":{"rendered":"https:\/\/www.sportellocertificati.it\/?post_type=product&#038;p=416"},"modified":"2025-11-12T08:14:20","modified_gmt":"2025-11-12T08:14:20","slug":"estratto-atto-di-matrimonio","status":"publish","type":"product","link":"https:\/\/www.sportellocertificati.it\/en\/product\/estratto-atto-di-matrimonio\/","title":{"rendered":"Estratto Atto di Matrimonio"},"content":{"rendered":"<h2>L\u2019estratto atto di matrimonio \u00e8 un documento che attesta il matrimonio tra due coniugi celebrato in Comune italiano.<\/h2>\n<p>Il documento fa parte dei certificati di stato civile, in quanto riporta i dati personali della persona fisica annotati sui registri di stato civile del Comune. Per richiederlo \u00e8 necessario conoscere il nome, il cognome, la data di nascita di almeno uno dei due coniugi e il luogo del comune nel quale \u00e8 stato celebrato il matrimonio.<\/p>\n<h3>Cos\u2019\u00e8 l\u2019estratto atto di matrimonio? Chi pu\u00f2 richiederlo?<\/h3>\n<p>L\u2019estratto per riassunto dell\u2019atto di matrimonio contiene i dati anagrafici degli sposi, la data e il luogo di celebrazione delle nozze dei coniugi pi\u00f9 eventuali annotazioni riguardarti il matrimonio.<\/p>\n<p>Le annotazioni, cos\u00ec come definite dall\u2019articolo 69 del DPR 396\/2000, sono direttamente estrapolate dall\u2019atto di matrimonio e, in genere, consistono nell\u2019indicazione del regime patrimoniale scelto tra le parti (comunione dei beni\/separazione dei beni) e annotazione di un eventuale divorzio o annullamento del matrimonio.<\/p>\n<h3>Perch\u00e9 richiederlo su Sportello Certificati?<\/h3>\n<p>Su Sportello Certificati ottieni l\u2019estratto dell\u2019atto di matrimonio rilasciato direttamente dal Comune di riferimento e usufruisci delle caratteristiche che ci distinguono:<\/p>\n<ul>\n<li>Velocit\u00e0: puoi ottenere l\u2019estratto di matrimonio in un paio di click, l\u2019ordine verr\u00e0 immediatamente recepito dai nostri sistemi e messo in lavorazione.<\/li>\n<li>Assistance: You will be assisted by people and not by automated systems, in fact to our customers we guarantee free assistance seven days a week during the order of the service and after the delivery of the same.<\/li>\n<li>Security: we guarantee our customers secure navigation with advanced data encryption and payment gateways.<\/li>\n<\/ul>\n<h3>Cosa contiene l\u2019estratto di matrimonio? Per quanto tempo \u00e8 valido? Perch\u00e9 richiederlo?<\/h3>\n<p>L\u2019estratto per riassunto dell\u2019atto di matrimonio, \u00e8 il documento che contiene le informazioni circa il le nozze tra due soggetti con annotazioni ulteriori circa il matrimonio.<\/p>\n<p>Diversamente dal <a href=\"https:\/\/www.sportellocertificati.it\/prodotto\/certificato-di-matrimonio\/\">Marriage certificate<\/a> che riporta soltanto: nome, cognome, data di nascita degli sposi e data e luogo del matrimonio, l\u2019estratto per riassunto dell\u2019atto di matrimonio contiene informazioni maggiori, in particolare:<\/p>\n<ul>\n<li>Nome dei due coniugi;<\/li>\n<li>Cognome dei due coniugi;<\/li>\n<li>Data di nascita dei coniugi;<\/li>\n<li>Data del matrimonio;<\/li>\n<li>Luogo di celebrazione del matrimonio;<\/li>\n<li>Indicazioni sul regime patrimoniale scelto da marito e moglie (comunione\/separazione dei beni);<\/li>\n<li>Divorzio;<\/li>\n<li>Annullamento.<\/li>\n<\/ul>\n<h3>L\u2019Estratto dell\u2019atto di matrimonio \u00e8 esente dal pagamento di imposta di bollo.<\/h3>\n<p>L\u2019estratto di matrimonio \u00e8 valido per sei mesi sul tutto il territorio nazionale. Decorso tale termine il documento non \u00e8 pi\u00f9 valido e non garantisce la veridicit\u00e0 delle informazioni ivi contenute. Tuttavia potr\u00e0 essere richiesto un nuovo documento nelle modalit\u00e0 di seguito descritte.<\/p>\n<p>Posto che contiene informazioni maggiori sul matrimonio, \u00e8 in genere richiesto al fine di istituire un fondo familiare, pu\u00f2 essere utile anche ai fini di stipulazione di contratti con le banche ( es. mutuo), o per mutare il regime patrimoniale tra i coniugi, o ancora pu\u00f2 servire come documento da esibire in caso di annullamento del matrimonio ecc&#8230;<\/p>\n<h3>Cos\u2019\u00e8 estratto dell\u2019atto di matrimonio multilingua?<\/h3>\n<p>L\u2019estratto dell\u2019atto di matrimonio multilingua \u00e8 redatto per l\u2019utilizzo del documento all\u2019estero.<\/p>\n<p>Lo stesso, viene rilasciato dal Comune di riferimento su specifico modello standard dettato dalla Convenzione di Vienna dell\u20198\/9\/1976.<\/p>\n<p>Pu\u00f2 essere richiesto su tutto il territorio nazionale dall\u2019interessato o con specifica delega accompagnata da copia del documento di identit\u00e0.<\/p>\n<p>Il richiedente deve essere a conoscenza del nome, cognome, di almeno uno dei due coniugi e comune in cui \u00e8 stato celebrato il matrimonio.<\/p>\n<p>L\u2019estratto di matrimonio multilingua attesta nomi, cognomi, date di nascita dei coniugi, data di matrimonio, luogo in cui \u00e8 stato celebrato, regime patrimoniale scelto e divorzio\/annullamento e non necessita di traduzione. Il modello cos\u00ec redatto \u00e8 valido e riconosciuto in tutti i paesi che hanno aderito alla Convenzione di Vienna del \u201876 ovvero: Argentina, Austria, Belgio, Bosnia-Erzegovina, Francia, Germania, Croazia, Lituania, Lussemburgo, Macedonia, Paesi Bassi, Polonia, Portogallo, Repubblica Moldova, Serbia e Montenegro, Slovenia, Spagna, Svizzera e Turchia.<\/p>\n<p>L\u2019estratto multilingua di matrimonio ha validit\u00e0 di sei mesi.<\/p>\n<p>N.B. se vuoi conoscere tutte le informazioni circa il matrimonio tra i coniugi \u00e8 necessario richiedere un ulteriore documento, ovvero, la copia integrale dell\u2019atto di matrimonio.<\/p>\n<h3>Cos\u2019\u00e8 la copia integrale dell\u2019atto di matrimonio? Chi pu\u00f2 richiederla?<\/h3>\n<p>La copia integrale dell\u2019atto di matrimonio \u00e8 il documento pi\u00f9 completo riguardate il matrimonio tra i due coniugi. Infatti riporta integralmente l\u2019atto di matrimonio. Diversamente dal certificato di matrimonio o dall\u2019estratto dell\u2019atto di matrimonio che contengono solo l\u2019attestazione dell\u2019ufficiale comunale circa l\u2019esistenza di un documento che attesta il matrimonio tra due persone fisiche, la copia integrale dell\u2019atto di matrimonio \u00e8 la copia dell\u2019atto di matrimonio ufficiale: esso, pertanto, indica le generalit\u00e0 del dichiarante (ufficiale di stato civile che ha celebrato il matrimonio\/ ministro di culto che ha celebrato il matrimonio ) generalit\u00e0, residenza e cittadinanza degli sposi e dei testimoni, indicazioni circa lo stato patrimoniale scelto in regime di matrimonio, data delle pubblicazioni affisse nella casa comunale, decreto di autorizzazione al matrimonio, la menzione dell\u2019avvenuta lettura degli articoli 143,144 e 147 c.c., avvenuta dichiarazione degli sposi di volersi prendere reciprocamente in marito e moglie, indicazione del luogo e ora in cui \u00e8 stato celebrato il matrimonio (chiesa\/casa comunale) e, se il matrimonio \u00e8 cassato, divorzio o annullamento. La copia integrale di matrimonio pu\u00f2 essere ai fini del riconoscimento di un figlio naturale.<\/p>\n<p>\u00c8 necessario chiarire che in caso di richiesta della copia integrale dell\u2019atto di matrimonio, questa potr\u00e0 essere rilasciata soltanto agli sposi, persona delegata dagli stessi, o chiunque abbia un\u2019interesse giuridicamente rilevante. Nel caso suddetto, nella richiesta dovr\u00e0 essere indicata la motivazione che subordina il rilascio della copia integrale dell\u2019atto di matrimonio.<\/p>\n<p>La copia integrale dell\u2019atto di matrimonio potr\u00e0 essere richiesta e rilasciata a chiunque ne abbia interesse, senza motivazione o speciale delega, soltanto trascorsi 70 anni dalla formazione dell\u2019atto di matrimonio.<\/p>\n<p>Come richiedere l\u2019estratto dell\u2019atto di matrimonio\/estratto per atto di matrimonio multilingua\/copia integrale dell\u2019atto di matrimonio su Sportello Certificati?<\/p>\n<p>Obtaining the document is very simple:<\/p>\n<ul>\n<li>fill in the request form;<\/li>\n<li>add the service to the shopping cart;<\/li>\n<li>go to the checkout to complete the payment.<\/li>\n<\/ul>\n<p>La registrazione \u00e8 necessaria solo per il primo acquisto. Per tutti gli acquisti successivi \u00e8 possibile utilizzare le credenziali di accesso immesse nella fase di registrazione.<\/p>\n<h3>In quanto tempo viene consegnato l\u2019estratto di matrimonio? Come viene consegnato?<\/h3>\n<p>Il l&#8217;estratto pu\u00f2 essere consegnato via e-mail in formato pdf o se richiesto via posta o corriere anche fuori dal territorio nazionale.<\/p>\n<p>Nello specifico, se richiesto, l&#8217;originale cartaceo viene spedito:<\/p>\n<ul>\n<li>via posta prioritaria 1 sul territorio nazionale;<\/li>\n<li>via posta internazionale su tutto il territorio comunitario;<\/li>\n<li>via corriere internazionale espresso in nord e sud America (in sette giorni lavorativi).<\/li>\n<\/ul>\n<p>I tempi di consegna del documento nella modalit\u00e0 standard sono mediamente 15 giorni lavorativi.\u00a0\u00c8 possibile per\u00f2 ottenere il certificato in tempi ridotti se la richiesta viene fatta nelle seguenti modalit\u00e0:<\/p>\n<ul>\n<li>\u00a0Fast: consegna a partire da 3 giorni lavorativi;<\/li>\n<li>Urgente: consegna a partire da 7 giorni lavorativi.<\/li>\n<li>Apostillati \/ legalizzati o antecedenti al 1930 circa 40 giorni lavorativi<\/li>\n<\/ul>\n<p>Per chiarezza \u00e8 necessario specificare che non tutti i comuni hanno le medesime tempistiche di evasione dei certificati, pertanto i tempi suddetti per la richieste effettuate nelle modalit\u00e0 \u201cfast\u201d e \u201curgente\u201d potrebbero non essere rispettati per cause non a noi imputabili, tuttavia se ci\u00f2 si verifica, garantiamo ai nostri clienti il rimborso della somma versata extra per la consegna nei tempi ridotti.<\/p>\n<p><em><strong>N.B. I tempi di consegna si riferiscono al documento in formato pdf evaso via email.<\/strong><\/em><\/p>\n<p>To ask for any clarification on the matter you can send your requests from the contact us page.<\/p>\n<p>Se preferite ci potete contattare \u00a0via e-mail all\u2019indirizzo info@sportellocertificati.it oppure via chat, accedendo dalla nostra homepage.<\/p>","protected":false},"excerpt":{"rendered":"<p><a href=\"https:\/\/www.sportellocertificati.it\/prodotto\/estratto-atto-di-matrimonio\/#richiedi-qui-il-certificato\"><img loading=\"lazy\" decoding=\"async\" class=\"alignnone wp-image-1036\" src=\"https:\/\/www.sportellocertificati.it\/wp-content\/uploads\/2020\/05\/richiedi-il-certificato-qui-2.png\" alt=\"\" width=\"240\" height=\"43\" srcset=\"https:\/\/www.sportellocertificati.it\/wp-content\/uploads\/2020\/05\/richiedi-il-certificato-qui-2.png 737w, https:\/\/www.sportellocertificati.it\/wp-content\/uploads\/2020\/05\/richiedi-il-certificato-qui-2-300x54.png 300w, https:\/\/www.sportellocertificati.it\/wp-content\/uploads\/2020\/05\/richiedi-il-certificato-qui-2-600x107.png 600w\" sizes=\"auto, (max-width: 240px) 100vw, 240px\" \/><\/a><\/p>\n<ul>\n<li>L\u2019Estratto dell\u2019Atto di Matrimonio attesta la celebrazione del matrimonio civile tra due persone pi\u00f9 altre informazioni estrapolate dall\u2019Atto di Matrimonio.<\/li>\n<li>Riporta i seguenti dati: nomi completi dei coniugi, data e luogo di celebrazione del matrimonio, eventuali annotazioni e regime patrimoniale.<\/li>\n<li>Puoi richiedere anche l\u2019Estratto dell\u2019Atto di Matrimonio multilingue o la copia integrale dell\u2019Atto di Matrimonio.<\/li>\n<li>Su Sportello Certificati ricevi il documento ufficiale rilasciato dall\u2019Ufficio di Stato Civile del comune nel quale \u00e8 stato celebrato il matrimonio.<\/li>\n<li>Richiedi il certificato in qualunque comune presente sul territorio nazionale.<\/li>\n<li>Consegna via e-mail a partire da 3 giorni lavorativi.<\/li>\n<li>Spedizione via posta\/corriere anche fuori dai confini nazionali.<\/li>\n<li>B2B service for law firms, professional firms and companies.<\/li>\n<li>24 hour customer service by phone, email, chat, whatsApp.<\/li>\n<li>Secure payment systems with data encryption.<\/li>\n<li>Get the document in a few clicks.<\/li>\n<\/ul>\n<p><em><strong>Do you have special needs? Contact us, we will find a way to get your document as soon as possible!<\/strong><\/em><\/p>\n<p><a href=\"https:\/\/www.sportellocertificati.it\/prodotto\/estratto-atto-di-matrimonio\/#tab-description\">&gt; Leggi la descrizione completa<\/a><br \/>\n<a name=\"richiedi-qui-il-certificato\"><\/a><\/p>\n<hr \/>\n<p><em><strong>-Clicca per visualizzare il documento<\/strong><\/em><\/p>\n<p><a href=\"https:\/\/www.sportellocertificati.it\/wp-content\/uploads\/2019\/06\/Esempio-estratto-atto-di-matrimonio.pdf\" target=\"_blank\" rel=\"noopener noreferrer\">Esempio Estratto di Matrimonio<\/a><\/p>","protected":false},"featured_media":29977,"comment_status":"open","ping_status":"closed","template":"","meta":{"_kad_blocks_custom_css":"","_kad_blocks_head_custom_js":"","_kad_blocks_body_custom_js":"","_kad_blocks_footer_custom_js":"","ocean_post_layout":"","ocean_both_sidebars_style":"","ocean_both_sidebars_content_width":0,"ocean_both_sidebars_sidebars_width":0,"ocean_sidebar":"0","ocean_second_sidebar":"0","ocean_disable_margins":"enable","ocean_add_body_class":"","ocean_shortcode_before_top_bar":"","ocean_shortcode_after_top_bar":"","ocean_shortcode_before_header":"","ocean_shortcode_after_header":"","ocean_has_shortcode":"","ocean_shortcode_after_title":"","ocean_shortcode_before_footer_widgets":"","ocean_shortcode_after_footer_widgets":"","ocean_shortcode_before_footer_bottom":"","ocean_shortcode_after_footer_bottom":"","ocean_display_top_bar":"default","ocean_display_header":"default","ocean_header_style":"","ocean_center_header_left_menu":"0","ocean_custom_header_template":"0","ocean_custom_logo":0,"ocean_custom_retina_logo":0,"ocean_custom_logo_max_width":0,"ocean_custom_logo_tablet_max_width":0,"ocean_custom_logo_mobile_max_width":0,"ocean_custom_logo_max_height":0,"ocean_custom_logo_tablet_max_height":0,"ocean_custom_logo_mobile_max_height":0,"ocean_header_custom_menu":"0","ocean_menu_typo_font_family":"0","ocean_menu_typo_font_subset":"","ocean_menu_typo_font_size":0,"ocean_menu_typo_font_size_tablet":0,"ocean_menu_typo_font_size_mobile":0,"ocean_menu_typo_font_size_unit":"px","ocean_menu_typo_font_weight":"","ocean_menu_typo_font_weight_tablet":"","ocean_menu_typo_font_weight_mobile":"","ocean_menu_typo_transform":"","ocean_menu_typo_transform_tablet":"","ocean_menu_typo_transform_mobile":"","ocean_menu_typo_line_height":0,"ocean_menu_typo_line_height_tablet":0,"ocean_menu_typo_line_height_mobile":0,"ocean_menu_typo_line_height_unit":"","ocean_menu_typo_spacing":0,"ocean_menu_typo_spacing_tablet":0,"ocean_menu_typo_spacing_mobile":0,"ocean_menu_typo_spacing_unit":"","ocean_menu_link_color":"","ocean_menu_link_color_hover":"","ocean_menu_link_color_active":"","ocean_menu_link_background":"","ocean_menu_link_hover_background":"","ocean_menu_link_active_background":"","ocean_menu_social_links_bg":"","ocean_menu_social_hover_links_bg":"","ocean_menu_social_links_color":"","ocean_menu_social_hover_links_color":"","ocean_disable_title":"default","ocean_disable_heading":"default","ocean_post_title":"","ocean_post_subheading":"","ocean_post_title_style":"","ocean_post_title_background_color":"","ocean_post_title_background":0,"ocean_post_title_bg_image_position":"","ocean_post_title_bg_image_attachment":"","ocean_post_title_bg_image_repeat":"","ocean_post_title_bg_image_size":"","ocean_post_title_height":0,"ocean_post_title_bg_overlay":0.5,"ocean_post_title_bg_overlay_color":"","ocean_disable_breadcrumbs":"default","ocean_breadcrumbs_color":"","ocean_breadcrumbs_separator_color":"","ocean_breadcrumbs_links_color":"","ocean_breadcrumbs_links_hover_color":"","ocean_display_footer_widgets":"default","ocean_display_footer_bottom":"default","ocean_custom_footer_template":"0"},"product_brand":[],"product_cat":[20],"product_tag":[23],"class_list":{"0":"post-416","1":"product","2":"type-product","3":"status-publish","4":"has-post-thumbnail","6":"product_cat-stato-civile","7":"product_tag-certificati-comunali","9":"entry","10":"has-media","12":"first","13":"instock","14":"virtual","15":"sold-individually","16":"taxable","17":"purchasable","18":"product-type-simple","19":"has-rating","20":"col","21":"span_1_of_5","22":"owp-content-center","23":"owp-thumbs-layout-vertical","24":"owp-btn-normal","25":"owp-tabs-layout-horizontal","26":"has-no-thumbnails","27":"circle-sale"},"taxonomy_info":{"product_cat":[{"value":20,"label":"Stato Civile"}],"product_tag":[{"value":23,"label":"Certificati Comunali"}]},"featured_image_src_large":["https:\/\/www.sportellocertificati.it\/wp-content\/uploads\/2019\/01\/estratto-di-matrimonio-1-1.jpg",600,600,false],"author_info":[],"comment_info":52,"_links":{"self":[{"href":"https:\/\/www.sportellocertificati.it\/en\/wp-json\/wp\/v2\/product\/416","targetHints":{"allow":["GET"]}}],"collection":[{"href":"https:\/\/www.sportellocertificati.it\/en\/wp-json\/wp\/v2\/product"}],"about":[{"href":"https:\/\/www.sportellocertificati.it\/en\/wp-json\/wp\/v2\/types\/product"}],"replies":[{"embeddable":true,"href":"https:\/\/www.sportellocertificati.it\/en\/wp-json\/wp\/v2\/comments?post=416"}],"wp:featuredmedia":[{"embeddable":true,"href":"https:\/\/www.sportellocertificati.it\/en\/wp-json\/wp\/v2\/media\/29977"}],"wp:attachment":[{"href":"https:\/\/www.sportellocertificati.it\/en\/wp-json\/wp\/v2\/media?parent=416"}],"wp:term":[{"taxonomy":"product_brand","embeddable":true,"href":"https:\/\/www.sportellocertificati.it\/en\/wp-json\/wp\/v2\/product_brand?post=416"},{"taxonomy":"product_cat","embeddable":true,"href":"https:\/\/www.sportellocertificati.it\/en\/wp-json\/wp\/v2\/product_cat?post=416"},{"taxonomy":"product_tag","embeddable":true,"href":"https:\/\/www.sportellocertificati.it\/en\/wp-json\/wp\/v2\/product_tag?post=416"}],"curies":[{"name":"wp","href":"https:\/\/api.w.org\/{rel}","templated":true}]}}