{"id":538,"date":"2019-01-16T23:47:57","date_gmt":"2019-01-16T23:47:57","guid":{"rendered":"https:\/\/www.sportellocertificati.it\/?post_type=product&#038;p=538"},"modified":"2025-12-20T05:12:49","modified_gmt":"2025-12-20T05:12:49","slug":"certificato-di-cittadinanza","status":"publish","type":"product","link":"https:\/\/www.sportellocertificati.it\/en\/product\/certificato-di-cittadinanza\/","title":{"rendered":"Certificato di Cittadinanza"},"content":{"rendered":"<h2>Il certificato di cittadinanza attesta la cittadinanza italiana di una persona fisica.<\/h2>\n<h3>Cos\u2019\u00e8 il certificato di Cittadinanza? Chi riguarda? Chi pu\u00f2 richiederlo?<\/h3>\n<p>Il certificato di Cittadinanza si pu\u00f2 ottenere anche se il cittadino \u00e8 residente all&#8217;estero (AIRE), purch\u00e9 non sia stato cancellato dalle liste anagrafiche per irreperibilit\u00e0.<\/p>\n<p>Sono cittadini italiani:<\/p>\n<ul>\n<li>i cittadini nati in territorio italiano;<\/li>\n<li>i minori stranieri adottati da genitori italiani;<\/li>\n<li>i figli nati da padre\/madre italiani;<\/li>\n<li>i minori nati da genitori ignoti in Italia se non \u00e8 stata accertata altra cittadinanza ;<\/li>\n<li>i cittadini stranieri che hanno ottenuto cittadinanza italiana (ottenuta con decreto del Ministro Dell\u2019Interno);<\/li>\n<li>i coniugi di cittadini italiani legalmente residenti da almeno sei mesi nel territorio italiano oppure dopo tre anni dal matrimonio (salvo che non ci sia stato annullamento\/divorzio\/scioglimento).<\/li>\n<\/ul>\n<h3>Tale certificato pu\u00f2 essere richiesto sia dal diretto interessato sia da terzi che intendono accertare la cittadinanza italiana di una persona fisica.<\/h3>\n<p>N.B. Non si pu\u00f2 chiedere certificato di cittadinanza su persone defunte.<\/p>\n<h3>Perch\u00e9 richiederlo su Sportello Certificati?<\/h3>\n<p>Su Sportello Certificati ottieni il certificato di cittadinanza ufficiale rilasciato dall\u2019Ufficio Anagrafe e usufruisci delle caratteristiche che ci distinguono:<\/p>\n<ul>\n<li>\u00a0Velocit\u00e0: puoi ottenere il certificato di cittadinanza in un paio di click, l\u2019ordine verr\u00e0 immediatamente recepito dai nostri sistemi e messo in lavorazione.<\/li>\n<li>Assistance: You will be assisted by people and not by automated systems, in fact to our customers we guarantee free assistance seven days a week during the order of the service and after the delivery of the same.<\/li>\n<li>Sicurezza: garantiamo ai nostri clienti la navigazione sicura con crittografia dati e gatewey di pagamento evoluti.<\/li>\n<\/ul>\n<h3>Cosa contiene il certificato di cittadinanza? Per quanto tempo \u00e8 valido?<\/h3>\n<p>Il documento richiesto contiene le informazioni circa la cittadinanza italiana della persona fisica. In particolare il Certificato di cittadinanza riporta:<\/p>\n<ul>\n<li>nome;<\/li>\n<li>cognome;<\/li>\n<li>data e luogo di nascita,<\/li>\n<li>cittadinanza specifica.<\/li>\n<\/ul>\n<p>Il valore temporale del certificato di cittadinanza \u00e8 di sei mesi che decorrono della consegna del certificato. Scaduti i sei mesi, il documento non \u00e8 pi\u00f9 valido e non garantisce la veridicit\u00e0 delle informazioni ivi contenute. Tuttavia, l\u2019interessato potr\u00e0 prolungarne la validit\u00e0 dichiarando il calce che la cittadinanza non \u00e8 mutata. In ogni caso potr\u00e0 essere richiesto un nuovo certificato nelle modalit\u00e0 di seguito descritte.<\/p>\n<p>Il certificato di cittadinanza ha la funzione di rendere esercitabili i diritti conseguenti dalla cittadinanza italiana. \u00c8 necessario per fissare la residenza.<\/p>\n<p>N.B. I certificati di cittadinanza possono essere rilasciati dal comune con bollo o senza bollo. In caso imposta di bollo la stessa \u00e8 di euro 16,00 + 0,26 per i diritti di segreteria, in caso di mancanza di imposta di bollo, si dovranno soltanto euro 0,26 per i diritti di segreteria.<\/p>\n<p>Come richiedere il certificato di cittadinanza su Sportello Certificati?<\/p>\n<p>Obtaining the document is very simple:<\/p>\n<ul>\n<li>compilare il form di richiesta<\/li>\n<li>aggiungere il servizio al carrello<\/li>\n<li>andare alla cassa per completare il pagamento<\/li>\n<\/ul>\n<p>La registrazione \u00e8 necessaria solo per il primo acquisto. Per tutti gli acquisti successivi \u00e8 possibile utilizzare le credenziali di accesso immesse nella fase di registrazione.<\/p>\n<h3>In quanto tempo viene consegnato il certificato di cittadinanza? Come viene consegnato?<\/h3>\n<p>Il certificato pu\u00f2 essere consegnato al diretto interessato o a terzi via e-mail, oppure tramite corriere.<\/p>\n<p>Posto che non tutti i comuni hanno le stesse tempistiche nell\u2019evasione dei certificati,\u00a0i tempi di consegna del certificato di residenza in formato pdf mediamente previsti sono 15 giorni lavorativi.<\/p>\n<p>Tuttavia \u00e8 possibile, in caso di richiesta urgente, avere la consegna del certificato entro 7 giorni lavorativi, e se detta tempistica non viene rispettata, la somma versata per la consegna urgente verr\u00e0 riaccreditata al cliente.<\/p>\n<p>To ask for any clarification on the matter you can send your requests from the contact us page.<\/p>\n<p>Se preferite ci potete contattare via e-mail all\u2019indirizzo info@sportellocertificati.it oppure via chat, accedendo dalla nostra homepage.<\/p>","protected":false},"excerpt":{"rendered":"<p><a href=\"https:\/\/www.sportellocertificati.it\/prodotto\/certificato-di-cittadinanza\/#richiedi-qui-il-certificato\"><img loading=\"lazy\" decoding=\"async\" class=\"alignnone wp-image-1036\" src=\"https:\/\/www.sportellocertificati.it\/wp-content\/uploads\/2020\/05\/richiedi-il-certificato-qui-2.png\" alt=\"\" width=\"240\" height=\"43\" srcset=\"https:\/\/www.sportellocertificati.it\/wp-content\/uploads\/2020\/05\/richiedi-il-certificato-qui-2.png 737w, https:\/\/www.sportellocertificati.it\/wp-content\/uploads\/2020\/05\/richiedi-il-certificato-qui-2-300x54.png 300w, https:\/\/www.sportellocertificati.it\/wp-content\/uploads\/2020\/05\/richiedi-il-certificato-qui-2-600x107.png 600w\" sizes=\"auto, (max-width: 240px) 100vw, 240px\" \/><\/a><\/p>\n<ul>\n<li>Il Certificato di cittadinanza attesta che una persona fisica ha la cittadinanza Italiana.<\/li>\n<li>Riporta i seguenti dati: nome completo, data e luogo di nascita, annotazione che specifica che il soggetto \u00e8 cittadino italiano.<\/li>\n<li>Su Sportello Certificati ricevi il documento ufficiale rilasciato dall\u2019Ufficio Anagrafe del comune di residenza italiano della persona fisica.<\/li>\n<li>Pu\u00f2 essere richiesto da chiunque su tutto il territorio nazionale.<\/li>\n<li>Consegna via email a partire da 7 giorni lavorativi o via corriere, anche fuori dai confini nazionali.<\/li>\n<li>B2B service for law firms, professional firms and companies.<\/li>\n<li>Assistenza clienti h24 via telefono, email, chat, whatsapp.<\/li>\n<li>Secure payment systems with data encryption.<\/li>\n<li>Get the document in a few clicks.<\/li>\n<\/ul>\n<p><a href=\"https:\/\/www.sportellocertificati.it\/prodotto\/certificato-di-cittadinanza\/#tab-description\">&gt; Leggi la descrizione completa<\/a><br \/>\n<a name=\"richiedi-qui-il-certificato\"><\/a><\/p>","protected":false},"featured_media":29990,"comment_status":"open","ping_status":"closed","template":"","meta":{"_kad_blocks_custom_css":"","_kad_blocks_head_custom_js":"","_kad_blocks_body_custom_js":"","_kad_blocks_footer_custom_js":"","ocean_post_layout":"","ocean_both_sidebars_style":"","ocean_both_sidebars_content_width":0,"ocean_both_sidebars_sidebars_width":0,"ocean_sidebar":"0","ocean_second_sidebar":"0","ocean_disable_margins":"enable","ocean_add_body_class":"","ocean_shortcode_before_top_bar":"","ocean_shortcode_after_top_bar":"","ocean_shortcode_before_header":"","ocean_shortcode_after_header":"","ocean_has_shortcode":"","ocean_shortcode_after_title":"","ocean_shortcode_before_footer_widgets":"","ocean_shortcode_after_footer_widgets":"","ocean_shortcode_before_footer_bottom":"","ocean_shortcode_after_footer_bottom":"","ocean_display_top_bar":"default","ocean_display_header":"default","ocean_header_style":"","ocean_center_header_left_menu":"0","ocean_custom_header_template":"0","ocean_custom_logo":0,"ocean_custom_retina_logo":0,"ocean_custom_logo_max_width":0,"ocean_custom_logo_tablet_max_width":0,"ocean_custom_logo_mobile_max_width":0,"ocean_custom_logo_max_height":0,"ocean_custom_logo_tablet_max_height":0,"ocean_custom_logo_mobile_max_height":0,"ocean_header_custom_menu":"0","ocean_menu_typo_font_family":"0","ocean_menu_typo_font_subset":"","ocean_menu_typo_font_size":0,"ocean_menu_typo_font_size_tablet":0,"ocean_menu_typo_font_size_mobile":0,"ocean_menu_typo_font_size_unit":"px","ocean_menu_typo_font_weight":"","ocean_menu_typo_font_weight_tablet":"","ocean_menu_typo_font_weight_mobile":"","ocean_menu_typo_transform":"","ocean_menu_typo_transform_tablet":"","ocean_menu_typo_transform_mobile":"","ocean_menu_typo_line_height":0,"ocean_menu_typo_line_height_tablet":0,"ocean_menu_typo_line_height_mobile":0,"ocean_menu_typo_line_height_unit":"","ocean_menu_typo_spacing":0,"ocean_menu_typo_spacing_tablet":0,"ocean_menu_typo_spacing_mobile":0,"ocean_menu_typo_spacing_unit":"","ocean_menu_link_color":"","ocean_menu_link_color_hover":"","ocean_menu_link_color_active":"","ocean_menu_link_background":"","ocean_menu_link_hover_background":"","ocean_menu_link_active_background":"","ocean_menu_social_links_bg":"","ocean_menu_social_hover_links_bg":"","ocean_menu_social_links_color":"","ocean_menu_social_hover_links_color":"","ocean_disable_title":"default","ocean_disable_heading":"default","ocean_post_title":"","ocean_post_subheading":"","ocean_post_title_style":"","ocean_post_title_background_color":"","ocean_post_title_background":0,"ocean_post_title_bg_image_position":"","ocean_post_title_bg_image_attachment":"","ocean_post_title_bg_image_repeat":"","ocean_post_title_bg_image_size":"","ocean_post_title_height":0,"ocean_post_title_bg_overlay":0.5,"ocean_post_title_bg_overlay_color":"","ocean_disable_breadcrumbs":"default","ocean_breadcrumbs_color":"","ocean_breadcrumbs_separator_color":"","ocean_breadcrumbs_links_color":"","ocean_breadcrumbs_links_hover_color":"","ocean_display_footer_widgets":"default","ocean_display_footer_bottom":"default","ocean_custom_footer_template":"0"},"product_brand":[],"product_cat":[19],"product_tag":[23],"class_list":{"0":"post-538","1":"product","2":"type-product","3":"status-publish","4":"has-post-thumbnail","6":"product_cat-anagrafe","7":"product_tag-certificati-comunali","9":"entry","10":"has-media","12":"first","13":"instock","14":"virtual","15":"sold-individually","16":"taxable","17":"purchasable","18":"product-type-simple","19":"col","20":"span_1_of_5","21":"owp-content-center","22":"owp-thumbs-layout-vertical","23":"owp-btn-normal","24":"owp-tabs-layout-horizontal","25":"has-no-thumbnails","26":"circle-sale"},"taxonomy_info":{"product_cat":[{"value":19,"label":"Anagrafe"}],"product_tag":[{"value":23,"label":"Certificati Comunali"}]},"featured_image_src_large":["https:\/\/www.sportellocertificati.it\/wp-content\/uploads\/2019\/01\/certificato-di-cittadinanza.jpg",800,800,false],"author_info":[],"comment_info":0,"_links":{"self":[{"href":"https:\/\/www.sportellocertificati.it\/en\/wp-json\/wp\/v2\/product\/538","targetHints":{"allow":["GET"]}}],"collection":[{"href":"https:\/\/www.sportellocertificati.it\/en\/wp-json\/wp\/v2\/product"}],"about":[{"href":"https:\/\/www.sportellocertificati.it\/en\/wp-json\/wp\/v2\/types\/product"}],"replies":[{"embeddable":true,"href":"https:\/\/www.sportellocertificati.it\/en\/wp-json\/wp\/v2\/comments?post=538"}],"wp:featuredmedia":[{"embeddable":true,"href":"https:\/\/www.sportellocertificati.it\/en\/wp-json\/wp\/v2\/media\/29990"}],"wp:attachment":[{"href":"https:\/\/www.sportellocertificati.it\/en\/wp-json\/wp\/v2\/media?parent=538"}],"wp:term":[{"taxonomy":"product_brand","embeddable":true,"href":"https:\/\/www.sportellocertificati.it\/en\/wp-json\/wp\/v2\/product_brand?post=538"},{"taxonomy":"product_cat","embeddable":true,"href":"https:\/\/www.sportellocertificati.it\/en\/wp-json\/wp\/v2\/product_cat?post=538"},{"taxonomy":"product_tag","embeddable":true,"href":"https:\/\/www.sportellocertificati.it\/en\/wp-json\/wp\/v2\/product_tag?post=538"}],"curies":[{"name":"wp","href":"https:\/\/api.w.org\/{rel}","templated":true}]}}