{"id":554,"date":"2019-01-17T23:12:32","date_gmt":"2019-01-17T23:12:32","guid":{"rendered":"https:\/\/www.sportellocertificati.it\/?post_type=product&#038;p=554"},"modified":"2025-11-12T08:13:03","modified_gmt":"2025-11-12T08:13:03","slug":"certificato-di-immigrazione","status":"publish","type":"product","link":"https:\/\/www.sportellocertificati.it\/en\/product\/certificato-di-immigrazione\/","title":{"rendered":"Certificato di Immigrazione"},"content":{"rendered":"<h2>Il certificato di immigrazione attesta il mutamento di residenza di un cittadino straniero in altro paese estero.<\/h2>\n<p>Il certificato di immigrazione pu\u00f2 essere richiesto soltanto per gli stranieri (sia membri dell\u2019Unione Europea che extracomunitari) con regolare permesso di soggiorno e debitamente iscritti nell\u2019apposito registro Anagrafe nel Comune dal quale gli stessi si sono trasferiti. Pertanto, per richiederlo \u00e8 necessario essere a conoscenza del nome, del cognome, data di nascita e del Comune di residenza italiano dello straniero.<\/p>\n<h3>Cos\u2019\u00e8 il certificato di Immigrazione? Chi riguarda? Chi pu\u00f2 richiederlo?<\/h3>\n<p>Il certificato di immigrazione \u00e8 un documento che attesta l\u2019immigrazione dallo stato italiano ad altro paese in cui il cittadino straniero ha spostato la propria residenza.<\/p>\n<p>Il certificato d\u2019immigrazione riguarda soltanto i cittadini stranieri che si sono trasferiti in altro paese estero.<\/p>\n<p>Tale certificato pu\u00f2 essere richiesto sia dal diretto interessato sia da terzi che intendono accertare il trasferimento dello straniero in altro paese.<\/p>\n<p>N.B. Il certificato di immigrazione non si pu\u00f2 richiedere per lo straniero clandestino, ovvero senza permesso di soggiorno e non registrato all\u2019Ufficio Anagrafe del Comune di residenza italiano.<\/p>\n<h3>Perch\u00e9 richiederlo su Sportello Certificati?<\/h3>\n<p>Su Sportello Certificati ottieni il certificato di immigrazione ufficiale rilasciato dall\u2019Ufficio Anagrafe e usufruisci delle caratteristiche che ci distinguono:<\/p>\n<ul>\n<li>Velocit\u00e0: puoi ottenere il certificato di immigrazione in un paio di click, l\u2019ordine verr\u00e0 immediatamente recepito dai nostri sistemi e messo in lavorazione.<\/li>\n<li>Assistance: You will be assisted by people and not by automated systems, in fact to our customers we guarantee free assistance seven days a week during the order of the service and after the delivery of the same.<\/li>\n<li>Sicurezza: garantiamo ai nostri clienti la navigazione sicura con crittografia dati e gatewey di pagamento evoluti.<\/li>\n<\/ul>\n<h3>Cosa contiene il certificato di immigrazione? Per quanto tempo \u00e8 valido?<\/h3>\n<p>Il documento richiesto contiene le informazioni circa il trasferimento dello straniero in altro paese. In particolare il Certificato di immigrazione riporta:<\/p>\n<ul>\n<li>nome;<\/li>\n<li>cognome;<\/li>\n<li>ultima residenza in Italia;<\/li>\n<li>nuova residenza in altro stato.<\/li>\n<\/ul>\n<p>Il valore temporale del certificato di immigrazione \u00e8 di sei mesi che decorrono della consegna del certificato. Scaduti i sei mesi, il documento non \u00e8 pi\u00f9 valido e non garantisce la veridicit\u00e0 delle informazioni ivi contenute. Tuttavia potr\u00e0 essere richiesto un nuovo certificato nelle modalit\u00e0 di seguito descritte.<\/p>\n<h3>Il certificato di immigrazione ha la funzione di rendere conoscibile anche a terzi il fatto che uno straniero ha lasciato l\u2019Italia per trasferirsi in altro stato.<\/h3>\n<p>N.B. I certificati possono essere rilasciati dal comune con bollo o senza bollo. In caso imposta di bollo la stessa \u00e8 di euro 16,00 + 0,26 per i diritti di segreteria, in caso di mancanza di imposta di bollo, si dovranno soltanto euro 0,26 per i diritti di segreteria.<\/p>\n<p>Come richiedere il certificato di immigrazione su Sportello Certificati?<\/p>\n<p>Obtaining the document is very simple:<\/p>\n<ul>\n<li>fill in the request form;<\/li>\n<li>add the service to the shopping cart;<\/li>\n<li>go to the checkout to complete the payment.<\/li>\n<\/ul>\n<p>La registrazione \u00e8 necessaria solo per il primo acquisto. Per tutti gli acquisti successivi \u00e8 possibile utilizzare le credenziali di accesso immesse nella fase di registrazione.<\/p>\n<h3>In quanto tempo viene consegnato il certificato di immigrazione? Come viene consegnato?<\/h3>\n<p>Il certificato pu\u00f2 essere consegnato al diretto interessato o a terzi via e-mail, oppure tramite posta raccomandanta a.r..<\/p>\n<p>Posto che non tutti i comuni hanno le stesse tempistiche nell\u2019evasione dei certificati,<\/p>\n<p>i tempi di consegna del certificato d\u2019immigrazione in formato pdf mediamente previsti sono 15 giorni lavorativi.<\/p>\n<p>Tuttavia \u00e8 possibile, in caso di richiesta urgente, avere la consegna del certificato entro 7 giorni lavorativi, e se detta tempistica non viene rispettata, la somma versata per la consegna urgente verr\u00e0 riaccreditata al cliente.<\/p>\n<p>To ask for any clarification on the matter you can send your requests from the contact us page.<\/p>\n<p>Se preferite ci potete contattare \u00a0via e-mail all\u2019indirizzo info@sportellocertificati.it oppure via chat, accedendo dalla nostra homepage.<\/p>","protected":false},"excerpt":{"rendered":"<p><a href=\"#richiedi-qui-il-certificato\"><img loading=\"lazy\" decoding=\"async\" class=\"alignnone wp-image-1036\" src=\"https:\/\/www.sportellocertificati.it\/wp-content\/uploads\/2020\/05\/richiedi-il-certificato-qui-2.png\" alt=\"\" width=\"240\" height=\"43\" srcset=\"https:\/\/www.sportellocertificati.it\/wp-content\/uploads\/2020\/05\/richiedi-il-certificato-qui-2.png 737w, https:\/\/www.sportellocertificati.it\/wp-content\/uploads\/2020\/05\/richiedi-il-certificato-qui-2-300x54.png 300w, https:\/\/www.sportellocertificati.it\/wp-content\/uploads\/2020\/05\/richiedi-il-certificato-qui-2-600x107.png 600w\" sizes=\"auto, (max-width: 240px) 100vw, 240px\" \/><\/a><\/p>\n<ul>\n<li>Il Certificato di immigrazione attesta il mutamento di residenza di un cittadino straniero dall\u2019Italia in altro paese estero.<\/li>\n<li>Riporta i seguenti dati: nome completo, ultima residenza in Italia e la nuova residenza in altro stato in cui il cittadino straniero si \u00e8 trasferito.<\/li>\n<li>Su Sportello Certificati ricevi il documento ufficiale rilasciato dall\u2019Ufficio Anagrafe del comune di residenza italiano della persona fisica.<\/li>\n<li>B2B service for law firms, professional firms and companies.<\/li>\n<li>Consegna via email a partire da 7 giorni lavorativi o via raccomandata a.r.. anche fuori dai confini nazionali.<\/li>\n<li>Assistenza clienti h24 via telefono, email, chat, whatsapp.<\/li>\n<li>Secure payment systems with data encryption.<\/li>\n<li>Get the document in a few clicks.<\/li>\n<\/ul>\n<p><a href=\"https:\/\/www.sportellocertificati.it\/prodotto\/certificato-di-immigrazione\/#tab-description\">&gt; Leggi la descrizione completa<\/a><br \/>\n<a name=\"richiedi-qui-il-certificato\"><\/a><\/p>","protected":false},"featured_media":29991,"comment_status":"open","ping_status":"closed","template":"","meta":{"_kad_blocks_custom_css":"","_kad_blocks_head_custom_js":"","_kad_blocks_body_custom_js":"","_kad_blocks_footer_custom_js":"","ocean_post_layout":"","ocean_both_sidebars_style":"","ocean_both_sidebars_content_width":0,"ocean_both_sidebars_sidebars_width":0,"ocean_sidebar":"0","ocean_second_sidebar":"0","ocean_disable_margins":"enable","ocean_add_body_class":"","ocean_shortcode_before_top_bar":"","ocean_shortcode_after_top_bar":"","ocean_shortcode_before_header":"","ocean_shortcode_after_header":"","ocean_has_shortcode":"","ocean_shortcode_after_title":"","ocean_shortcode_before_footer_widgets":"","ocean_shortcode_after_footer_widgets":"","ocean_shortcode_before_footer_bottom":"","ocean_shortcode_after_footer_bottom":"","ocean_display_top_bar":"default","ocean_display_header":"default","ocean_header_style":"","ocean_center_header_left_menu":"0","ocean_custom_header_template":"0","ocean_custom_logo":0,"ocean_custom_retina_logo":0,"ocean_custom_logo_max_width":0,"ocean_custom_logo_tablet_max_width":0,"ocean_custom_logo_mobile_max_width":0,"ocean_custom_logo_max_height":0,"ocean_custom_logo_tablet_max_height":0,"ocean_custom_logo_mobile_max_height":0,"ocean_header_custom_menu":"0","ocean_menu_typo_font_family":"0","ocean_menu_typo_font_subset":"","ocean_menu_typo_font_size":0,"ocean_menu_typo_font_size_tablet":0,"ocean_menu_typo_font_size_mobile":0,"ocean_menu_typo_font_size_unit":"px","ocean_menu_typo_font_weight":"","ocean_menu_typo_font_weight_tablet":"","ocean_menu_typo_font_weight_mobile":"","ocean_menu_typo_transform":"","ocean_menu_typo_transform_tablet":"","ocean_menu_typo_transform_mobile":"","ocean_menu_typo_line_height":0,"ocean_menu_typo_line_height_tablet":0,"ocean_menu_typo_line_height_mobile":0,"ocean_menu_typo_line_height_unit":"","ocean_menu_typo_spacing":0,"ocean_menu_typo_spacing_tablet":0,"ocean_menu_typo_spacing_mobile":0,"ocean_menu_typo_spacing_unit":"","ocean_menu_link_color":"","ocean_menu_link_color_hover":"","ocean_menu_link_color_active":"","ocean_menu_link_background":"","ocean_menu_link_hover_background":"","ocean_menu_link_active_background":"","ocean_menu_social_links_bg":"","ocean_menu_social_hover_links_bg":"","ocean_menu_social_links_color":"","ocean_menu_social_hover_links_color":"","ocean_disable_title":"default","ocean_disable_heading":"default","ocean_post_title":"","ocean_post_subheading":"","ocean_post_title_style":"","ocean_post_title_background_color":"","ocean_post_title_background":0,"ocean_post_title_bg_image_position":"","ocean_post_title_bg_image_attachment":"","ocean_post_title_bg_image_repeat":"","ocean_post_title_bg_image_size":"","ocean_post_title_height":0,"ocean_post_title_bg_overlay":0.5,"ocean_post_title_bg_overlay_color":"","ocean_disable_breadcrumbs":"default","ocean_breadcrumbs_color":"","ocean_breadcrumbs_separator_color":"","ocean_breadcrumbs_links_color":"","ocean_breadcrumbs_links_hover_color":"","ocean_display_footer_widgets":"default","ocean_display_footer_bottom":"default","ocean_custom_footer_template":"0"},"product_brand":[],"product_cat":[19],"product_tag":[23],"class_list":{"0":"post-554","1":"product","2":"type-product","3":"status-publish","4":"has-post-thumbnail","6":"product_cat-anagrafe","7":"product_tag-certificati-comunali","9":"entry","10":"has-media","12":"first","13":"instock","14":"virtual","15":"sold-individually","16":"taxable","17":"purchasable","18":"product-type-simple","19":"col","20":"span_1_of_5","21":"owp-content-center","22":"owp-thumbs-layout-vertical","23":"owp-btn-normal","24":"owp-tabs-layout-horizontal","25":"has-no-thumbnails","26":"circle-sale"},"taxonomy_info":{"product_cat":[{"value":19,"label":"Anagrafe"}],"product_tag":[{"value":23,"label":"Certificati Comunali"}]},"featured_image_src_large":["https:\/\/www.sportellocertificati.it\/wp-content\/uploads\/2019\/01\/certificato-di-immigrazionejpg.jpg",800,800,false],"author_info":[],"comment_info":0,"_links":{"self":[{"href":"https:\/\/www.sportellocertificati.it\/en\/wp-json\/wp\/v2\/product\/554","targetHints":{"allow":["GET"]}}],"collection":[{"href":"https:\/\/www.sportellocertificati.it\/en\/wp-json\/wp\/v2\/product"}],"about":[{"href":"https:\/\/www.sportellocertificati.it\/en\/wp-json\/wp\/v2\/types\/product"}],"replies":[{"embeddable":true,"href":"https:\/\/www.sportellocertificati.it\/en\/wp-json\/wp\/v2\/comments?post=554"}],"wp:featuredmedia":[{"embeddable":true,"href":"https:\/\/www.sportellocertificati.it\/en\/wp-json\/wp\/v2\/media\/29991"}],"wp:attachment":[{"href":"https:\/\/www.sportellocertificati.it\/en\/wp-json\/wp\/v2\/media?parent=554"}],"wp:term":[{"taxonomy":"product_brand","embeddable":true,"href":"https:\/\/www.sportellocertificati.it\/en\/wp-json\/wp\/v2\/product_brand?post=554"},{"taxonomy":"product_cat","embeddable":true,"href":"https:\/\/www.sportellocertificati.it\/en\/wp-json\/wp\/v2\/product_cat?post=554"},{"taxonomy":"product_tag","embeddable":true,"href":"https:\/\/www.sportellocertificati.it\/en\/wp-json\/wp\/v2\/product_tag?post=554"}],"curies":[{"name":"wp","href":"https:\/\/api.w.org\/{rel}","templated":true}]}}