{"id":816,"date":"2019-01-20T20:50:09","date_gmt":"2019-01-20T20:50:09","guid":{"rendered":"https:\/\/www.sportellocertificati.it\/?post_type=product&#038;p=816"},"modified":"2026-03-03T13:30:56","modified_gmt":"2026-03-03T13:30:56","slug":"certificato-di-stato-libero","status":"publish","type":"product","link":"https:\/\/www.sportellocertificati.it\/en\/product\/certificato-di-stato-libero\/","title":{"rendered":"Certificato di Stato Libero"},"content":{"rendered":"<h2>Il certificato di Stato Libero \u00e8 il documento che riporta lo stato libero di una persona fisica, ovvero l\u2019assenza di vincoli matrimoniali. Il documento contiene i dati anagrafici della persona con specifica sul suo stato libero (celibe\/vedovo\/divorziato).<\/h2>\n<p>Il certificato di Stato Libero \u00e8 estratto direttamente dall\u2019Ufficio Di Stato Civile del Comune di riferimento. Pertanto, per richiederlo \u00e8 necessario essere a conoscenza del nome, del cognome, della data di nascita e del Comune di residenza della persona fisica sulla quale si intende ottenere il documento che attesti la sua assenza di vincoli matrimoniali.<\/p>\n<h3>Cos\u2019\u00e8 il certificato di Stato Libero? Chi pu\u00f2 richiederlo?<\/h3>\n<p>Il Certificato di Stato Libero attesta lo stato libero di un soggetto e i suoi dati anagrafici.<\/p>\n<p>Il certificato di Stato Libero pu\u00f2 essere richiesto sia da diretti interessati sia da terzi (in tal caso alcuni comuni possono richiedere una specifica delega con copia del documento di identit\u00e0), purch\u00e9 gli stessi siano a conoscenza del nome completo, della data di nascita e del comune di residenza della persona fisica sulla quale si intende conoscere lo stato di libert\u00e0 in pi\u00f9 il richiedente deve conoscere l\u2019uso al quale il documento \u00e8 destinato al fine di stabilire l\u2019imposta di bollo dovuta.<\/p>\n<h3>Perch\u00e9 richiedere il Certificato di Stato Libero su Sportello Certificati?<\/h3>\n<p>Su Sportello Certificati ottieni il Certificato di Stato Libero ufficiale rilasciato dall\u2019Ufficio Stato Civile e usufruisci delle caratteristiche che ci distinguono:<\/p>\n<ul>\n<li>Velocit\u00e0: puoi ottenere il certificato di stato libero in un paio di click, l\u2019ordine verr\u00e0 immediatamente recepito dai nostri sistemi e messo in lavorazione.<\/li>\n<li>Assistenza: Sarete assistiti da persone e non da sistemi automatizzati, infatti ai nostri clienti garantiamo assistenza gratuita sette giorni su sette sia durante l\u2019ordine del servizio sia successivamente all\u2019erogazione dello stesso.<\/li>\n<li>Sicurezza: garantiamo ai nostri clienti la navigazione sicura con crittografia dati e gatewey di pagamento evoluti.<\/li>\n<\/ul>\n<h3>Cosa contiene il Certificato di Stato Libero? Per quanto tempo \u00e8 valido?<\/h3>\n<p>Il Certificato di Stato Libero ha la funzione di accertare lo stato libero di un soggetto. In particolare, il documento attesta: nome, cognome, data di nascita della persona fisica e il suo stato (civile) libero, ovvero se \u00e8 nubile\/celibe, separato, divorziato o vedovo.<\/p>\n<p>Richiedere un Certificato di Stato Libero pu\u00f2 essere utile al fine di: ottenere un mutuo, completare una compravendita immobiliare, oppure in occasione di documentazione da esibire in caso di matrimonio, o ancora all\u2019apertura di una successione.<\/p>\n<p>Il valore temporale del certificato di Stato Libero \u00e8 di sei mesi che decorrono della consegna del certificato. Scaduti i sei mesi, il documento non \u00e8 pi\u00f9 valido e non garantisce la veridicit\u00e0 delle informazioni ivi contenute. Tuttavia, l\u2019intestatario potr\u00e0 prorogarne il termine dichiarando che il suo stato libero non \u00e8 mutato. In ogni caso potr\u00e0 essere richiesto un nuovo certificato nelle modalit\u00e0 di seguito descritte.<\/p>\n<p>Il certificato di Stato Libero viene rilasciato dietro imposta di bollo, e il costo varia secondo l\u2019uso che il richiedente deve fare.<\/p>\n<h3>Come richiedere il Certificato di Stato Libero?<\/h3>\n<p>Obtaining the document is very simple:<\/p>\n<ul>\n<li>compilare il form di richiesta,<\/li>\n<li>aggiungere il servizio al carrello,<\/li>\n<li>go to the checkout to complete the payment.<\/li>\n<\/ul>\n<p>La registrazione \u00e8 necessaria solo per il primo acquisto. Per tutti gli acquisti successivi \u00e8 possibile utilizzare le credenziali di accesso immessenella fase di registrazione.<\/p>\n<h3>In quanto tempo viene consegnato il Certificato di Stato Libero? Come viene consegnato?<\/h3>\n<p>Il certificato pu\u00f2 essere consegnato via e-mail in formato pdf o se richiesto via posta o corriere anche fuori dal territorio nazionale.<\/p>\n<p>Nello specifico, se richiesto, l&#8217;originale cartaceo viene spedito:<\/p>\n<ul>\n<li>via posta prioritaria 1 sul territorio nazionale;<\/li>\n<li>via posta internazionale su tutto il territorio comunitario;<\/li>\n<li>via corriere internazionale espresso in nord e sud America (in sette giorni lavorativi).<\/li>\n<\/ul>\n<p>I tempi di consegna del documento nella modalit\u00e0 standard sono mediamente 15 giorni lavorativi.\u00a0\u00c8 possibile per\u00f2 ottenere il certificato in tempi ridotti se la richiesta viene fatta nelle seguenti modalit\u00e0:<\/p>\n<ul>\n<li>\u00a0Fast: consegna a partire da 3 giorni lavorativi;<\/li>\n<li>Urgente: consegna a partire da 7 giorni lavorativi.<\/li>\n<\/ul>\n<p>Per chiarezza \u00e8 necessario specificare che non tutti i comuni hanno le medesime tempistiche di evasione dei certificati, pertanto i tempi suddetti per la richieste effettuate nelle modalit\u00e0 \u201cfast\u201d e \u201curgente\u201d potrebbero non essere rispettati per cause non a noi imputabili, tuttavia se ci\u00f2 si verifica, garantiamo ai nostri clienti il rimborso della somma versata extra per la consegna nei tempi ridotti.<\/p>\n<p><em><strong>N.B. I tempi di consegna si riferiscono al documento in formato pdf evaso via email.<\/strong><\/em><\/p>\n<p><strong>ATTENZIONE: Il documento non \u00e8 rilasciabile On line \u00a0ai cittadini Italiani iscritti AIRE che devono richiederlo alle competenti Ambasciate o autorit\u00e0 Consolari e dai cittadini stranieri.<\/strong><\/p>\n<p>To ask for any clarification on the matter you can send your requests from the contact us page.<\/p>\n<p>Il documento \u00e8 anche richiesibile in maniera gratuita tramite SPID attraverso \u00a0il sito governativo https:\/\/www.anagrafenazionale.interno.it\/area-cittadino\/certificati\/<\/p>\n<p>Se preferite ci potete contattare via e-mail all\u2019indirizzo info@sportellocertificati.it oppure via chat, accedendo dalla nostra homepage.<\/p>","protected":false},"excerpt":{"rendered":"<p><a href=\"https:\/\/www.sportellocertificati.it\/prodotto\/certificato-di-stato-libero\/#richiedi-qui-il-certificato\"><img loading=\"lazy\" decoding=\"async\" class=\"alignnone wp-image-1036\" src=\"https:\/\/www.sportellocertificati.it\/wp-content\/uploads\/2020\/05\/richiedi-il-certificato-qui-2.png\" alt=\"\" width=\"240\" height=\"43\" srcset=\"https:\/\/www.sportellocertificati.it\/wp-content\/uploads\/2020\/05\/richiedi-il-certificato-qui-2.png 737w, https:\/\/www.sportellocertificati.it\/wp-content\/uploads\/2020\/05\/richiedi-il-certificato-qui-2-300x54.png 300w, https:\/\/www.sportellocertificati.it\/wp-content\/uploads\/2020\/05\/richiedi-il-certificato-qui-2-600x107.png 600w\" sizes=\"auto, (max-width: 240px) 100vw, 240px\" \/><\/a><\/p>\n<ul>\n<li>Il Certificato di stato libero attesta che una persona fisica non \u00e8 legata da vincoli matrimoniali al momento del rilascio del certificato.<\/li>\n<li>Riporta i seguenti dati: nome completo, data di nascita del soggetto, annotazione che lo stesso \u00e8 \u201clibero\u201d (celibe, nubile, vedovo, divorziato).<\/li>\n<li>Su Sportello Certificati ricevi il documento ufficiale rilasciato dall\u2019Ufficio di Stato Civile del comune di residenza della persona fisica.<\/li>\n<li>Richiedi il certificato in qualunque comune presente sul territorio nazionale.<\/li>\n<li>Consegna via e-mail a partire da 3 giorni lavorativi.<\/li>\n<li>Spedizione via posta\/corriere anche fuori dai confini nazionali.<\/li>\n<li>B2B service for law firms, professional firms and companies.<\/li>\n<li>Assistenza clienti h24 via telefono, email, chat, whatsapp.<\/li>\n<li>Secure payment systems with data encryption.<\/li>\n<li>Get the document in a few clicks.<\/li>\n<\/ul>\n<p><em><strong>Do you have special needs? Contact us, we will find a way to get your document as soon as possible!<\/strong><\/em><\/p>\n<p><a href=\"https:\/\/www.sportellocertificati.it\/prodotto\/certificato-di-stato-libero\/#tab-description\">&gt; Leggi la descrizione completa<\/a><br \/>\n<a name=\"richiedi-qui-il-certificato\"><\/a><\/p>\n<hr \/>\n<p><em><strong>-Clicca per visualizzare il documento<\/strong><\/em><\/p>\n<p><a href=\"https:\/\/www.sportellocertificati.it\/wp-content\/uploads\/2019\/05\/esempio-Certificato-di-stato-libero.pdf\" target=\"_blank\" rel=\"noopener noreferrer\">Esempio Certificato di Stato Libero<\/a><\/p>","protected":false},"featured_media":29986,"comment_status":"open","ping_status":"closed","template":"","meta":{"_kad_blocks_custom_css":"","_kad_blocks_head_custom_js":"","_kad_blocks_body_custom_js":"","_kad_blocks_footer_custom_js":"","ocean_post_layout":"","ocean_both_sidebars_style":"","ocean_both_sidebars_content_width":0,"ocean_both_sidebars_sidebars_width":0,"ocean_sidebar":"0","ocean_second_sidebar":"0","ocean_disable_margins":"enable","ocean_add_body_class":"","ocean_shortcode_before_top_bar":"","ocean_shortcode_after_top_bar":"","ocean_shortcode_before_header":"","ocean_shortcode_after_header":"","ocean_has_shortcode":"","ocean_shortcode_after_title":"","ocean_shortcode_before_footer_widgets":"","ocean_shortcode_after_footer_widgets":"","ocean_shortcode_before_footer_bottom":"","ocean_shortcode_after_footer_bottom":"","ocean_display_top_bar":"default","ocean_display_header":"default","ocean_header_style":"","ocean_center_header_left_menu":"0","ocean_custom_header_template":"0","ocean_custom_logo":0,"ocean_custom_retina_logo":0,"ocean_custom_logo_max_width":0,"ocean_custom_logo_tablet_max_width":0,"ocean_custom_logo_mobile_max_width":0,"ocean_custom_logo_max_height":0,"ocean_custom_logo_tablet_max_height":0,"ocean_custom_logo_mobile_max_height":0,"ocean_header_custom_menu":"0","ocean_menu_typo_font_family":"0","ocean_menu_typo_font_subset":"","ocean_menu_typo_font_size":0,"ocean_menu_typo_font_size_tablet":0,"ocean_menu_typo_font_size_mobile":0,"ocean_menu_typo_font_size_unit":"px","ocean_menu_typo_font_weight":"","ocean_menu_typo_font_weight_tablet":"","ocean_menu_typo_font_weight_mobile":"","ocean_menu_typo_transform":"","ocean_menu_typo_transform_tablet":"","ocean_menu_typo_transform_mobile":"","ocean_menu_typo_line_height":0,"ocean_menu_typo_line_height_tablet":0,"ocean_menu_typo_line_height_mobile":0,"ocean_menu_typo_line_height_unit":"","ocean_menu_typo_spacing":0,"ocean_menu_typo_spacing_tablet":0,"ocean_menu_typo_spacing_mobile":0,"ocean_menu_typo_spacing_unit":"","ocean_menu_link_color":"","ocean_menu_link_color_hover":"","ocean_menu_link_color_active":"","ocean_menu_link_background":"","ocean_menu_link_hover_background":"","ocean_menu_link_active_background":"","ocean_menu_social_links_bg":"","ocean_menu_social_hover_links_bg":"","ocean_menu_social_links_color":"","ocean_menu_social_hover_links_color":"","ocean_disable_title":"default","ocean_disable_heading":"default","ocean_post_title":"","ocean_post_subheading":"","ocean_post_title_style":"","ocean_post_title_background_color":"","ocean_post_title_background":0,"ocean_post_title_bg_image_position":"","ocean_post_title_bg_image_attachment":"","ocean_post_title_bg_image_repeat":"","ocean_post_title_bg_image_size":"","ocean_post_title_height":0,"ocean_post_title_bg_overlay":0.5,"ocean_post_title_bg_overlay_color":"","ocean_disable_breadcrumbs":"default","ocean_breadcrumbs_color":"","ocean_breadcrumbs_separator_color":"","ocean_breadcrumbs_links_color":"","ocean_breadcrumbs_links_hover_color":"","ocean_display_footer_widgets":"default","ocean_display_footer_bottom":"default","ocean_custom_footer_template":"0"},"product_brand":[],"product_cat":[20],"product_tag":[23],"class_list":{"0":"post-816","1":"product","2":"type-product","3":"status-publish","4":"has-post-thumbnail","6":"product_cat-stato-civile","7":"product_tag-certificati-comunali","9":"entry","10":"has-media","12":"first","13":"instock","14":"virtual","15":"sold-individually","16":"taxable","17":"purchasable","18":"product-type-simple","19":"has-rating","20":"col","21":"span_1_of_5","22":"owp-content-center","23":"owp-thumbs-layout-vertical","24":"owp-btn-normal","25":"owp-tabs-layout-horizontal","26":"has-no-thumbnails","27":"circle-sale"},"taxonomy_info":{"product_cat":[{"value":20,"label":"Stato Civile"}],"product_tag":[{"value":23,"label":"Certificati Comunali"}]},"featured_image_src_large":["https:\/\/www.sportellocertificati.it\/wp-content\/uploads\/2019\/01\/certificato-di-stato-libero.jpg",800,800,false],"author_info":[],"comment_info":3,"_links":{"self":[{"href":"https:\/\/www.sportellocertificati.it\/en\/wp-json\/wp\/v2\/product\/816","targetHints":{"allow":["GET"]}}],"collection":[{"href":"https:\/\/www.sportellocertificati.it\/en\/wp-json\/wp\/v2\/product"}],"about":[{"href":"https:\/\/www.sportellocertificati.it\/en\/wp-json\/wp\/v2\/types\/product"}],"replies":[{"embeddable":true,"href":"https:\/\/www.sportellocertificati.it\/en\/wp-json\/wp\/v2\/comments?post=816"}],"wp:featuredmedia":[{"embeddable":true,"href":"https:\/\/www.sportellocertificati.it\/en\/wp-json\/wp\/v2\/media\/29986"}],"wp:attachment":[{"href":"https:\/\/www.sportellocertificati.it\/en\/wp-json\/wp\/v2\/media?parent=816"}],"wp:term":[{"taxonomy":"product_brand","embeddable":true,"href":"https:\/\/www.sportellocertificati.it\/en\/wp-json\/wp\/v2\/product_brand?post=816"},{"taxonomy":"product_cat","embeddable":true,"href":"https:\/\/www.sportellocertificati.it\/en\/wp-json\/wp\/v2\/product_cat?post=816"},{"taxonomy":"product_tag","embeddable":true,"href":"https:\/\/www.sportellocertificati.it\/en\/wp-json\/wp\/v2\/product_tag?post=816"}],"curies":[{"name":"wp","href":"https:\/\/api.w.org\/{rel}","templated":true}]}}