{"id":823,"date":"2019-01-20T22:23:40","date_gmt":"2019-01-20T22:23:40","guid":{"rendered":"https:\/\/www.sportellocertificati.it\/?post_type=product&#038;p=823"},"modified":"2026-03-03T13:32:02","modified_gmt":"2026-03-03T13:32:02","slug":"certificato-contestuale-di-residenza-e-di-stato-di-famiglia","status":"publish","type":"product","link":"https:\/\/www.sportellocertificati.it\/en\/product\/certificato-contestuale-di-residenza-e-di-stato-di-famiglia\/","title":{"rendered":"Certificato Contestuale di Residenza e di Stato di Famiglia"},"content":{"rendered":"<h2>Il certificato contestuale di residenza e di stato di famiglia \u00e8 un unico documento in cui sono riportati la residenza attuale di una persona fisica con le ulteriori indicazioni dei dati anagrafici di tutti i componenti della sua famiglia, residenti in un stesso Comune.<\/h2>\n<p>Il certificato contestuale di residenza e di stato di famiglia \u00e8 estratto direttamente dall\u2019Ufficio Anagrafe del Comune. Pertanto, per richiederlo \u00e8 necessario essere a conoscenza del nome, del cognome, della data di nascita e del Comune di residenza della persona fisica sulla quale si intende ottenere il documento.<\/p>\n<h3>Cos\u2019\u00e8 il certificato contestuale di residenza e stato di famiglia? Chi pu\u00f2 richiederlo?<\/h3>\n<p>Il certificato contestuale di residenza e stato di famiglia \u00e8 il documento attestante il luogo di dimora attuale di una persona e tutti i componenti del suo nucleo familiare.<\/p>\n<p>Tale estratto pu\u00f2 essere richiesto sia dal diretto interessato sia da terzi che intendono reperire l\u2019effettiva residenza di un soggetto e conoscere la composizione anagrafica dei familiari di quest\u2019ultimo.<\/p>\n<p>\u00c8 necessario far presente secondo la Repubblica Italiana, per composizione anagrafica si intende far riferimento al concetto di famiglia \u201cagli effetti anagrafici\u201d, ovvero famiglia risultante dall\u2019ufficio anagrafe.<\/p>\n<p>I componenti della famiglia anagrafica sono persone debitamente iscritte allo stesso Ufficio Anagrafe, solitamente legate tra loro da un vincolo (matrimonio, adozione, affinit\u00e0, parentela) e coabitano nella stessa dimora dello stesso comune. Quindi, il certificato di Stato di Famiglia include anche i \u201cnon familiari\u201d (in senso stretto) che coabitano nello stesso stabile.<\/p>\n<h3>Perch\u00e9 richiederlo su Sportello Certificati?<\/h3>\n<p>Su Sportello Certificati ottieni il certificato contestuale di residenza e di stato di famiglia ufficiale rilasciato dall\u2019Ufficio Anagrafe e usufruisci delle caratteristiche che ci distinguono:<\/p>\n<ul>\n<li>Velocit\u00e0: puoi ottenere il certificato contestuale di residenza e di stato di famiglia in un paio di click, l\u2019ordine verr\u00e0 immediatamente recepito dai nostri sistemi e messo in lavorazione.<\/li>\n<li>Assistance: You will be assisted by people and not by automated systems, in fact to our customers we guarantee free assistance seven days a week during the order of the service and after the delivery of the same.<\/li>\n<li>Sicurezza: garantiamo ai nostri clienti la navigazione sicura con crittografia dati e gatewey di pagamento evoluti.<\/li>\n<\/ul>\n<h3>Cosa contiene il certificato contestuale di residenza e di stato di famiglia? Per quanto tempo \u00e8 valido?<\/h3>\n<p>Il documento richiesto contiene le informazioni circa la residenza della persona fisica e circa il nucleo familiare dello stesso, trascritte nel registro di Anagrafe del Comune di residenza. In particolare il certificato attesta: Nome, Cognome, Data di Nascita, Comune di Nascita, Comune di Residenza attuale, Indirizzo di Residenza attuale della persona fisica e di ogni singolo componente della famiglia anagrafica (che vive nella stessa abitazione), precisando l\u2019eventuale rapporto di parentela tra i vari componenti della stessa.<\/p>\n<p>Il valore temporale del certificato contestuale di residenza e stato di famiglia \u00e8 di sei mesi che decorrono della consegna del certificato. Scaduti i sei mesi, il documento non \u00e8 pi\u00f9 valido e non garantisce la veridicit\u00e0 delle informazioni ivi contenute. Tuttavia, potr\u00e0 essere richiesto un nuovo certificato nelle modalit\u00e0 di seguito descritte.<\/p>\n<p>Il certificato contestuale di residenza e stato di famiglia serve dunque tutte le volte in cui necessita conoscere l\u2019effettiva residenza e il nucleo familiare di una persona fisica ad esempio l\u2019iscrizione di un bimbo ad un asilo nido comunale, iscrizione a un concorso, stipulazione di contratti le con le banche, ottenere un mutuo, richiesta di assegni familiari, calcolo ISEE, stipula di un contratto di lavoro, stipula di un contratto di assicurazione (auto), infortuni sul lavoro, istituzione di un fondo familiare ecc., oppure si pensi al comunissimo caso della notifica da parte dell\u2019avvocato di un atto di citazione all\u2019indirizzo del convenuto.<\/p>\n<p>A tal proposito \u00e8 necessario far presente che i certificati ad uso notifica degli atti giudiziari sono esenti da marca da bollo ai sensi del DPR n. 115\/2002, poich\u00e9 si tratta di atti funzionali al procedimento giurisdizionale. In particolare, sono esenti tutti i certificati anagrafici (compreso quello di residenza) funzionali ai procedimenti giurisdizionali in materia di:<\/p>\n<ul>\n<li>procedimenti in materia di affidamento di minore;<\/li>\n<li>procedimenti in materia di adozione di minore;<\/li>\n<li>procedimenti in materia di tutela di minore;<\/li>\n<li>procedimenti in materia di scioglimento o cessazione degli effetti civili del matrimonio;<\/li>\n<li>procedimenti in materia di assegni familiari;<\/li>\n<li>procedimenti in materia di assicurazioni sociali obbligatorie;<\/li>\n<li>procedimenti in materia di pensioni dirette;<\/li>\n<li>procedimenti in materia di pensioni di reversibilit\u00e0;<\/li>\n<li>procedimenti in materia di pubblico impiego;<\/li>\n<li>procedimenti in materia di lavoro (controversie individuali);<\/li>\n<li>procedimenti in materia di equo canone delle locazioni di immobili urbani;<\/li>\n<li>procedimenti in materia di recupero crediti professionali dei difensori di ufficio;<\/li>\n<li>procedimenti in materia di diritto penale.<\/li>\n<\/ul>\n<h3>Fanno eccezione i certificati contestuali di residenza e stato di famiglia richiesti per i rapporti tra privati che invece necessitano dell\u2019imposta di bollo di euro 16,00 + diritti di segreteria.<\/h3>\n<p>N.B. il certificato contestuale di residenza e stato di famiglia attesta la dimora attuale e il nucleo familiare attuale della persona fisica, non contiene le ulteriori residenze del soggetto, n\u00e9 le residenze precedenti, n\u00e9 indica i precedenti o altri eventuali componenti della famiglia.<\/p>\n<p>Per ottenere informazioni circa tutte le residenze della persona fisica \u00e8 necessario richiedere un ulteriore documento, ovvero, il <a href=\"https:\/\/www.sportellocertificati.it\/prodotto\/certificato-di-residenza\/\" target=\"_blank\" rel=\"noopener noreferrer\">certificato storico di residenza,<\/a> per ottenere tutte le informazioni circa tutti i componenti anche precedenti della persona fisica \u00e8 necessario richiedere un ulteriore documento, ovvero, il certificato storico di famiglia.<\/p>\n<h3>Come richiedere il Certificato contestuale di Residenza e di Stato di Famiglia?<\/h3>\n<p>Obtaining the document is very simple:<\/p>\n<ul>\n<li>compilare il form di richiesta,<\/li>\n<li>aggiungere il servizio al carrello,<\/li>\n<li>go to the checkout to complete the payment.<\/li>\n<\/ul>\n<p>La registrazione \u00e8 necessaria solo per il primo acquisto. Per tutti gli acquisti successivi \u00e8 possibile utilizzare le credenziali di accesso immessenella fase di registrazione.<\/p>\n<h3>In quanto tempo viene consegnato il certificato contestuale di residenza e di stato di famiglia? Come viene consegnato?<\/h3>\n<p>Il certificato pu\u00f2 essere consegnato via e-mail in formato pdf o se richiesto via posta o corriere anche fuori dal territorio nazionale.<\/p>\n<p>Nello specifico, se richiesto, l&#8217;originale cartaceo viene spedito:<\/p>\n<ul>\n<li>via posta prioritaria 1 sul territorio nazionale;<\/li>\n<li>via posta internazionale su tutto il territorio comunitario;<\/li>\n<li>via corriere internazionale espresso in nord e sud America (in sette giorni lavorativi).<\/li>\n<\/ul>\n<p>I tempi di consegna del documento nella modalit\u00e0 standard sono mediamente 15 giorni lavorativi.\u00a0\u00c8 possibile per\u00f2 ottenere il certificato in tempi ridotti se la richiesta viene fatta nelle seguenti modalit\u00e0:<\/p>\n<ul>\n<li>\u00a0Fast: consegna a partire da 3 giorni lavorativi;<\/li>\n<li>Urgente: consegna a partire da 7 giorni lavorativi.<\/li>\n<\/ul>\n<p>Per chiarezza \u00e8 necessario specificare che non tutti i comuni hanno le medesime tempistiche di evasione dei certificati, pertanto i tempi suddetti per la richieste effettuate nelle modalit\u00e0 \u201cfast\u201d e \u201curgente\u201d potrebbero non essere rispettati per cause non a noi imputabili, tuttavia se ci\u00f2 si verifica, garantiamo ai nostri clienti il rimborso della somma versata extra per la consegna nei tempi ridotti.<\/p>\n<p>Il documento \u00e8 anche richiedibile in maniera gratuita tramite SPID attraverso \u00a0il sito governativo https:\/\/www.anagrafenazionale.interno.it\/area-cittadino\/certificati\/<\/p>\n<p><em><strong>N.B. I tempi di consegna si riferiscono al documento in formato pdf evaso via email.<\/strong><\/em><\/p>\n<p>To ask for any clarification on the matter you can send your requests from the contact us page.<\/p>\n<p>Se preferite ci potete contattare via e-mail all\u2019indirizzo info@sportellocertificati.it oppure via chat, accedendo dalla nostra homepage.<\/p>","protected":false},"excerpt":{"rendered":"<p><a href=\"https:\/\/www.sportellocertificati.it\/prodotto\/certificato-contestuale-di-residenza-e-di-stato-di-famiglia\/#richiedi-qui-il-certificato\"><img loading=\"lazy\" decoding=\"async\" class=\"alignnone wp-image-1036\" src=\"https:\/\/www.sportellocertificati.it\/wp-content\/uploads\/2020\/05\/richiedi-il-certificato-qui-2.png\" alt=\"\" width=\"240\" height=\"43\" srcset=\"https:\/\/www.sportellocertificati.it\/wp-content\/uploads\/2020\/05\/richiedi-il-certificato-qui-2.png 737w, https:\/\/www.sportellocertificati.it\/wp-content\/uploads\/2020\/05\/richiedi-il-certificato-qui-2-300x54.png 300w, https:\/\/www.sportellocertificati.it\/wp-content\/uploads\/2020\/05\/richiedi-il-certificato-qui-2-600x107.png 600w\" sizes=\"auto, (max-width: 240px) 100vw, 240px\" \/><\/a><\/p>\n<ul>\n<li>Il Certificato contestuale di residenza e stato di famiglia attesta la residenza attuale e la composizione familiare di una persona fisica e in un determinato Comune.<\/li>\n<li>Riporta i seguenti dati: nome completo, data e luogo di nascita, nucleo familiare, indirizzo e comune di residenza del soggetto.<\/li>\n<li>Su Sportello Certificati ricevi il documento ufficiale rilasciato dall\u2019Ufficio Anagrafe del comune nel quale la persona fisica ha fissato la residenza con la sua famiglia.<\/li>\n<li>Richiedi il certificato in qualunque comune presente sul territorio nazionale.<\/li>\n<li>Consegna via e-mail a partire da 3 giorni lavorativi.<\/li>\n<li>Spedizione via posta\/corriere anche fuori dai confini nazionali.<\/li>\n<li>B2B service for law firms, professional firms and companies.<\/li>\n<li>24 hour customer service by phone, email, chat, whatsApp.<\/li>\n<li>Secure payment systems with data encryption.<\/li>\n<li>Get the document in a few clicks.<\/li>\n<\/ul>\n<p><em><strong>Do you have special needs? Contact us, we will find a way to get your document as soon as possible!<\/strong><\/em><\/p>\n<p><a href=\"https:\/\/www.sportellocertificati.it\/prodotto\/certificato-contestuale-di-residenza-e-di-stato-di-famiglia\/#tab-description\">&gt; Leggi la descrizione completa<\/a><br \/>\n<a name=\"richiedi-qui-il-certificato\"><\/a><\/p>\n<hr \/>\n<p><strong><em>&#8211; Clicca per visualizzare il documento<\/em><\/strong><\/p>\n<p><a href=\"https:\/\/www.sportellocertificati.it\/wp-content\/uploads\/2019\/05\/esempio-certificato-contestuale.pdf\" target=\"_blank\" rel=\"noopener noreferrer\">Esempio Certificato Contestuale<\/a><\/p>","protected":false},"featured_media":29983,"comment_status":"open","ping_status":"closed","template":"","meta":{"_kad_blocks_custom_css":"","_kad_blocks_head_custom_js":"","_kad_blocks_body_custom_js":"","_kad_blocks_footer_custom_js":"","ocean_post_layout":"","ocean_both_sidebars_style":"","ocean_both_sidebars_content_width":0,"ocean_both_sidebars_sidebars_width":0,"ocean_sidebar":"0","ocean_second_sidebar":"0","ocean_disable_margins":"enable","ocean_add_body_class":"","ocean_shortcode_before_top_bar":"","ocean_shortcode_after_top_bar":"","ocean_shortcode_before_header":"","ocean_shortcode_after_header":"","ocean_has_shortcode":"","ocean_shortcode_after_title":"","ocean_shortcode_before_footer_widgets":"","ocean_shortcode_after_footer_widgets":"","ocean_shortcode_before_footer_bottom":"","ocean_shortcode_after_footer_bottom":"","ocean_display_top_bar":"default","ocean_display_header":"default","ocean_header_style":"","ocean_center_header_left_menu":"0","ocean_custom_header_template":"0","ocean_custom_logo":0,"ocean_custom_retina_logo":0,"ocean_custom_logo_max_width":0,"ocean_custom_logo_tablet_max_width":0,"ocean_custom_logo_mobile_max_width":0,"ocean_custom_logo_max_height":0,"ocean_custom_logo_tablet_max_height":0,"ocean_custom_logo_mobile_max_height":0,"ocean_header_custom_menu":"0","ocean_menu_typo_font_family":"0","ocean_menu_typo_font_subset":"","ocean_menu_typo_font_size":0,"ocean_menu_typo_font_size_tablet":0,"ocean_menu_typo_font_size_mobile":0,"ocean_menu_typo_font_size_unit":"px","ocean_menu_typo_font_weight":"","ocean_menu_typo_font_weight_tablet":"","ocean_menu_typo_font_weight_mobile":"","ocean_menu_typo_transform":"","ocean_menu_typo_transform_tablet":"","ocean_menu_typo_transform_mobile":"","ocean_menu_typo_line_height":0,"ocean_menu_typo_line_height_tablet":0,"ocean_menu_typo_line_height_mobile":0,"ocean_menu_typo_line_height_unit":"","ocean_menu_typo_spacing":0,"ocean_menu_typo_spacing_tablet":0,"ocean_menu_typo_spacing_mobile":0,"ocean_menu_typo_spacing_unit":"","ocean_menu_link_color":"","ocean_menu_link_color_hover":"","ocean_menu_link_color_active":"","ocean_menu_link_background":"","ocean_menu_link_hover_background":"","ocean_menu_link_active_background":"","ocean_menu_social_links_bg":"","ocean_menu_social_hover_links_bg":"","ocean_menu_social_links_color":"","ocean_menu_social_hover_links_color":"","ocean_disable_title":"default","ocean_disable_heading":"default","ocean_post_title":"","ocean_post_subheading":"","ocean_post_title_style":"","ocean_post_title_background_color":"","ocean_post_title_background":0,"ocean_post_title_bg_image_position":"","ocean_post_title_bg_image_attachment":"","ocean_post_title_bg_image_repeat":"","ocean_post_title_bg_image_size":"","ocean_post_title_height":0,"ocean_post_title_bg_overlay":0.5,"ocean_post_title_bg_overlay_color":"","ocean_disable_breadcrumbs":"default","ocean_breadcrumbs_color":"","ocean_breadcrumbs_separator_color":"","ocean_breadcrumbs_links_color":"","ocean_breadcrumbs_links_hover_color":"","ocean_display_footer_widgets":"default","ocean_display_footer_bottom":"default","ocean_custom_footer_template":"0"},"product_brand":[],"product_cat":[19],"product_tag":[23],"class_list":{"0":"post-823","1":"product","2":"type-product","3":"status-publish","4":"has-post-thumbnail","6":"product_cat-anagrafe","7":"product_tag-certificati-comunali","9":"entry","10":"has-media","12":"first","13":"instock","14":"virtual","15":"sold-individually","16":"taxable","17":"purchasable","18":"product-type-simple","19":"has-rating","20":"col","21":"span_1_of_5","22":"owp-content-center","23":"owp-thumbs-layout-vertical","24":"owp-btn-normal","25":"owp-tabs-layout-horizontal","26":"has-no-thumbnails","27":"circle-sale"},"taxonomy_info":{"product_cat":[{"value":19,"label":"Anagrafe"}],"product_tag":[{"value":23,"label":"Certificati Comunali"}]},"featured_image_src_large":["https:\/\/www.sportellocertificati.it\/wp-content\/uploads\/2019\/01\/certificato-contestuale-di-residenza.jpg",800,800,false],"author_info":[],"comment_info":15,"_links":{"self":[{"href":"https:\/\/www.sportellocertificati.it\/en\/wp-json\/wp\/v2\/product\/823","targetHints":{"allow":["GET"]}}],"collection":[{"href":"https:\/\/www.sportellocertificati.it\/en\/wp-json\/wp\/v2\/product"}],"about":[{"href":"https:\/\/www.sportellocertificati.it\/en\/wp-json\/wp\/v2\/types\/product"}],"replies":[{"embeddable":true,"href":"https:\/\/www.sportellocertificati.it\/en\/wp-json\/wp\/v2\/comments?post=823"}],"wp:featuredmedia":[{"embeddable":true,"href":"https:\/\/www.sportellocertificati.it\/en\/wp-json\/wp\/v2\/media\/29983"}],"wp:attachment":[{"href":"https:\/\/www.sportellocertificati.it\/en\/wp-json\/wp\/v2\/media?parent=823"}],"wp:term":[{"taxonomy":"product_brand","embeddable":true,"href":"https:\/\/www.sportellocertificati.it\/en\/wp-json\/wp\/v2\/product_brand?post=823"},{"taxonomy":"product_cat","embeddable":true,"href":"https:\/\/www.sportellocertificati.it\/en\/wp-json\/wp\/v2\/product_cat?post=823"},{"taxonomy":"product_tag","embeddable":true,"href":"https:\/\/www.sportellocertificati.it\/en\/wp-json\/wp\/v2\/product_tag?post=823"}],"curies":[{"name":"wp","href":"https:\/\/api.w.org\/{rel}","templated":true}]}}