{"id":258,"date":"2019-01-03T12:00:37","date_gmt":"2019-01-03T12:00:37","guid":{"rendered":"https:\/\/www.sportellocertificati.it\/?post_type=product&#038;p=258"},"modified":"2026-03-03T13:33:45","modified_gmt":"2026-03-03T13:33:45","slug":"certificato-di-residenza","status":"publish","type":"product","link":"https:\/\/www.sportellocertificati.it\/es\/producto\/certificato-di-residenza\/","title":{"rendered":"Certificato di Residenza"},"content":{"rendered":"<h2>Il certificato di residenza riporta la residenza attuale di una persona fisica in un determinato Comune.<\/h2>\n<p>Il certificato di residenza \u00e8 estratto direttamente dall\u2019Ufficio Anagrafe del Comune. Pertanto, per richiederlo \u00e8 necessario essere a conoscenza del nome, del cognome, della data di nascita e del Comune di residenza della persona fisica sulla quale si intende ottenere il documento.<\/p>\n<h3>Cos\u2019\u00e8 il certificato il residenza? Chi pu\u00f2 richiederlo?<\/h3>\n<p>Il certificato di residenza \u00e8 un documento che attesta il luogo di dimora attuale di una persona.<\/p>\n<p>Tale estratto pu\u00f2 essere richiesto sia dal diretto interessato sia da terzi che intendono reperire l\u2019effettiva residenza di un soggetto.<\/p>\n<h3>Come richiedere il Certificato di Residenza?<\/h3>\n<p>Obtener el documento es muy simple:<\/p>\n<ul>\n<li>complete el formulario de solicitud;<\/li>\n<li>agregue el servicio al carrito;<\/li>\n<li>vaya al cajero para completar el pago.<\/li>\n<\/ul>\n<h3>Perch\u00e9 richiederlo su Sportello Certificati?<\/h3>\n<p>Su Sportello Certificati ottieni il certificato di residenza ufficiale rilasciato dall\u2019Ufficio Anagrafe e usufruisci delle caratteristiche che ci distinguono:<\/p>\n<ul>\n<li>Velocit\u00e0: puoi ottenere il certificato di residenza in un paio di click, l\u2019ordine verr\u00e0 immediatamente recepito dai nostri sistemi e messo in lavorazione.<\/li>\n<li>Assistenza: sarete assistiti da persone e non da sistemi automatizzati, infatti ai nostri clienti garantiamo assistenza gratuita sette giorni su sette durante l\u2019ordine del servizio e successivamente all\u2019erogazione dello stesso.<\/li>\n<li>Sicurezza: garantiamo ai nostri clienti la navigazione sicura con crittografia dati e gatewey di pagamento evoluti.<\/li>\n<\/ul>\n<h3>Cosa contiene il certificato di residenza? Per quanto tempo \u00e8 valido?<\/h3>\n<p>Il documento richiesto contiene le informazioni circa la residenza della persona fisica trascritte nel registro di anagrafe del Comune di residenza. In particolare il certificato attesta le seguenti informazioni:<\/p>\n<ul>\n<li>Nome;<\/li>\n<li>Cognome;<\/li>\n<li>Data di Nascita;<\/li>\n<li>Comune di Nascita;<\/li>\n<li>Comune di Residenza attuale;<\/li>\n<li>Indirizzo di Residenza attuale.<\/li>\n<\/ul>\n<p>Il valore temporale del certificato di residenza \u00e8 di sei mesi che decorrono della consegna del certificato. Scaduti i sei mesi, il documento non \u00e8 pi\u00f9 valido e non garantisce la veridicit\u00e0 delle informazioni ivi contenute. Tuttavia, potr\u00e0 essere richiesto un nuovo certificato nelle modalit\u00e0 sopra descritte.<\/p>\n<h3>Il certificato di residenza serve dunque tutte le volte in cui necessita conoscere l\u2019effettiva residenza di una persona fisica.<\/h3>\n<p>Ad esempio l\u2019iscrizione di un bimbo ad un asilo nido comunale, iscrizione a un concorso, stipulazione di contratti con le banche, oppure si pensi al comunissimo caso della notifica da parte dell\u2019avvocato di un atto di citazione all\u2019indirizzo del convenuto.<\/p>\n<p>A tal proposito \u00e8 necessario far presente che i certificati di residenza ad uso notifica degli atti giudiziari sono esenti da marca da bollo ai sensi del DPR n. 115\/2002, poich\u00e9 si tratta di atti funzionali al procedimento giurisdizionale. In particolare, sono esenti tutti i certificati anagrafici (compreso quello di residenza) funzionali ai procedimenti giurisdizionali nelle seguenti materie:<\/p>\n<ul>\n<li>procedimenti in materia di affidamento di minore;<\/li>\n<li>procedimenti in materia di adozione di minore;<\/li>\n<li>procedimenti in materia di tutela di minore;<\/li>\n<li>procedimenti in materia di scioglimento o cessazione degli effetti civili del matrimonio;<\/li>\n<li>procedimenti in materia di assegni familiari;<\/li>\n<li>procedimenti in materia di assicurazioni sociali obbligatorie;<\/li>\n<li>procedimenti in materia di pensioni dirette;<\/li>\n<li>procedimenti in materia di pensioni di reversibilit\u00e0;<\/li>\n<li>procedimenti in materia di pubblico impiego;<\/li>\n<li>procedimenti in materia di lavoro (controversie individuali);<\/li>\n<li>procedimenti in materia di equo canone delle locazioni di immobili urbani;<\/li>\n<li>procedimenti in materia di recupero crediti professionali dei difensori di ufficio;<\/li>\n<li>procedimenti in materia di diritto penale.<\/li>\n<\/ul>\n<p><strong>Fanno eccezione i certificati di residenza richiesti per i rapporti tra privati che invece necessitano dell\u2019imposta di bollo di euro 16,00 + diritti di segreteria.<\/strong><\/p>\n<p>N.B. il certificato attesta la dimora attuale della persona fisica, non contiene le ulteriori residenze del soggetto, n\u00e9 le residenze precedenti.<\/p>\n<p>Per ottene informazioni circa tutte le residenze della persona fisica \u00e8 necessario richiedere un ulteriore documento, ovvero, il <strong>certificato storico di residenza.<\/strong><\/p>\n<h3>Cos\u2019\u00e8 il certificato storico di residenza? Perch\u00e9 richiederlo?<\/h3>\n<p>Il certificato storico di residenza, diversamente dal certificato di residenza ordinario, contiene tutte le informazioni circa tutte le residenze precedenti di una persona fisica. In particolare attesta tutti i cambi di residenza del soggetto in questione all\u2019interno del Comune di riferimento. Le modalit\u00e0 di richiesta del certificato storico di residenza sono le stesse previste per il certificato ordinario (pu\u00f2 essere specificato il periodo di tempo per il quale si intende conoscere la precedente residenza). Tale documento pu\u00f2 essere richiesto dallo stesso interessato oppure da terzi. Per richiederlo \u00e8 necessario essere a conoscenza del nome completo del soggetto della sua data di nascita e del Comune di riferimento. Il certificato storico di residenza, conster\u00e0 dei seguenti elementi:<\/p>\n<ul>\n<li>Nome;<\/li>\n<li>Cognome;<\/li>\n<li>Data di Nascita;<\/li>\n<li>Comune di Nascita;<\/li>\n<li>Comune di residenza attuale;<\/li>\n<li>Indirizzo di residenza attuale;<\/li>\n<li>Indirizzi\/o di residenza precedenti.<\/li>\n<\/ul>\n<p>Richiedere un certificato storico di residenza pu\u00f2 essere utile al fine di effettuare un cambio di residenza dello stesso soggetto interessato, oppure per conoscere la residenza precedente anche di persone decedute.<\/p>\n<p>N.B. Riguardo al valore probatorio del certificato storico di residenza l\u2019orientamento della recente Cassazione ha dichiarato con sentenza n. 16414\/2018 che <em>\u201cle risultanze anagrafiche rivestono un valore meramente presuntivo\u201d.<\/em><\/p>\n<h3>In quanto tempo viene consegnato il certificato di residenza\/certificato storico di residenza? Come viene consegnato?<\/h3>\n<p>Il certificato pu\u00f2 essere consegnato via e-mail in formato pdf o se richiesto via posta o corriere anche fuori dal territorio nazionale.<\/p>\n<p>Nello specifico, se richiesto, l&#8217;originale cartaceo viene spedito:<\/p>\n<ul>\n<li>via posta prioritaria 1 sul territorio nazionale;<\/li>\n<li>via posta internazionale su tutto il territorio comunitario;<\/li>\n<li>via corriere internazionale espresso in nord e sud America (in sette giorni lavorativi).<\/li>\n<\/ul>\n<p>I tempi di consegna del documento nella modalit\u00e0 standard sono mediamente 15 giorni lavorativi.\u00a0\u00c8 possibile per\u00f2 ottenere il certificato in tempi ridotti se la richiesta viene fatta nelle seguenti modalit\u00e0:<\/p>\n<ul>\n<li>\u00a0Fast: consegna a partire da 3 giorni lavorativi;<\/li>\n<li>Urgente: consegna a partire da 7 giorni lavorativi.<\/li>\n<\/ul>\n<p>Per chiarezza \u00e8 necessario specificare che non tutti i comuni hanno le medesime tempistiche di evasione dei certificati, pertanto i tempi suddetti per la richieste effettuate nelle modalit\u00e0 \u201cfast\u201d e \u201curgente\u201d potrebbero non essere rispettati per cause non a noi imputabili, tuttavia se ci\u00f2 si verifica, garantiamo ai nostri clienti il rimborso della somma versata extra per la consegna nei tempi ridotti.<\/p>\n<p>Il documento \u00e8 anche richiedibile in maniera gratuita tramite SPID attraverso \u00a0il sito governativo https:\/\/www.anagrafenazionale.interno.it\/area-cittadino\/certificati\/<\/p>\n<p><em><strong>N.B. I tempi di consegna si riferiscono al documento in formato pdf evaso via email.<\/strong><\/em><\/p>\n<p>Para solicitar cualquier aclaraci\u00f3n, puede enviar sus solicitudes desde la p\u00e1gina de contacto.<\/p>\n<p>Se preferite ci potete contattare via e-mail all\u2019indirizzo info@sportellocertificati.it oppure via chat, accedendo dalla nostra homepage.<\/p>","protected":false},"excerpt":{"rendered":"<p><a href=\"https:\/\/www.sportellocertificati.it\/prodotto\/certificato-di-residenza\/#richiedi-qui-il-certificato\"><img loading=\"lazy\" decoding=\"async\" class=\"alignnone wp-image-1036\" src=\"https:\/\/www.sportellocertificati.it\/wp-content\/uploads\/2020\/05\/richiedi-il-certificato-qui-3.png\" alt=\"\" width=\"240\" height=\"43\" srcset=\"https:\/\/www.sportellocertificati.it\/wp-content\/uploads\/2020\/05\/richiedi-il-certificato-qui-3.png 737w, https:\/\/www.sportellocertificati.it\/wp-content\/uploads\/2020\/05\/richiedi-il-certificato-qui-3-300x54.png 300w, https:\/\/www.sportellocertificati.it\/wp-content\/uploads\/2020\/05\/richiedi-il-certificato-qui-3-600x107.png 600w\" sizes=\"auto, (max-width: 240px) 100vw, 240px\" \/><\/a><\/p>\n<ul>\n<li>Il Certificato di Residenza attesta la residenza attuale di una persona fisica in un determinato Comune.<\/li>\n<li>Riporta i seguenti dati: nome completo, data e luogo di nascita, indirizzo e comune di residenza del soggetto.<\/li>\n<li>Su Sportello Certificati ricevi il documento ufficiale rilasciato dall\u2019Ufficio Anagrafe del comune nel quale la persona fisica ha fissato la residenza.<\/li>\n<li>Consegna via e-mail a partire da 3 giorni lavorativi.<\/li>\n<li>Spedizione via posta\/corriere anche fuori dai confini nazionali.<\/li>\n<li>Servicio B2B para despachos de abogados, despachos profesionales y empresas.<\/li>\n<li>Assistenza clienti h24 via telefono, email, chat, whatsapp.<\/li>\n<li>Sistemas de pago seguros con encriptaci\u00f3n de datos.<\/li>\n<li>Obtenga el documento en unos pocos clics.<\/li>\n<\/ul>\n<p><em><strong>\u00bf Tenes exigencias espec\u00edficas? \u00a1Cont\u00e1ctanos, encontraremos la manera de que tengas tu documento en el menor tiempo posible!<\/strong><\/em><\/p>\n<p>&gt;<a href=\"https:\/\/www.sportellocertificati.it\/prodotto\/certificato-di-residenza\/#tab-description\">leggi la descrizione completa<\/a><\/p>\n<hr \/>\n<p><em><strong>&#8211; Clicca per visualizzare il documento<\/strong><\/em><\/p>\n<p><a href=\"https:\/\/www.sportellocertificati.it\/wp-content\/uploads\/2019\/01\/esempio-certificato-di-residenza.pdf\" target=\"_blank\" rel=\"noopener noreferrer\">Esempio Certificato di Residenza;<\/a><\/p>\n<p><a href=\"https:\/\/www.sportellocertificati.it\/wp-content\/uploads\/2019\/05\/esempio-certificato-storico-di-residenza.pdf\" target=\"_blank\" rel=\"noopener noreferrer\">Esempio Certificato Storico di Residenza;<\/a><\/p>\n<p><a name=\"richiedi-qui-il-certificato\"><\/a><\/p>","protected":false},"featured_media":29981,"comment_status":"open","ping_status":"closed","template":"","meta":{"_kad_blocks_custom_css":"","_kad_blocks_head_custom_js":"","_kad_blocks_body_custom_js":"","_kad_blocks_footer_custom_js":"","ocean_post_layout":"","ocean_both_sidebars_style":"","ocean_both_sidebars_content_width":0,"ocean_both_sidebars_sidebars_width":0,"ocean_sidebar":"0","ocean_second_sidebar":"0","ocean_disable_margins":"enable","ocean_add_body_class":"","ocean_shortcode_before_top_bar":"","ocean_shortcode_after_top_bar":"","ocean_shortcode_before_header":"","ocean_shortcode_after_header":"","ocean_has_shortcode":"","ocean_shortcode_after_title":"","ocean_shortcode_before_footer_widgets":"","ocean_shortcode_after_footer_widgets":"","ocean_shortcode_before_footer_bottom":"","ocean_shortcode_after_footer_bottom":"","ocean_display_top_bar":"default","ocean_display_header":"default","ocean_header_style":"","ocean_center_header_left_menu":"0","ocean_custom_header_template":"0","ocean_custom_logo":0,"ocean_custom_retina_logo":0,"ocean_custom_logo_max_width":0,"ocean_custom_logo_tablet_max_width":0,"ocean_custom_logo_mobile_max_width":0,"ocean_custom_logo_max_height":0,"ocean_custom_logo_tablet_max_height":0,"ocean_custom_logo_mobile_max_height":0,"ocean_header_custom_menu":"0","ocean_menu_typo_font_family":"0","ocean_menu_typo_font_subset":"","ocean_menu_typo_font_size":0,"ocean_menu_typo_font_size_tablet":0,"ocean_menu_typo_font_size_mobile":0,"ocean_menu_typo_font_size_unit":"px","ocean_menu_typo_font_weight":"","ocean_menu_typo_font_weight_tablet":"","ocean_menu_typo_font_weight_mobile":"","ocean_menu_typo_transform":"","ocean_menu_typo_transform_tablet":"","ocean_menu_typo_transform_mobile":"","ocean_menu_typo_line_height":0,"ocean_menu_typo_line_height_tablet":0,"ocean_menu_typo_line_height_mobile":0,"ocean_menu_typo_line_height_unit":"","ocean_menu_typo_spacing":0,"ocean_menu_typo_spacing_tablet":0,"ocean_menu_typo_spacing_mobile":0,"ocean_menu_typo_spacing_unit":"","ocean_menu_link_color":"","ocean_menu_link_color_hover":"","ocean_menu_link_color_active":"","ocean_menu_link_background":"","ocean_menu_link_hover_background":"","ocean_menu_link_active_background":"","ocean_menu_social_links_bg":"","ocean_menu_social_hover_links_bg":"","ocean_menu_social_links_color":"","ocean_menu_social_hover_links_color":"","ocean_disable_title":"default","ocean_disable_heading":"default","ocean_post_title":"","ocean_post_subheading":"","ocean_post_title_style":"","ocean_post_title_background_color":"","ocean_post_title_background":0,"ocean_post_title_bg_image_position":"","ocean_post_title_bg_image_attachment":"","ocean_post_title_bg_image_repeat":"","ocean_post_title_bg_image_size":"","ocean_post_title_height":0,"ocean_post_title_bg_overlay":0.5,"ocean_post_title_bg_overlay_color":"","ocean_disable_breadcrumbs":"default","ocean_breadcrumbs_color":"","ocean_breadcrumbs_separator_color":"","ocean_breadcrumbs_links_color":"","ocean_breadcrumbs_links_hover_color":"","ocean_display_footer_widgets":"default","ocean_display_footer_bottom":"default","ocean_custom_footer_template":"0"},"product_brand":[],"product_cat":[19],"product_tag":[23],"class_list":{"0":"post-258","1":"product","2":"type-product","3":"status-publish","4":"has-post-thumbnail","6":"product_cat-anagrafe","7":"product_tag-certificati-comunali","9":"entry","10":"has-media","12":"first","13":"instock","14":"featured","15":"virtual","16":"sold-individually","17":"taxable","18":"purchasable","19":"product-type-simple","20":"has-rating","21":"col","22":"span_1_of_5","23":"owp-content-center","24":"owp-thumbs-layout-vertical","25":"owp-btn-normal","26":"owp-tabs-layout-horizontal","27":"has-no-thumbnails","28":"circle-sale"},"taxonomy_info":{"product_cat":[{"value":19,"label":"Anagrafe"}],"product_tag":[{"value":23,"label":"Certificati Comunali"}]},"featured_image_src_large":["https:\/\/www.sportellocertificati.it\/wp-content\/uploads\/2019\/01\/certificato-di-residenza-online.jpg",800,800,false],"author_info":[],"comment_info":18,"_links":{"self":[{"href":"https:\/\/www.sportellocertificati.it\/es\/wp-json\/wp\/v2\/product\/258","targetHints":{"allow":["GET"]}}],"collection":[{"href":"https:\/\/www.sportellocertificati.it\/es\/wp-json\/wp\/v2\/product"}],"about":[{"href":"https:\/\/www.sportellocertificati.it\/es\/wp-json\/wp\/v2\/types\/product"}],"replies":[{"embeddable":true,"href":"https:\/\/www.sportellocertificati.it\/es\/wp-json\/wp\/v2\/comments?post=258"}],"wp:featuredmedia":[{"embeddable":true,"href":"https:\/\/www.sportellocertificati.it\/es\/wp-json\/wp\/v2\/media\/29981"}],"wp:attachment":[{"href":"https:\/\/www.sportellocertificati.it\/es\/wp-json\/wp\/v2\/media?parent=258"}],"wp:term":[{"taxonomy":"product_brand","embeddable":true,"href":"https:\/\/www.sportellocertificati.it\/es\/wp-json\/wp\/v2\/product_brand?post=258"},{"taxonomy":"product_cat","embeddable":true,"href":"https:\/\/www.sportellocertificati.it\/es\/wp-json\/wp\/v2\/product_cat?post=258"},{"taxonomy":"product_tag","embeddable":true,"href":"https:\/\/www.sportellocertificati.it\/es\/wp-json\/wp\/v2\/product_tag?post=258"}],"curies":[{"name":"wp","href":"https:\/\/api.w.org\/{rel}","templated":true}]}}