{"id":419,"date":"2019-01-10T23:48:16","date_gmt":"2019-01-10T23:48:16","guid":{"rendered":"https:\/\/www.sportellocertificati.it\/?post_type=product&#038;p=419"},"modified":"2025-11-12T08:14:12","modified_gmt":"2025-11-12T08:14:12","slug":"certificato-di-nascita","status":"publish","type":"product","link":"https:\/\/www.sportellocertificati.it\/es\/producto\/certificato-di-nascita\/","title":{"rendered":"Certificato di Nascita"},"content":{"rendered":"<h2>Il certificato di Nascita \u00e8 un documento che attesta la nascita di una persona fisica ed \u00e8 uno dei documenti indispensabili al fine di essere riconosciuti come cittadini italiani.<\/h2>\n<p>Il certificato di nascita fa parte dei c.d. certificati di stato civile, in quanto attesta i dati personali annotati sui registri di stato civile del Comune di nascita. Per richiederlo \u00e8 quindi necessario essere a conoscenza del nome, del cognome, della data di nascita e del luogo di nascita.<\/p>\n<h3>Cos\u2019\u00e8 il certificato di nascita? Chi pu\u00f2 richiederlo?<\/h3>\n<p>Il certificato di nascita \u00e8 quel documento contenente il nome completo, il sesso, la data e il comune di nascita di una persona fisica. Il certificato di nascita, \u00e8 una dichiarazione scritta, effettuata dal pubblico ufficiale (comunale), che attesta la veridicit\u00e0 e la regolarit\u00e0 delle informazioni acquisite nell\u2019atto di nascita, ovvero risultante il fatto che una persona \u00e8 nata.<\/p>\n<h3>Perch\u00e9 richiederlo su Sportello Certificati?<\/h3>\n<p>Su Sportello Certificati ottieni il certificato di nascita ufficiale rilasciato dall\u2019Ufficio di Stato Civile dell\u2019Anagrafe del Comune di riferimento e usufruisci delle caratteristiche che ci distinguono:<\/p>\n<ul>\n<li>Velocit\u00e0: puoi ottenere il certificato di nascita in un paio di click, l\u2019ordine verr\u00e0 immediatamente recepito dai nostri sistemi e messo in lavorazione.<\/li>\n<li>Asistencia: Usted ser\u00e1 asistido por personas y no por sistemas automatizados, de hecho, garantizamos a nuestros clientes asistencia gratuita los siete d\u00edas de la semana durante el\npedido del servicio y despu\u00e9s de la entrega del mismo.<\/li>\n<li>Sicurezza: garantiamo ai nostri clienti la navigazione sicura con crittografia dati e gatewey di pagamento evoluti.<\/li>\n<\/ul>\n<h3>Cosa contiene il certificato di nascita? Per quanto tempo \u00e8 valido? Perch\u00e9 richiederlo?<\/h3>\n<p>Il certificato di nascita contiene le informazioni circa la nascita di una persona fisica in un determinato Comune.<\/p>\n<p>In particolare:<\/p>\n<ul>\n<li>Nome;<\/li>\n<li>Cognome;<\/li>\n<li>Data di nascita;<\/li>\n<li>Luogo di nascita;<\/li>\n<li>Sesso della persona fisica (\u00e8 nata\/\u00e8 nato);<\/li>\n<li>Numero di registrazione dell\u2019atto di nascita dal quale risulta la nascita.<\/li>\n<\/ul>\n<p>N.B. se vuoi conoscere ulteriori informazioni risultanti dall\u2019atto di nascita \u00e8 necessario richiedere un ulteriore documento, ovvero, l\u2019estratto di nascita.<\/p>\n<p>Il certificato di nascita, cos\u00ec come per il certificato di morte e matrimonio, \u00e8 esente dal pagamento di imposta di bollo e altri diritti ai sensi del legge n.400\/90 e del DPR n. 396\/2000.<\/p>\n<p>Il certificato di nascita ha inoltre validit\u00e0 illimitata su tutto il territorio nazionale. Nel caso in cui vi sia un mero errore di scrittura sul certificato di nascita, su istanza del richiedente, questo potr\u00e0 essere direttamente corretto dall\u2019ufficiale di stato civile. Il certificato di nascita e la dichiarazione di nascita accompagnati dal codice fiscale e dalla tessera sanitaria sono documenti indispensabili al fine di ottenere il riconoscimento da parte dello stato Italiano.<\/p>\n<p>Il certificato di nascita \u00e8 uno dei documento utile anche al fine di ottenere il congedo di maternit\u00e0 da parte della madre, o chiedere un congedo parentale da parte del padre.<\/p>\n<h3>Come richiedere il Certificato di Nascita su Sportello Certificati?<\/h3>\n<p>Obtener el documento es muy simple:<\/p>\n<ul>\n<li>\u00a0compilare il form di richiesta<\/li>\n<li>\u00a0aggiungere il servizio al carrello<\/li>\n<li>\u00a0andare alla cassa per completare il pagamento<\/li>\n<\/ul>\n<p>La registrazione \u00e8 necessaria solo per il primo acquisto. Per tutti gli acquisti successivi \u00e8 possibile utilizzare le credenziali di accesso immessenella fase di registrazione.<\/p>\n<h3>In quanto tempo viene consegnato il certificato di nascita? Come viene consegnato?<\/h3>\n<p>Il certificato pu\u00f2 essere consegnato via e-mail in formato pdf o se richiesto via posta o corriere anche fuori dal territorio nazionale.<\/p>\n<p>Nello specifico, se richiesto, l&#8217;originale cartaceo viene spedito:<\/p>\n<ul>\n<li>via posta prioritaria 1 sul territorio nazionale;<\/li>\n<li>via posta internazionale su tutto il territorio comunitario;<\/li>\n<li>via corriere internazionale espresso in nord e sud America (in sette giorni lavorativi).<\/li>\n<\/ul>\n<p>I tempi di consegna del documento nella modalit\u00e0 standard sono mediamente 15 giorni lavorativi.\u00a0\u00c8 possibile per\u00f2 ottenere il certificato in tempi ridotti se la richiesta viene fatta nelle seguenti modalit\u00e0:<\/p>\n<ul>\n<li>\u00a0Fast: consegna a partire da 3 giorni lavorativi;<\/li>\n<li>Urgente: consegna a partire da 7 giorni lavorativi.<\/li>\n<li>Apostillati \/ legalizzati o antecedenti al 1930 circa 40 giorni lavorativi<\/li>\n<\/ul>\n<p>Per chiarezza \u00e8 necessario specificare che non tutti i comuni hanno le medesime tempistiche di evasione dei certificati, pertanto i tempi suddetti per la richieste effettuate nelle modalit\u00e0 \u201cfast\u201d e \u201curgente\u201d potrebbero non essere rispettati per cause non a noi imputabili, tuttavia se ci\u00f2 si verifica, garantiamo ai nostri clienti il rimborso della somma versata extra per la consegna nei tempi ridotti.<\/p>\n<p><em><strong>N.B. I tempi di consegna si riferiscono al documento in formato pdf evaso via email.<\/strong><\/em><\/p>\n<p>Para solicitar cualquier aclaraci\u00f3n, puede enviar sus solicitudes desde la p\u00e1gina de contacto.<\/p>\n<p>Se preferite ci potete contattare via e-mail all\u2019indirizzo info@sportellocertificati.it oppure via chat, accedendo dalla nostra homepage.<\/p>","protected":false},"excerpt":{"rendered":"<p><a href=\"https:\/\/www.sportellocertificati.it\/prodotto\/certificato-di-nascita\/#richiedi-qui-il-certificato\"><img loading=\"lazy\" decoding=\"async\" class=\"alignnone wp-image-1036\" src=\"https:\/\/www.sportellocertificati.it\/wp-content\/uploads\/2020\/05\/richiedi-il-certificato-qui-3.png\" alt=\"\" width=\"240\" height=\"43\" srcset=\"https:\/\/www.sportellocertificati.it\/wp-content\/uploads\/2020\/05\/richiedi-il-certificato-qui-3.png 737w, https:\/\/www.sportellocertificati.it\/wp-content\/uploads\/2020\/05\/richiedi-il-certificato-qui-3-300x54.png 300w, https:\/\/www.sportellocertificati.it\/wp-content\/uploads\/2020\/05\/richiedi-il-certificato-qui-3-600x107.png 600w\" sizes=\"auto, (max-width: 240px) 100vw, 240px\" \/><\/a><\/p>\n<ul>\n<li>Il Certificato di Nascita attesta la nascita di una persona fisica in un determinato Comune.<\/li>\n<li>Riporta i seguenti dati: il nome completo, data e luogo di nascita del soggetto.<\/li>\n<li>Su Sportello Certificati ricevi il documento ufficiale rilasciato dall\u2019Ufficio di Stato Civile del comune nel quale \u00e8 avvenuta la nascita della persona.<\/li>\n<li>Richiedi il certificato in qualunque comune presente sul territorio nazionale.<\/li>\n<li>Consegna via e-mail a partire da 3 giorni lavorativi.<\/li>\n<li>Spedizione via posta\/corriere anche fuori dai confini nazionali.<\/li>\n<li>Servicio B2B para despachos de abogados, despachos profesionales y empresas.<\/li>\n<li>Atenci\u00f3n al cliente 24 horas por tel\u00e9fono, correo electr\u00f3nico, chat, whatsApp.<\/li>\n<li>Sistemas de pago seguros con encriptaci\u00f3n de datos.<\/li>\n<li>Obtenga el documento en unos pocos clics.<\/li>\n<\/ul>\n<p><em><strong>\u00bf Tenes exigencias espec\u00edficas? \u00a1Cont\u00e1ctanos, encontraremos la manera de que tengas tu documento en el menor tiempo posible!<\/strong><\/em><\/p>\n<p><a href=\"https:\/\/www.sportellocertificati.it\/prodotto\/certificato-di-nascita\/#tab-description\">&gt; Leer la descripci\u00f3n completa\u00a0<\/a><br \/>\n<a name=\"richiedi-qui-il-certificato\"><\/a><\/p>\n<hr \/>\n<p><em><strong>-Clicca per visualizzare il documento<\/strong><\/em><\/p>\n<p><a href=\"https:\/\/www.sportellocertificati.it\/wp-content\/uploads\/2019\/06\/Esempio-certificato-di-nascita.pdf\" target=\"_blank\" rel=\"noopener noreferrer\">Esempio Certificato di nascita<\/a><\/p>","protected":false},"featured_media":29980,"comment_status":"open","ping_status":"closed","template":"","meta":{"_kad_blocks_custom_css":"","_kad_blocks_head_custom_js":"","_kad_blocks_body_custom_js":"","_kad_blocks_footer_custom_js":"","ocean_post_layout":"","ocean_both_sidebars_style":"","ocean_both_sidebars_content_width":0,"ocean_both_sidebars_sidebars_width":0,"ocean_sidebar":"0","ocean_second_sidebar":"0","ocean_disable_margins":"enable","ocean_add_body_class":"","ocean_shortcode_before_top_bar":"","ocean_shortcode_after_top_bar":"","ocean_shortcode_before_header":"","ocean_shortcode_after_header":"","ocean_has_shortcode":"","ocean_shortcode_after_title":"","ocean_shortcode_before_footer_widgets":"","ocean_shortcode_after_footer_widgets":"","ocean_shortcode_before_footer_bottom":"","ocean_shortcode_after_footer_bottom":"","ocean_display_top_bar":"default","ocean_display_header":"default","ocean_header_style":"","ocean_center_header_left_menu":"0","ocean_custom_header_template":"0","ocean_custom_logo":0,"ocean_custom_retina_logo":0,"ocean_custom_logo_max_width":0,"ocean_custom_logo_tablet_max_width":0,"ocean_custom_logo_mobile_max_width":0,"ocean_custom_logo_max_height":0,"ocean_custom_logo_tablet_max_height":0,"ocean_custom_logo_mobile_max_height":0,"ocean_header_custom_menu":"0","ocean_menu_typo_font_family":"0","ocean_menu_typo_font_subset":"","ocean_menu_typo_font_size":0,"ocean_menu_typo_font_size_tablet":0,"ocean_menu_typo_font_size_mobile":0,"ocean_menu_typo_font_size_unit":"px","ocean_menu_typo_font_weight":"","ocean_menu_typo_font_weight_tablet":"","ocean_menu_typo_font_weight_mobile":"","ocean_menu_typo_transform":"","ocean_menu_typo_transform_tablet":"","ocean_menu_typo_transform_mobile":"","ocean_menu_typo_line_height":0,"ocean_menu_typo_line_height_tablet":0,"ocean_menu_typo_line_height_mobile":0,"ocean_menu_typo_line_height_unit":"","ocean_menu_typo_spacing":0,"ocean_menu_typo_spacing_tablet":0,"ocean_menu_typo_spacing_mobile":0,"ocean_menu_typo_spacing_unit":"","ocean_menu_link_color":"","ocean_menu_link_color_hover":"","ocean_menu_link_color_active":"","ocean_menu_link_background":"","ocean_menu_link_hover_background":"","ocean_menu_link_active_background":"","ocean_menu_social_links_bg":"","ocean_menu_social_hover_links_bg":"","ocean_menu_social_links_color":"","ocean_menu_social_hover_links_color":"","ocean_disable_title":"default","ocean_disable_heading":"default","ocean_post_title":"","ocean_post_subheading":"","ocean_post_title_style":"","ocean_post_title_background_color":"","ocean_post_title_background":0,"ocean_post_title_bg_image_position":"","ocean_post_title_bg_image_attachment":"","ocean_post_title_bg_image_repeat":"","ocean_post_title_bg_image_size":"","ocean_post_title_height":0,"ocean_post_title_bg_overlay":0.5,"ocean_post_title_bg_overlay_color":"","ocean_disable_breadcrumbs":"default","ocean_breadcrumbs_color":"","ocean_breadcrumbs_separator_color":"","ocean_breadcrumbs_links_color":"","ocean_breadcrumbs_links_hover_color":"","ocean_display_footer_widgets":"default","ocean_display_footer_bottom":"default","ocean_custom_footer_template":"0"},"product_brand":[],"product_cat":[20],"product_tag":[23],"class_list":{"0":"post-419","1":"product","2":"type-product","3":"status-publish","4":"has-post-thumbnail","6":"product_cat-stato-civile","7":"product_tag-certificati-comunali","9":"entry","10":"has-media","12":"first","13":"instock","14":"virtual","15":"sold-individually","16":"taxable","17":"purchasable","18":"product-type-simple","19":"has-rating","20":"col","21":"span_1_of_5","22":"owp-content-center","23":"owp-thumbs-layout-vertical","24":"owp-btn-normal","25":"owp-tabs-layout-horizontal","26":"has-no-thumbnails","27":"circle-sale"},"taxonomy_info":{"product_cat":[{"value":20,"label":"Stato Civile"}],"product_tag":[{"value":23,"label":"Certificati Comunali"}]},"featured_image_src_large":["https:\/\/www.sportellocertificati.it\/wp-content\/uploads\/2019\/01\/certificato-di-nascita-online.jpg",800,800,false],"author_info":[],"comment_info":15,"_links":{"self":[{"href":"https:\/\/www.sportellocertificati.it\/es\/wp-json\/wp\/v2\/product\/419","targetHints":{"allow":["GET"]}}],"collection":[{"href":"https:\/\/www.sportellocertificati.it\/es\/wp-json\/wp\/v2\/product"}],"about":[{"href":"https:\/\/www.sportellocertificati.it\/es\/wp-json\/wp\/v2\/types\/product"}],"replies":[{"embeddable":true,"href":"https:\/\/www.sportellocertificati.it\/es\/wp-json\/wp\/v2\/comments?post=419"}],"wp:featuredmedia":[{"embeddable":true,"href":"https:\/\/www.sportellocertificati.it\/es\/wp-json\/wp\/v2\/media\/29980"}],"wp:attachment":[{"href":"https:\/\/www.sportellocertificati.it\/es\/wp-json\/wp\/v2\/media?parent=419"}],"wp:term":[{"taxonomy":"product_brand","embeddable":true,"href":"https:\/\/www.sportellocertificati.it\/es\/wp-json\/wp\/v2\/product_brand?post=419"},{"taxonomy":"product_cat","embeddable":true,"href":"https:\/\/www.sportellocertificati.it\/es\/wp-json\/wp\/v2\/product_cat?post=419"},{"taxonomy":"product_tag","embeddable":true,"href":"https:\/\/www.sportellocertificati.it\/es\/wp-json\/wp\/v2\/product_tag?post=419"}],"curies":[{"name":"wp","href":"https:\/\/api.w.org\/{rel}","templated":true}]}}