{"id":421,"date":"2019-01-11T00:26:20","date_gmt":"2019-01-11T00:26:20","guid":{"rendered":"https:\/\/www.sportellocertificati.it\/?post_type=product&#038;p=421"},"modified":"2026-02-04T09:31:05","modified_gmt":"2026-02-04T09:31:05","slug":"estratto-atto-di-nascita","status":"publish","type":"product","link":"https:\/\/www.sportellocertificati.it\/es\/producto\/estratto-atto-di-nascita\/","title":{"rendered":"Estratto Atto di Nascita"},"content":{"rendered":"<h2>L\u2019estratto dell\u2019atto di nascita \u00e8 un documento che attesta la nascita di una persona fisica.<\/h2>\n<p>Il documento fa parte dei certificati di stato civile, in quanto riporta i dati personali della persona fisica annotati sui registri di stato civile del Comune. Per richiederlo \u00e8 necessario conoscere il nome, il cognome, la data di nascita, il Comune di nascita della persona.<\/p>\n<h3>Cos\u2019\u00e8 l\u2019estratto dell\u2019atto di nascita? Chi pu\u00f2 richiederlo?<\/h3>\n<p>L\u2019<strong>estratto per riassunto dell\u2019atto di nascita<\/strong> contiene il nome completo, il sesso, la data e il luogo di nascita di una persona fisica pi\u00f9 eventuali annotazioni risultanti dall\u2019atto di nascita.<\/p>\n<p>Le annotazioni sono direttamente estrapolate dall\u2019atto di nascita e, in genere, consistono nell\u2019indicazione di avvenimenti accaduti successivamente alla nascita.<\/p>\n<h3>Perch\u00e9 richiederlo su Sportello Certificati?<\/h3>\n<p>Su Sportello Certificati ottieni l\u2019<strong>estratto dell\u2019atto di nascita<\/strong> rilasciato direttamente dall\u2019Ufficio di Stato Civile del Comune di riferimento e usufruisci delle caratteristiche che ci distinguono:<\/p>\n<ul>\n<li>Velocit\u00e0: puoi ottenere l\u2019estratto di nascita in un paio di click, l\u2019ordine verr\u00e0 immediatamente recepito dai nostri sistemi e messo in lavorazione.<\/li>\n<li>Asistencia: Usted ser\u00e1 asistido por personas y no por sistemas automatizados, de hecho, garantizamos a nuestros clientes asistencia gratuita los siete d\u00edas de la semana durante el\npedido del servicio y despu\u00e9s de la entrega del mismo.<\/li>\n<li>Seguridad: garantizamos a nuestros clientes una navegaci\u00f3n segura con cifrado de datos avanzado y gateway evolutivo de pago.<\/li>\n<\/ul>\n<h3>Cosa contiene l\u2019estratto di nascita? Per quanto tempo \u00e8 valido? Perch\u00e9 richiederlo?<\/h3>\n<p>L\u2019estratto per riassunto dell\u2019atto di nascita, \u00e8 il documento che contiene ulteriori informazioni circa la nascita della persona fisica.<\/p>\n<p>Diversamente dal <a href=\"https:\/\/www.sportellocertificati.it\/prodotto\/certificato-di-nascita\/\">Certificado de nacimiento<\/a> che riporta soltanto: nome, cognome, sesso, data e Comune di nascita, l\u2019estratto per riassunto dell\u2019atto di nascita contiene maggiori informazioni, in particolare:<\/p>\n<ul>\n<li>Nome;<\/li>\n<li>Cognome;<\/li>\n<li>Sesso;<\/li>\n<li>Data;<\/li>\n<li>Comune di nascita;<\/li>\n<li>Numero di registrazione dell\u2019atto di nascita;<\/li>\n<li>Indicazioni sullo stato civile della persona (es. nomina di tutela\/interdizione\/matrimonio\/divorzio ecc.. )<\/li>\n<\/ul>\n<p>L\u2019<strong>Estratto dell\u2019atto di nascita<\/strong>, cos\u00ec come per gli estratti di morte e matrimonio, \u00e8 esente dal pagamento di imposta di bollo e pagamento di diritti ai sensi della legge n. 405\/90 e del DPR n. 396\/2000.<\/p>\n<p>L\u2019<strong>estratto per riassunto dell\u2019atto di nascita<\/strong> ha validit\u00e0 di sei mesi ed \u00e8 valido sul tutto il territorio nazionale. Il periodo di validit\u00e0 legale decorre dalla data del rilascio. Tuttavia detto periodo pu\u00f2 essere prorogato su richiesta del diretto interessato (se minore dai genitori ) se non sono avvenute modifiche sullo stato civile della persona fisica.<\/p>\n<p>Posto che contiene informazioni maggiori sul soggetto, \u00e8 un documento indispensabile al fine di effettuare le pubblicazioni finalizzate al matrimonio. Ma \u00e8 utile anche al fine di richiedere il congedo per maternit\u00e0, oppure per stipulare contratti di mutuo. L\u2019estratto dell\u2019atto di nascita, diversamente dal certificato di nascita pu\u00f2 essere richiesto soltanto dal diretto interessato se maggiorenne, oppure dai genitori di quest\u2019ultimo.<\/p>\n<h3>Cos\u2019\u00e8 estratto dell\u2019atto di nascita multilingua?<\/h3>\n<p>L\u2019<strong>estratto dell\u2019atto di nascita multilingua<\/strong> \u00e8 redatto per l\u2019utilizzo del documento all\u2019estero. Questo tipo di estratto \u00e8 richiesto in genere per accertare la nascita\/ matrimonio\/ morte di una persona fisica all\u2019estero e deve essere richiesto nel comune di residenza.<\/p>\n<p>Lo stesso, viene rilasciato dal Comune di riferimento su specifico modello standard dettato dalla Convenzione di Vienna dell\u20198\/9\/1976.<\/p>\n<p>L\u2019estratto di nascita multilingua attesta nome, cognome, sesso, data e luogo di nascita ed eventuali annotazioni sullo stato civile del soggetto in questione e non necessita di traduzione. Il modello cos\u00ec redatto \u00e8 valido e riconosciuto in tutti i paesi che hanno aderito alla Convenzione di Vienna del \u201876 ovvero: Argentina, Austria, Belgio, Bosnia-Erzegovina, Francia, Germania, Croazia, Lituania, Lussemburgo, Macedonia, Paesi Bassi, Polonia, Portogallo, Repubblica Moldova, Serbia e Montenegro, Slovenia, Spagna, Svizzera e Turchia.<\/p>\n<h4>L\u2019estratto multilingua ha validit\u00e0 di sei mesi.<\/h4>\n<p>Il comune pu\u00f2 rilasciare il modello plurilingue dell\u2019estratto di nascita con bollo o senza bollo. In caso imposta di bollo la stessa \u00e8 di euro 16,00 + 0,26 per i diritti di segreteria, in caso di mancanza di imposta di bollo, si dovranno soltanto euro 0,26 per i diritti di segreteria.<\/p>\n<p>N.B. se vuoi conoscere tutte le informazioni riguardanti lo stato civile della persona fisica, \u00e8 necessario richiedere un ulteriore documento, ovvero, la copia integrale dell\u2019atto di nascita.<\/p>\n<h3>Cos\u2019\u00e8 la copia integrale dell\u2019atto di nascita? Chi pu\u00f2 richiederla?<\/h3>\n<p>La copia integrale dell\u2019atto di nascita \u00e8 il documento pi\u00f9 completo riguardate la vita di una persona. Infatti riporta integralmente l\u2019atto di nascita del soggetto con l\u2019attestazione di conformit\u00e0 all\u2019originale. Diversamente dal certificato di nascita e dall\u2019estratto dell\u2019atto di nascita che contengono soltanto l\u2019attestazione dell\u2019ufficiale comunale circa l\u2019esistenza di un documento che attesta l\u2019esistenza della persona fisica, la copia integrale dell\u2019atto di nascita \u00e8 la copia del documento in cui un pubblico ufficiale attesta che la dichiarazione di nascita del soggetto \u00e8 avvenuta in sua presenza (solitamente dichiarata da un parente, medico\/ostetrica che ha assistito al parto se la nascita \u00e8 avvenuta in ospedale).<\/p>\n<p>La copia integrale dell\u2019atto di nascita \u00e8 quindi la copia dell\u2019atto redatto direttamente dall\u2019ufficiale di stato civile del comune di appartenenza della persona. Pertanto, la copia integrale dell\u2019atto di nascita contiene: nome, cognome, sesso, luogo e data del nascita, matrimonio, residenza, cittadinanza e parentela (anche eventualmente deceduta), con aggiunta delle generalit\u00e0 del soggetto che ne ha dichiarato la nascita.<\/p>\n<p>\u00c8 necessario chiarire che in caso di richiesta della copia integrale dell\u2019atto di nascita, questa potr\u00e0 essere rilasciata soltanto al diretto interessato, o a un parente, o comunque una persona che abbia un interesse giuridicamente rilevante. Nel caso suddetto, nella richiesta dovr\u00e0 essere indicata la motivazione che subordina il rilascio della copia integrale dell\u2019atto.<\/p>\n<h3>Come richiedere l\u2019estratto dell\u2019atto di nascita\/estratto per atto di nascita multilingua\/copia integrale dell\u2019atto di nascita su Sportello Certificati?<\/h3>\n<p>Obtener el documento es muy simple:<\/p>\n<ul>\n<li>compilare il form di richiesta<\/li>\n<li>aggiungere il servizio al carrello<\/li>\n<li>andare alla cassa per completare il pagamento<\/li>\n<\/ul>\n<p>La registrazione \u00e8 necessaria solo per il primo acquisto. Per tutti gli acquisti successivi \u00e8 possibile utilizzare le credenziali di accesso immesse nella fase di registrazione.<\/p>\n<h3>In quanto tempo viene consegnato l\u2019estratto di nascita? Come viene consegnato?<\/h3>\n<p>Il documento pu\u00f2 essere consegnato via e-mail in formato pdf o se richiesto via posta o corriere anche fuori dal territorio nazionale.<\/p>\n<p>Nello specifico, se richiesto, l&#8217;originale cartaceo viene spedito:<\/p>\n<ul>\n<li>via posta prioritaria 1 sul territorio nazionale;<\/li>\n<li>via posta internazionale su tutto il territorio comunitario;<\/li>\n<li>via corriere internazionale espresso in nord e sud America (in sette giorni lavorativi).<\/li>\n<\/ul>\n<p>I tempi di consegna del documento nella modalit\u00e0 standard sono mediamente 15 giorni lavorativi.\u00a0\u00c8 possibile per\u00f2 ottenere il certificato in tempi ridotti se la richiesta viene fatta nelle seguenti modalit\u00e0:<\/p>\n<ul>\n<li>\u00a0Fast: consegna a partire da 3 giorni lavorativi;<\/li>\n<li>Urgente: consegna a partire da 7 giorni lavorativi.<\/li>\n<li>Apostillati \/ legalizzati o antecedenti al 1930 circa 40 giorni lavorativi<\/li>\n<\/ul>\n<p>Per chiarezza \u00e8 necessario specificare che non tutti i comuni hanno le medesime tempistiche di evasione dei certificati, pertanto i tempi suddetti per la richieste effettuate nelle modalit\u00e0 \u201cfast\u201d e \u201curgente\u201d potrebbero non essere rispettati per cause non a noi imputabili, tuttavia se ci\u00f2 si verifica, garantiamo ai nostri clienti il rimborso della somma versata extra per la consegna nei tempi ridotti.<\/p>\n<p><em><strong>N.B. I tempi di consegna si riferiscono al documento in formato pdf evaso via email.<\/strong><\/em><\/p>\n<p>Para solicitar cualquier aclaraci\u00f3n, puede enviar sus solicitudes desde la p\u00e1gina de contacto.<\/p>\n<p>Se preferite ci potete contattare \u00a0via e-mail all\u2019indirizzo info@sportellocertificati.it oppure via chat, accedendo dalla nostra homepage.<\/p>","protected":false},"excerpt":{"rendered":"<p><a href=\"https:\/\/www.sportellocertificati.it\/prodotto\/estratto-atto-di-nascita\/#richiedi-qui-il-certificato\"><img loading=\"lazy\" decoding=\"async\" class=\"alignnone wp-image-1036\" src=\"https:\/\/www.sportellocertificati.it\/wp-content\/uploads\/2020\/05\/richiedi-il-certificato-qui-3.png\" alt=\"\" width=\"240\" height=\"43\" srcset=\"https:\/\/www.sportellocertificati.it\/wp-content\/uploads\/2020\/05\/richiedi-il-certificato-qui-3.png 737w, https:\/\/www.sportellocertificati.it\/wp-content\/uploads\/2020\/05\/richiedi-il-certificato-qui-3-300x54.png 300w, https:\/\/www.sportellocertificati.it\/wp-content\/uploads\/2020\/05\/richiedi-il-certificato-qui-3-600x107.png 600w\" sizes=\"auto, (max-width: 240px) 100vw, 240px\" \/><\/a><\/p>\n<ul>\n<li>L\u2019Estratto dell\u2019Atto di Nascita attesta la nascita di una persona fisica pi\u00f9 altre informazioni estrapolate dall\u2019Atto di Nascita.<\/li>\n<li>Riporta i seguenti dati: il nome completo del soggetto, data e luogo di nascita ed eventuali accadimenti avvenuti dopo la sua nascita.<\/li>\n<li>Puoi richiedere anche l\u2019Estratto dell\u2019Atto di Nascita multilingue o la copia integrale dell\u2019Atto di Nascita.<\/li>\n<li>Su Sportello Certificati ricevi il documento ufficiale rilasciato dall\u2019Ufficio di Stato Civile del comune nel quale \u00e8 avvenuta la nascita della persona.<\/li>\n<li>Richiedi il certificato in qualunque comune presente sul territorio nazionale.<\/li>\n<li>Consegna via e-mail a partire da 3 giorni lavorativi.<\/li>\n<li>Spedizione via posta\/corriere anche fuori dai confini nazionali.<\/li>\n<li>Servicio B2B para despachos de abogados, despachos profesionales y empresas.<\/li>\n<li>Atenci\u00f3n al cliente 24 horas por tel\u00e9fono, correo electr\u00f3nico, chat, whatsApp.<\/li>\n<li>Sistemas de pago seguros con encriptaci\u00f3n de datos.<\/li>\n<li>Obtenga el documento en unos pocos clics.<\/li>\n<\/ul>\n<p><em><strong>\u00bf Tenes exigencias espec\u00edficas? \u00a1Cont\u00e1ctanos, encontraremos la manera de que tengas tu documento en el menor tiempo posible!<\/strong><\/em><\/p>\n<p><a href=\"https:\/\/www.sportellocertificati.it\/prodotto\/estratto-atto-di-nascita\/#tab-description\">&gt; Leer la descripci\u00f3n completa<\/a><br \/>\n<a name=\"richiedi-qui-il-certificato\"><\/a><\/p>\n<hr \/>\n<p><em><strong>-Clicca per visualizzare il documento<\/strong><\/em><\/p>\n<p><a href=\"https:\/\/www.sportellocertificati.it\/wp-content\/uploads\/2019\/06\/Esempio-estratto-atto-di-nascita.pdf\" target=\"_blank\" rel=\"noopener noreferrer\">Esempio Estratto di Nascita<\/a><\/p>\n<p><a href=\"https:\/\/www.sportellocertificati.it\/wp-content\/uploads\/2019\/06\/Estratto-di-nascita-multilingue.pdf\" target=\"_blank\" rel=\"noopener noreferrer\">Esempio Estratto di Nascita Multilingue<\/a><\/p>","protected":false},"featured_media":29978,"comment_status":"open","ping_status":"closed","template":"","meta":{"_kad_blocks_custom_css":"","_kad_blocks_head_custom_js":"","_kad_blocks_body_custom_js":"","_kad_blocks_footer_custom_js":"","ocean_post_layout":"","ocean_both_sidebars_style":"","ocean_both_sidebars_content_width":0,"ocean_both_sidebars_sidebars_width":0,"ocean_sidebar":"0","ocean_second_sidebar":"0","ocean_disable_margins":"enable","ocean_add_body_class":"","ocean_shortcode_before_top_bar":"","ocean_shortcode_after_top_bar":"","ocean_shortcode_before_header":"","ocean_shortcode_after_header":"","ocean_has_shortcode":"","ocean_shortcode_after_title":"","ocean_shortcode_before_footer_widgets":"","ocean_shortcode_after_footer_widgets":"","ocean_shortcode_before_footer_bottom":"","ocean_shortcode_after_footer_bottom":"","ocean_display_top_bar":"default","ocean_display_header":"default","ocean_header_style":"","ocean_center_header_left_menu":"0","ocean_custom_header_template":"0","ocean_custom_logo":0,"ocean_custom_retina_logo":0,"ocean_custom_logo_max_width":0,"ocean_custom_logo_tablet_max_width":0,"ocean_custom_logo_mobile_max_width":0,"ocean_custom_logo_max_height":0,"ocean_custom_logo_tablet_max_height":0,"ocean_custom_logo_mobile_max_height":0,"ocean_header_custom_menu":"0","ocean_menu_typo_font_family":"0","ocean_menu_typo_font_subset":"","ocean_menu_typo_font_size":0,"ocean_menu_typo_font_size_tablet":0,"ocean_menu_typo_font_size_mobile":0,"ocean_menu_typo_font_size_unit":"px","ocean_menu_typo_font_weight":"","ocean_menu_typo_font_weight_tablet":"","ocean_menu_typo_font_weight_mobile":"","ocean_menu_typo_transform":"","ocean_menu_typo_transform_tablet":"","ocean_menu_typo_transform_mobile":"","ocean_menu_typo_line_height":0,"ocean_menu_typo_line_height_tablet":0,"ocean_menu_typo_line_height_mobile":0,"ocean_menu_typo_line_height_unit":"","ocean_menu_typo_spacing":0,"ocean_menu_typo_spacing_tablet":0,"ocean_menu_typo_spacing_mobile":0,"ocean_menu_typo_spacing_unit":"","ocean_menu_link_color":"","ocean_menu_link_color_hover":"","ocean_menu_link_color_active":"","ocean_menu_link_background":"","ocean_menu_link_hover_background":"","ocean_menu_link_active_background":"","ocean_menu_social_links_bg":"","ocean_menu_social_hover_links_bg":"","ocean_menu_social_links_color":"","ocean_menu_social_hover_links_color":"","ocean_disable_title":"default","ocean_disable_heading":"default","ocean_post_title":"","ocean_post_subheading":"","ocean_post_title_style":"","ocean_post_title_background_color":"","ocean_post_title_background":0,"ocean_post_title_bg_image_position":"","ocean_post_title_bg_image_attachment":"","ocean_post_title_bg_image_repeat":"","ocean_post_title_bg_image_size":"","ocean_post_title_height":0,"ocean_post_title_bg_overlay":0.5,"ocean_post_title_bg_overlay_color":"","ocean_disable_breadcrumbs":"default","ocean_breadcrumbs_color":"","ocean_breadcrumbs_separator_color":"","ocean_breadcrumbs_links_color":"","ocean_breadcrumbs_links_hover_color":"","ocean_display_footer_widgets":"default","ocean_display_footer_bottom":"default","ocean_custom_footer_template":"0"},"product_brand":[],"product_cat":[20],"product_tag":[23],"class_list":{"0":"post-421","1":"product","2":"type-product","3":"status-publish","4":"has-post-thumbnail","6":"product_cat-stato-civile","7":"product_tag-certificati-comunali","9":"entry","10":"has-media","12":"first","13":"instock","14":"featured","15":"virtual","16":"sold-individually","17":"taxable","18":"purchasable","19":"product-type-simple","20":"has-rating","21":"col","22":"span_1_of_5","23":"owp-content-center","24":"owp-thumbs-layout-vertical","25":"owp-btn-normal","26":"owp-tabs-layout-horizontal","27":"has-no-thumbnails","28":"circle-sale"},"taxonomy_info":{"product_cat":[{"value":20,"label":"Stato Civile"}],"product_tag":[{"value":23,"label":"Certificati Comunali"}]},"featured_image_src_large":["https:\/\/www.sportellocertificati.it\/wp-content\/uploads\/2019\/01\/estratto-di-nascita-online.jpg",800,800,false],"author_info":[],"comment_info":40,"_links":{"self":[{"href":"https:\/\/www.sportellocertificati.it\/es\/wp-json\/wp\/v2\/product\/421","targetHints":{"allow":["GET"]}}],"collection":[{"href":"https:\/\/www.sportellocertificati.it\/es\/wp-json\/wp\/v2\/product"}],"about":[{"href":"https:\/\/www.sportellocertificati.it\/es\/wp-json\/wp\/v2\/types\/product"}],"replies":[{"embeddable":true,"href":"https:\/\/www.sportellocertificati.it\/es\/wp-json\/wp\/v2\/comments?post=421"}],"wp:featuredmedia":[{"embeddable":true,"href":"https:\/\/www.sportellocertificati.it\/es\/wp-json\/wp\/v2\/media\/29978"}],"wp:attachment":[{"href":"https:\/\/www.sportellocertificati.it\/es\/wp-json\/wp\/v2\/media?parent=421"}],"wp:term":[{"taxonomy":"product_brand","embeddable":true,"href":"https:\/\/www.sportellocertificati.it\/es\/wp-json\/wp\/v2\/product_brand?post=421"},{"taxonomy":"product_cat","embeddable":true,"href":"https:\/\/www.sportellocertificati.it\/es\/wp-json\/wp\/v2\/product_cat?post=421"},{"taxonomy":"product_tag","embeddable":true,"href":"https:\/\/www.sportellocertificati.it\/es\/wp-json\/wp\/v2\/product_tag?post=421"}],"curies":[{"name":"wp","href":"https:\/\/api.w.org\/{rel}","templated":true}]}}