{"id":3,"date":"2018-12-26T21:26:11","date_gmt":"2018-12-26T21:26:11","guid":{"rendered":"https:\/\/www.sportellocertificati.it\/?page_id=3"},"modified":"2026-03-19T08:13:19","modified_gmt":"2026-03-19T08:13:19","slug":"privacy-policy","status":"publish","type":"page","link":"https:\/\/www.sportellocertificati.it\/pt\/privacy-policy\/","title":{"rendered":"Privacy Policy"},"content":{"rendered":"<h3>Bem-vindo \u00e0 p\u00e1gina de privacidade e processamento de dados da Sportello Certificati<\/h3>\n<p>Ao usar nossos servi\u00e7os, voc\u00ea nos confia suas informa\u00e7\u00f5es. Esta p\u00e1gina descreve a pol\u00edtica de privacidade para permitir que voc\u00ea entenda como coletamos, usamos e compartilhamos seus dados. A legisla\u00e7\u00e3o sobre privacidade \u00e9 muito importante, esperamos que voc\u00ea a leia com aten\u00e7\u00e3o.<\/p>\n<h3>DADOS RECOLHIDOS<\/h3>\n<p>Coletamos dados das seguintes maneiras:<\/p>\n<ul>\n<li>Dados fornecidos pelo usu\u00e1rio durante a fase de registro em nosso site www.sportellocertificati.it para a compra de servi\u00e7os. Para solicitar um servi\u00e7o, voc\u00ea precisa criar uma conta. Durante la creazione dell\u2019account vengono chiesti i dati personali necessari per l'erogazione dei servizi, come: nome, cognome, codice fiscale, indirizzo di residenza, numero di telefono, indirizzo mail o carta di credito da associare all\u2019account personale. Os dados do usu\u00e1rio tamb\u00e9m podem ser coletados via telefone. As comunica\u00e7\u00f5es telef\u00f4nicas podem ser gravadas; nesse caso, o usu\u00e1rio ser\u00e1 informado com anteced\u00eancia e nenhum registro ser\u00e1 realizado sem o consentimento expresso do cliente.<\/li>\n<li>Dados coletados dos formul\u00e1rios de contato, formul\u00e1rios para solicitar servi\u00e7os, formul\u00e1rios para realizar uma atribui\u00e7\u00e3o, do servi\u00e7o de bate-papo para obter assist\u00eancia e \/ ou outros servi\u00e7os de mensagens ou comunica\u00e7\u00e3o.<\/li>\n<li>Dados fornecidos para a inclus\u00e3o de um coment\u00e1rio em nosso blog ou uma revis\u00e3o de um de nossos servi\u00e7os.<\/li>\n<li>Dados coletados durante a navega\u00e7\u00e3o em nosso site atrav\u00e9s do uso de cookies ou tecnologias similares.<\/li>\n<li>Dati raccolti tramite l\u2019uso di social, per condividere info con siti di social media, oppure utilizzare tali siti per creare un account o per collegare l\u2019account al rispettivo sito di social media. Nello specifico viene consentito ai clienti di registrarsi utilizzando il proprio account Facebook o Google. Tali siti possono autorizzare Servizi Informativi ad accedere automaticamente a determinati dati in loro possesso (la quantit\u00e0 di dati dipende dal consenso lasciato dal cliente in fase di creazione dell&#8217;account social) come nome utente, indirizzo mail, avatar etc. Servizi Informativi si limita a raccogliere quelli necessari per la registrazione: indirizzo email, nome utente, nome completo (se presenti) che verranno automaticamente associati al profilo creato.<\/li>\n<\/ul>\n<p>USO DE DADOS COLETADOS<\/p>\n<ul>\n<li>Principalmente utilizziamo le informazioni raccolte per fornire i servizi acquistati via web, telefono o email. I dati, fra cui anche lo storico degli ordini, l\u2019indirizzo ip, sono conservati sui nostri server. Tali dati restano memorizzati per tutto il tempo necessario per ragioni di natura fiscale, legale e di sicurezza, sia del cliente sia di Servizi Informativi. Tuttavia, l\u2019utente pu\u00f2 chiedere in qualunque momento la rimozione completa di ogni informazione, modifica o rettifica e portabilit\u00e0, nei limiti e nel rispetto della normativa vigente.<\/li>\n<li>Diferentemente do estabelecido no item anterior, os servi\u00e7os adquiridos, geralmente entregues em formato eletr\u00f4nico - arquivo pdf - s\u00e3o mantidos por um per\u00edodo m\u00ednimo de tempo, estritamente indispens\u00e1vel para a realiza\u00e7\u00e3o da tarefa profissional.<\/li>\n<li>Os dados de navega\u00e7\u00e3o, coletados atrav\u00e9s do uso de cookies e \/ ou tecnologias similares, s\u00e3o usados para melhorar o uso de nossos servi\u00e7os. Isso pode envolver a an\u00e1lise e o comportamento de nossos usu\u00e1rios em nossas p\u00e1ginas, como: tempo gasto, tipo de dispositivo usado, local de onde foi acessado, abandono das p\u00e1ginas do carrinho de compras ou do caso etc ..<\/li>\n<li>Para enviar email marketing, boletins informativos para os quais os clientes deram seu consentimento e que podem ser revogados ou modificados a qualquer momento.<\/li>\n<li>Para entrar em contato por e-mail ou correio para oferecer descontos e promo\u00e7\u00f5es especiais, conhecer as opini\u00f5es por meio de pesquisas ou cr\u00edticas sobre nossos servi\u00e7os.<\/li>\n<li>Para contatos relacionados a problemas de conta ou a realiza\u00e7\u00e3o de um servi\u00e7o. Os contatos podem ser feitos por telefone, email, correio, SMS etc.<\/li>\n<li>Prevenir, detectar ou identificar fraudes, viola\u00e7\u00f5es de seguran\u00e7a e atividades potencialmente proibidas ou ilegais.<\/li>\n<li>Para quaisquer outras exigencias necess\u00e1rias para concluir e executar o contrato estipulado com o cliente e garantir seguran\u00e7a e conformidade com a legisla\u00e7\u00e3o vigente.<\/li>\n<\/ul>\n<h3>PARTILHA DE INFORMA\u00c7\u00d5ES<\/h3>\n<p>Le informazione raccolte sono utilizzate all\u2019interno delle nostre strutture per le finalit\u00e0 sopra elencate, i dati vengono trattati sia con strumenti telematici e non. Per talune tipologie di servizi Servizi Informativi si avvale della collaborazione di societ\u00e0 terze, alle quali, quando necessario, sono forniti i dati indispensabili per l\u2019espletamento degli incarichi ricevuti. \u00a0Fra i terzi con cui potrebbero essere condivise informazioni ci sono anche Studi Commercialisti e Legali che forniscono consulenza alla societ\u00e0 quando necessario. I servizi di web, mail e cloud server utilizzati da Sportello Certificati per la conservazione ed il trattamento dei dati vengono forniti da societ\u00e0 terze come meglio specificato di seguito.<\/p>\n<h5><strong><i>Ao clicar no nome do aplicativo com o qual os dados s\u00e3o compartilhados, voc\u00ea acessa diretamente a pol\u00edtica de privacidade. Alguns aplicativos realizam o processamento de dados fora das fronteiras da UE.\u00a0<\/i><\/strong><\/h5>\n<h4><strong>HOSTING, PLATAFORMA WEB e PLUGINS<\/strong><\/h4>\n<p><a href=\"https:\/\/kinsta.com\/privacy-policy\/\" target=\"_blank\" rel=\"noopener noreferrer\">Kinsta LTD\u00a0<\/a>a empresa que fornece a plataforma de hospedagem em que nossas p\u00e1ginas est\u00e3o hospedadas, que usa o <strong>Google Cloud Platform e a tecnologia CDN.<\/strong> <a href=\"https:\/\/wordpress.org\/about\/privacy\/\">WordPress\u00a0<\/a>\u00e9 o programa usado para a constru\u00e7\u00e3o de Certificados. <a href=\"https:\/\/woocommerce.com\/privacy-policy\/\" target=\"_blank\" rel=\"noopener noreferrer\">Woocommerce <\/a>\u00e9 o aplicativo usado para nossa loja online. <a href=\"https:\/\/www.gravityforms.com\/\" target=\"_blank\" rel=\"noopener noreferrer\">Gravity Form <\/a>\u00e9 o aplicativo usado para coletar dados durante a compra de um servi\u00e7o ou quando voc\u00ea solicita informa\u00e7\u00f5es de nossos formul\u00e1rios. <a href=\"https:\/\/automattic.com\/privacy\/\" target=\"_blank\" rel=\"noopener noreferrer\">Askimet Anti Spam\u00a0<\/a>\u00e9 um aplicativo que usamos para filtrar coment\u00e1rios de spam em nosso site. <a href=\"https:\/\/sucuri.net\/privacy\" target=\"_blank\" rel=\"noopener noreferrer\">Sucuri Security\u00a0<\/a>\u00e9 um aplicativo que usamos para garantir a seguran\u00e7a de nossas p\u00e1ginas da web.\u00a0<a href=\"https:\/\/www.tidiochat.com\/en\/privacy-policy\">Tidio LLC\u00a0<\/a>\u00e9 a empresa que fornece o servi\u00e7o de bate-papo. <a href=\"https:\/\/nextendweb.com\/privacy-policy\/\">Nextend Social Login\u00a0<\/a>\u00e9 um aplicativo desenvolvido pela Nextendweb Kft que permite que os usu\u00e1rios efetuem login no site usando sua conta do Google ou do Facebook diretamente. <a href=\"https:\/\/www.whatsapp.com\/legal\/#privacy-policy-information-we-collect\">Whatsapp<\/a>\u00a0 \u00e9 um aplicativo de mensagens e chamadas que os usu\u00e1rios podem usar para entrar em contato conosco. <a href=\"https:\/\/policies.google.com\/privacy?hl=it\" target=\"_blank\" rel=\"noopener noreferrer\">Google Font<\/a>, o servi\u00e7o de gerenciamento e exibi\u00e7\u00e3o de fontes fornecido pelo Google Inc. <a href=\"https:\/\/www.iubenda.com\/privacy-policy\/28623586\">Iubenda.com<\/a>\u00a0\u00e9 a empresa usada para o gerenciamento de cookies e a pol\u00edtica relacionada.<\/p>\n<h4><strong>SERVI\u00c7OS DE PAGAMENTO<\/strong><\/h4>\n<p>Para garantir aos nossos clientes seguran\u00e7a e flexibilidade, usamos v\u00e1rios sistemas de pagamento fornecidos pelas seguintes empresas: <a href=\"https:\/\/www.paypal.com\/it\/webapps\/mpp\/ua\/privacy-full\">PayPal Inc<\/a>, <a href=\"https:\/\/stripe.com\/it\/privacy\">Stripe Inc<\/a>, <a href=\"http:\/\/www.mercurypayments.it\/PortaleIstituzionale\/servizio?sectionTab=6\">Mercury Payment Services S.p.A. ex Setefi<\/a>, <a href=\"https:\/\/www.intesasanpaolo.com\/it\/common\/footer\/privacy.html\">Bonifico Bancario via Intesa San Paolo.<\/a><\/p>\n<h4><strong>CORREIO, GERENCIAMENTO DE BASE DE DADOS DO CLIENTE E FATURAMENTO<\/strong><\/h4>\n<p>Utilizamos os servi\u00e7os fornecidos pelo G Suite pelo Google Cloud do <a href=\"https:\/\/policies.google.com\/privacy?hl=it\">Google Inc.\u00a0<\/a>O envio e recebimento de e-mails ocorrem com o aplicativo Gmail, os arquivos e documentos s\u00e3o armazenados no Google Drive e processados com as ferramentas inclu\u00eddas no G Suite. <a href=\"https:\/\/www.fattureincloud.it\/privacy\/\">MadBit Entertainment Srl<\/a> \u00e9 a empresa que nos fornece o software, incluindo o ambiente em nuvem, para processar e gerenciar o faturamento do cliente.<\/p>\n<h4><strong>LISTA DE E-MAIL E NEWSLETTER<\/strong><\/h4>\n<p>O boletim e os servi\u00e7os de marketing s\u00e3o realizados atrav\u00e9s dos aplicativos\u00a0<a href=\"https:\/\/mailchimp.com\/legal\/privacy\/\">Mailchimp di The Rocket Science Group<\/a>\u00a0e <a href=\"https:\/\/www.mailerlite.com\/legal\/privacy-policy\" target=\"_blank\" rel=\"noopener noreferrer\">Mailerlite.<\/a> Esses servi\u00e7os tamb\u00e9m podem ser usados para fornecer informa\u00e7\u00f5es t\u00e9cnicas ou outras comunica\u00e7\u00f5es importantes aos nossos clientes. A assinatura do boletim \u00e9 totalmente opcional e pode ser cancelada a qualquer momento. Os assinantes da newsletter s\u00e3o atualizados sobre nossas not\u00edcias, ofertas especiais e promo\u00e7\u00f5es dedicadas. Para cancelar a inscri\u00e7\u00e3o, basta clicar no link na parte inferior de cada e-mail enviado ou entre em contato conosco diretamente no nosso endere\u00e7o de e-mail info@sportellocertificati.it.<\/p>\n<h4><strong>FUN\u00c7\u00d5ES REDES SOCIAIS<\/strong><\/h4>\n<p>O usu\u00e1rio do navegador interage com terceiros conforme especificado abaixo: <b>bot\u00f5es seguir<\/b>, com os quais voc\u00ea pode se inscrever em nossas p\u00e1ginas: <a href=\"https:\/\/www.facebook.com\/privacy\/\" target=\"_blank\" rel=\"noopener noreferrer\">Facebook<\/a>, <a href=\"https:\/\/twitter.com\/en\/privacy\" target=\"_blank\" rel=\"noopener noreferrer\">Twitter<\/a>, <a href=\"https:\/\/policies.google.com\/privacy?hl=it\" target=\"_blank\" rel=\"noopener noreferrer\">Google +, Youtube, Feed Burner\u00a0<\/a>para se manter atualizado. <strong>bot\u00f5es<\/strong><b>\u00a0sharing\u00a0<\/b>que permitem compartilhar uma postagem de blog, servi\u00e7o ou p\u00e1gina da web nos seguintes canais sociais: <a href=\"https:\/\/www.facebook.com\/privacy\/\" target=\"_blank\" rel=\"noopener noreferrer\">Facebook<\/a>, <a href=\"https:\/\/twitter.com\/en\/privacy\">Twitter\u00a0<\/a>e <a href=\"https:\/\/policies.google.com\/privacy?hl=it\">Google +.<\/a><\/p>\n<h5><strong><i>Ao clicar nos links, voc\u00ea pode ler a pol\u00edtica de privacidade completa de cada plataforma social. <\/i><\/strong><\/h5>\n<h4><strong>USO DE DADOS DO SITE<\/strong><\/h4>\n<p>Para garantir e melhorar o uso do nosso site, usamos o <a href=\"https:\/\/policies.google.com\/privacy?hl=it\">Google Analytics<\/a> de propriedade do Google Inc, um aplicativo que, atrav\u00e9s do uso de cookies, permite obter informa\u00e7\u00f5es sobre como os usu\u00e1rios usam nossas p\u00e1ginas. O Google pode usar dados pessoais para contextualizar e personalizar os an\u00fancios de sua rede de publicidade. <a href=\"https:\/\/tools.google.com\/dlpage\/gaoptout?hl=pt-BR\" target=\"_blank\" rel=\"noopener noreferrer\">No link a seguir, o Google<\/a> fornisce il componente aggiuntivo del browser per la disattivazione di Google Analytics.<\/p>\n<h3>POL\u00cdTICAS DE COOKIE<\/h3>\n\n\n<p><script type=\"text\/javascript\" src=\"https:\/\/embeds.iubenda.com\/widgets\/7fda059e-7022-4ac8-b0be-2a072a1e9aa9.js\"><\/script><\/p>\n\n\n\n<p><\/p>\n\n\n<h3>Desativando e excluindo cookies.<\/h3>\n<p>O usu\u00e1rio pode decidir se aceita ou n\u00e3o os cookies usando as configura\u00e7\u00f5es do navegador, al\u00e9m de excluir os que foram instalados no passado. Aviso: desativar todos ou parte dos cookies t\u00e9cnicos pode comprometer o uso dos recursos do site. O usu\u00e1rio pode encontrar informa\u00e7\u00f5es sobre como gerenciar cookies de acordo com o navegador usado nos seguintes endere\u00e7os: <a href=\"https:\/\/support.google.com\/chrome\/answer\/95647?hl=it&amp;p=cpn_cookies\" target=\"_blank\" rel=\"noopener noreferrer\">Google Chrome<\/a>, <a href=\"https:\/\/support.mozilla.org\/it\/kb\/Attivare%20e%20disattivare%20i%20cookie\" target=\"_blank\" rel=\"noopener noreferrer\">Mozilla Firefox<\/a>, <a href=\"https:\/\/support.apple.com\/kb\/PH19214?viewlocale=it_IT&amp;locale=en_US\" target=\"_blank\" rel=\"noopener noreferrer\">Apple Safari\u00a0<\/a>e <a href=\"http:\/\/windows.microsoft.com\/it-it\/windows-vista\/block-or-allow-cookies\" target=\"_blank\" rel=\"noopener noreferrer\">Microsoft Windows Explorer<\/a>.<\/p>\n<h3>DIREITOS DOS USU\u00c1RIOS<\/h3>\n<p>A Uni\u00e3o Europeia, com o Regulamento da UE 2016\/679 GDPR, atualizou a legisla\u00e7\u00e3o existente sobre processamento de dados e aprimorou significativamente os direitos dos usu\u00e1rios. Dado que o regulamento permite ao usu\u00e1rio revogar e modificar o consentimento para o processamento de dados a qualquer momento, s\u00e3o reconhecidos os seguintes direitos:<\/p>\n<ul>\n<li>solicitar a corre\u00e7\u00e3o dos dados, se alguns estiverem incorretos ou incompletos, nos termos do art. 16 do regulamento;<\/li>\n<li>solicitar o cancelamento de todos os seus dados, direito ao cancelamento o c.d. direito a ser esquecido, art. 17 do regulamento;<\/li>\n<li>acesso a todos os dados pessoais, direito de acesso art. 15 do regulamento;<\/li>\n<li>solicitar e obter a portabilidade de todos os dados pessoais, direito \u00e0 portabilidade art. 20 do regulamento.<\/li>\n<\/ul>\n<p>Nei casi sopra elencati e tutti gli altri previsti dalla normativa comunitaria e nazionale, il Titolare s&#8217;impegna affinch\u00e9 le richieste degli utenti siano adempiute nel pi\u00f9 breve tempo possibile. Per qualunque tipo di richiesta ai fini dell&#8217;esercizio dei diritti sopra indicati si prega di contattare il titolare del trattamento dati ad uno dei recapiti sotto indicati. Sara cura di Servizi Informativi mettersi in contatto con l&#8217;utente il prima possibile (generalmente entro 24 ore).<\/p>\n<div class=\"page\" title=\"Page 1\">\n<div class=\"section\">\n<div class=\"layoutArea\">\n<div class=\"column\">\n<h3>PROPRIET\u00c1RIO DO PROCESSAMENTO DE DADOS<\/h3>\n<p>Il titolare del trattamento dati \u00e8 Servizi Informativi, company number 14813764, Via Dei Mille 243, 98123 Messina. Per qualunque informazione o chiarimento \u00e8 possibile contattare il titolare del trattamento via posta ordinaria all\u2019indirizzo sopra indicato o in alternativa ai seguenti indirizzi di posta elettronica: <a>info@sportellocertificati.it<\/a>; servizi.informativi@legalmail.it.\u00a0<\/p>\n<h3>SEGURAN\u00c7A DO USU\u00c1RIO<\/h3>\n<p>La sicurezza dei nostri utenti \u00e8 prioritaria. A tal uopo il nostro impegno costante per applicare al meglio la normativa comunitaria e nazionale in materia di protezione dati. Il nostro sito utilizza il protocollo https e certificati ssl consentendo cos\u00ec di scambiare i dati in modo sicuro. Uso di Google Cloud Platform per tenere al sicuro tutti i dati che trattiamo. Sul punto si precisa che il nostro server dove sono ospitate le nostre pagine web si trova in Frankfurt (German) e che anche G Suite utilizza la tecnologia Google Cloud Platform.\u00a0<\/p>\n<h3>INFORMA\u00c7\u00d5ES ADICIONAIS<\/h3>\n<p>Lembramos que este regulamento pode estar sujeito a altera\u00e7\u00f5es; portanto, convidamos voc\u00ea a visitar esta p\u00e1gina regularmente. Para mais informa\u00e7\u00f5es, entre em contato conosco no seguinte endere\u00e7o de e-mail <a>info@sportellocertificati.it<\/a>. Leia tamb\u00e9m os <a href=\"https:\/\/www.sportellocertificati.it\/termini-e-condizioni\/\">Termos e Condi\u00e7\u00f5es Gerais.<\/a><\/p>\n<\/div>\n<\/div>\n<\/div>\n<\/div>","protected":false},"excerpt":{"rendered":"<p>Benvenuto nella pagina privacy e trattamento dati di Sportello Certificati Quando utilizzi i nostri servizi ci affidi le tue informazioni. In questa pagina vengono descritte le norme sulla privacy per consentirti di capire come raccogliamo, utilizziamo e condividiamo i tuoi dati. La normativa sulla privacy \u00e8 molto importante, ci auguriamo che tu la legga con [&hellip;]<\/p>","protected":false},"author":1,"featured_media":0,"parent":0,"menu_order":0,"comment_status":"closed","ping_status":"open","template":"","meta":{"_kad_blocks_custom_css":"","_kad_blocks_head_custom_js":"","_kad_blocks_body_custom_js":"","_kad_blocks_footer_custom_js":"","ocean_post_layout":"full-width","ocean_both_sidebars_style":"","ocean_both_sidebars_content_width":0,"ocean_both_sidebars_sidebars_width":0,"ocean_sidebar":"0","ocean_second_sidebar":"0","ocean_disable_margins":"enable","ocean_add_body_class":"","ocean_shortcode_before_top_bar":"","ocean_shortcode_after_top_bar":"","ocean_shortcode_before_header":"","ocean_shortcode_after_header":"","ocean_has_shortcode":"","ocean_shortcode_after_title":"","ocean_shortcode_before_footer_widgets":"","ocean_shortcode_after_footer_widgets":"","ocean_shortcode_before_footer_bottom":"","ocean_shortcode_after_footer_bottom":"","ocean_display_top_bar":"default","ocean_display_header":"default","ocean_header_style":"","ocean_center_header_left_menu":"0","ocean_custom_header_template":"0","ocean_custom_logo":0,"ocean_custom_retina_logo":0,"ocean_custom_logo_max_width":0,"ocean_custom_logo_tablet_max_width":0,"ocean_custom_logo_mobile_max_width":0,"ocean_custom_logo_max_height":0,"ocean_custom_logo_tablet_max_height":0,"ocean_custom_logo_mobile_max_height":0,"ocean_header_custom_menu":"0","ocean_menu_typo_font_family":"0","ocean_menu_typo_font_subset":"","ocean_menu_typo_font_size":0,"ocean_menu_typo_font_size_tablet":0,"ocean_menu_typo_font_size_mobile":0,"ocean_menu_typo_font_size_unit":"px","ocean_menu_typo_font_weight":"","ocean_menu_typo_font_weight_tablet":"","ocean_menu_typo_font_weight_mobile":"","ocean_menu_typo_transform":"","ocean_menu_typo_transform_tablet":"","ocean_menu_typo_transform_mobile":"","ocean_menu_typo_line_height":0,"ocean_menu_typo_line_height_tablet":0,"ocean_menu_typo_line_height_mobile":0,"ocean_menu_typo_line_height_unit":"","ocean_menu_typo_spacing":0,"ocean_menu_typo_spacing_tablet":0,"ocean_menu_typo_spacing_mobile":0,"ocean_menu_typo_spacing_unit":"","ocean_menu_link_color":"","ocean_menu_link_color_hover":"","ocean_menu_link_color_active":"","ocean_menu_link_background":"","ocean_menu_link_hover_background":"","ocean_menu_link_active_background":"","ocean_menu_social_links_bg":"","ocean_menu_social_hover_links_bg":"","ocean_menu_social_links_color":"","ocean_menu_social_hover_links_color":"","ocean_disable_title":"default","ocean_disable_heading":"default","ocean_post_title":"","ocean_post_subheading":"","ocean_post_title_style":"","ocean_post_title_background_color":"","ocean_post_title_background":0,"ocean_post_title_bg_image_position":"","ocean_post_title_bg_image_attachment":"","ocean_post_title_bg_image_repeat":"","ocean_post_title_bg_image_size":"","ocean_post_title_height":0,"ocean_post_title_bg_overlay":0.5,"ocean_post_title_bg_overlay_color":"","ocean_disable_breadcrumbs":"default","ocean_breadcrumbs_color":"","ocean_breadcrumbs_separator_color":"","ocean_breadcrumbs_links_color":"","ocean_breadcrumbs_links_hover_color":"","ocean_display_footer_widgets":"default","ocean_display_footer_bottom":"default","ocean_custom_footer_template":"0","footnotes":""},"class_list":["post-3","page","type-page","status-publish","hentry","entry","owp-thumbs-layout-vertical","owp-btn-normal","owp-tabs-layout-horizontal","has-no-thumbnails","circle-sale"],"taxonomy_info":[],"featured_image_src_large":false,"author_info":{"display_name":"Sportello Certificati","author_link":"https:\/\/www.sportellocertificati.it\/pt\/author\/ninuzzosp\/"},"comment_info":0,"_links":{"self":[{"href":"https:\/\/www.sportellocertificati.it\/pt\/wp-json\/wp\/v2\/pages\/3","targetHints":{"allow":["GET"]}}],"collection":[{"href":"https:\/\/www.sportellocertificati.it\/pt\/wp-json\/wp\/v2\/pages"}],"about":[{"href":"https:\/\/www.sportellocertificati.it\/pt\/wp-json\/wp\/v2\/types\/page"}],"author":[{"embeddable":true,"href":"https:\/\/www.sportellocertificati.it\/pt\/wp-json\/wp\/v2\/users\/1"}],"replies":[{"embeddable":true,"href":"https:\/\/www.sportellocertificati.it\/pt\/wp-json\/wp\/v2\/comments?post=3"}],"version-history":[{"count":0,"href":"https:\/\/www.sportellocertificati.it\/pt\/wp-json\/wp\/v2\/pages\/3\/revisions"}],"wp:attachment":[{"href":"https:\/\/www.sportellocertificati.it\/pt\/wp-json\/wp\/v2\/media?parent=3"}],"curies":[{"name":"wp","href":"https:\/\/api.w.org\/{rel}","templated":true}]}}