{"id":30,"date":"2018-12-27T20:36:09","date_gmt":"2018-12-27T20:36:09","guid":{"rendered":"https:\/\/www.sportellocertificati.it\/?page_id=30"},"modified":"2022-05-03T17:14:30","modified_gmt":"2022-05-03T17:14:30","slug":"perguntas-frequentes","status":"publish","type":"page","link":"https:\/\/www.sportellocertificati.it\/pt\/perguntas-frequentes\/","title":{"rendered":"Perguntas freq\u00fcentes"},"content":{"rendered":"<h3>Quanto tempo leva para processar um pedido?<\/h3>\n<p>Os tempos de processamento de um pedido s\u00e3o indicados na p\u00e1gina de cada servi\u00e7o.<\/p>\n<p>Os hor\u00e1rios indicados na p\u00e1gina de cada servi\u00e7o s\u00e3o geralmente respeitados. No entanto, podem ocorrer atrasos por raz\u00f5es t\u00e9cnicas, como uma pr\u00e1tica particularmente complexa. O cliente ser\u00e1 imediatamente informado.<\/p>\n<h3>Como os servi\u00e7os s\u00e3o prestados?<\/h3>\n<p>Ap\u00f3s a conclus\u00e3o do pedido, o cliente recebe um email, o documento em formato pdf \u00e9 anexado. Para alguns servi\u00e7os, tamb\u00e9m \u00e9 fornecido o envio em papel do documento por correio oficial a.r.. Mediante solicita\u00e7\u00e3o, o documento pode ser enviado por correio expresso, mesmo fora do territ\u00f3rio nacional.<\/p>\n<h3>Como entrar em contato com Sportello Certificati?<\/h3>\n<p class=\" translation-block\">Basta visitare la nostra pagina <a href=\"https:\/\/www.sportellocertificati.it\/contattaci\/\" target=\"_self\">contattataci<\/a>. Potete utilizzare il form richiedi informazioni, il contatto telefonico, Whatsapp, chat online.<\/p>\n<h3>Posso solicitar um servi\u00e7o por telefone?<\/h3>\n<p>Sim Basta ligar para +39 0240031022, das 8:30 \u00e0s 18:30 de segunda a sexta-feira.<\/p>\n<h3>Newsletter Sportello Certificati como funciona?<\/h3>\n<p>O boletim \u00e9 um servi\u00e7o gratuito que a Sportello Certificati disponibiliza aos seus usu\u00e1rios. N\u00e3o queremos ser invasivos, enviamos no m\u00e1ximo dois boletins por m\u00eas. No e-mail, voc\u00ea encontrar\u00e1 nossas \u00faltimas ofertas, c\u00f3digos de desconto, novos servi\u00e7os e novos artigos do nosso blog gerenciado por nosso departamento jur\u00eddico. Se voc\u00ea deseja cancelar a inscri\u00e7\u00e3o, siga o link indicado no rodap\u00e9 da newsletter para cancelar.<\/p>\n<h3>Como cancelar sua conta?<\/h3>\n<p>Para cancelar a conta, basta enviar um email para o endere\u00e7o de email: info@sportellicertificati.it. Dentro de 24 horas, a conta e todos os dados do cliente ser\u00e3o removidos de nossos sistemas. O cliente receber\u00e1 um email confirmando o sucesso da opera\u00e7\u00e3o. Aviso: alguns dados devem ser mantidos para fins legais e fiscais.<\/p>\n<h3>\u00c9 necess\u00e1rio registrar-se para aproveitar os servi\u00e7os de Sportelli Certificati?<\/h3>\n<p>Sim O registro ocorre no momento do primeiro pedido e leva menos de dois minutos. Uma vez cadastrado, fa\u00e7a o login na p\u00e1gina de login ou diretamente no momento do pagamento na p\u00e1gina do caixa. Voc\u00ea pode se registrar diretamente na p\u00e1gina do caixa ao concluir o primeiro pedido ou se preferir diretamente na p\u00e1gina de login.<\/p>\n<h3>Posso alterar os detalhes de cobran\u00e7a?<\/h3>\n<p>Sim Voc\u00ea pode edit\u00e1-los e \u00fanicarlos par um pedido na p\u00e1gina de checkout ou alter\u00e1-los permanentemente no painel do usu\u00e1rio ap\u00f3s fazer login na p\u00e1gina de acesso.<\/p>\n<h3>Como posso pagar no Sportello Certificati?<\/h3>\n<p>O Sportello Certificati oferece v\u00e1rias op\u00e7\u00f5es de pagamento: Paypal, Transfer\u00eancia banc\u00e1ria, Cart\u00e3o de cr\u00e9dito. \u00c9 suficiente selecionar o m\u00e9todo de pagamento desejado antes de concluir o pedido na p\u00e1gina de checkout.<\/p>\n<h3>Quais cart\u00f5es de cr\u00e9dito posso usar para pagar?<\/h3>\n<p>Os principais cart\u00f5es de cr\u00e9dito, pr\u00e9-pagos e de d\u00e9bito pertencentes aos circuitos: Visa, Master Card, Maestro e American Express.<\/p>\n<h3>Quando um pedido entra em processamento?<\/h3>\n<p>Quando o pagamento \u00e9 recebido. Portanto, em caso de pedido por transfer\u00eancia banc\u00e1ria, voc\u00ea ter\u00e1 que aguardar o cr\u00e9dito da soma. Se, no prazo de cinco dias ap\u00f3s o pedido, o valor n\u00e3o for creditado na conta corrente indicada no momento da solicita\u00e7\u00e3o de servi\u00e7o, o mesmo ser\u00e1 cancelado.<\/p>","protected":false},"excerpt":{"rendered":"<p>In quanto tempo viene evaso un ordine? I tempi di evasione di un ordine sono indicati nella pagina di ogni servizio. I tempi indicati nella pagina di ogni servizio generalmente vengono rispettati. Tuttavia potrebbero verificarsi dei ritardi per motivi di carattere tecnico, come una pratica particolarmente complessa. Il cliente verr\u00e0 tempestivamente informato. Come vengono consegnati [&hellip;]<\/p>","protected":false},"author":1,"featured_media":0,"parent":0,"menu_order":0,"comment_status":"closed","ping_status":"closed","template":"","meta":{"_kad_blocks_custom_css":"","_kad_blocks_head_custom_js":"","_kad_blocks_body_custom_js":"","_kad_blocks_footer_custom_js":"","ocean_post_layout":"full-width","ocean_both_sidebars_style":"","ocean_both_sidebars_content_width":0,"ocean_both_sidebars_sidebars_width":0,"ocean_sidebar":"0","ocean_second_sidebar":"0","ocean_disable_margins":"enable","ocean_add_body_class":"","ocean_shortcode_before_top_bar":"","ocean_shortcode_after_top_bar":"","ocean_shortcode_before_header":"","ocean_shortcode_after_header":"","ocean_has_shortcode":"","ocean_shortcode_after_title":"","ocean_shortcode_before_footer_widgets":"","ocean_shortcode_after_footer_widgets":"","ocean_shortcode_before_footer_bottom":"","ocean_shortcode_after_footer_bottom":"","ocean_display_top_bar":"default","ocean_display_header":"default","ocean_header_style":"minimal","ocean_center_header_left_menu":"0","ocean_custom_header_template":"0","ocean_custom_logo":0,"ocean_custom_retina_logo":0,"ocean_custom_logo_max_width":0,"ocean_custom_logo_tablet_max_width":0,"ocean_custom_logo_mobile_max_width":0,"ocean_custom_logo_max_height":0,"ocean_custom_logo_tablet_max_height":0,"ocean_custom_logo_mobile_max_height":0,"ocean_header_custom_menu":"0","ocean_menu_typo_font_family":"0","ocean_menu_typo_font_subset":"","ocean_menu_typo_font_size":0,"ocean_menu_typo_font_size_tablet":0,"ocean_menu_typo_font_size_mobile":0,"ocean_menu_typo_font_size_unit":"px","ocean_menu_typo_font_weight":"","ocean_menu_typo_font_weight_tablet":"","ocean_menu_typo_font_weight_mobile":"","ocean_menu_typo_transform":"","ocean_menu_typo_transform_tablet":"","ocean_menu_typo_transform_mobile":"","ocean_menu_typo_line_height":0,"ocean_menu_typo_line_height_tablet":0,"ocean_menu_typo_line_height_mobile":0,"ocean_menu_typo_line_height_unit":"","ocean_menu_typo_spacing":0,"ocean_menu_typo_spacing_tablet":0,"ocean_menu_typo_spacing_mobile":0,"ocean_menu_typo_spacing_unit":"","ocean_menu_link_color":"","ocean_menu_link_color_hover":"","ocean_menu_link_color_active":"","ocean_menu_link_background":"","ocean_menu_link_hover_background":"","ocean_menu_link_active_background":"","ocean_menu_social_links_bg":"","ocean_menu_social_hover_links_bg":"","ocean_menu_social_links_color":"","ocean_menu_social_hover_links_color":"","ocean_disable_title":"default","ocean_disable_heading":"default","ocean_post_title":"Domande Frequenti","ocean_post_subheading":"Frequent Asked Question","ocean_post_title_style":"background-image","ocean_post_title_background_color":"","ocean_post_title_background":264,"ocean_post_title_bg_image_position":"","ocean_post_title_bg_image_attachment":"","ocean_post_title_bg_image_repeat":"","ocean_post_title_bg_image_size":"","ocean_post_title_height":0,"ocean_post_title_bg_overlay":0.1,"ocean_post_title_bg_overlay_color":"#222e3b","ocean_disable_breadcrumbs":"off","ocean_breadcrumbs_color":"","ocean_breadcrumbs_separator_color":"","ocean_breadcrumbs_links_color":"","ocean_breadcrumbs_links_hover_color":"","ocean_display_footer_widgets":"default","ocean_display_footer_bottom":"default","ocean_custom_footer_template":"0","footnotes":""},"class_list":["post-30","page","type-page","status-publish","hentry","entry","owp-thumbs-layout-vertical","owp-btn-normal","owp-tabs-layout-horizontal","has-no-thumbnails","circle-sale"],"taxonomy_info":[],"featured_image_src_large":false,"author_info":{"display_name":"Sportello Certificati","author_link":"https:\/\/www.sportellocertificati.it\/pt\/author\/ninuzzosp\/"},"comment_info":0,"_links":{"self":[{"href":"https:\/\/www.sportellocertificati.it\/pt\/wp-json\/wp\/v2\/pages\/30","targetHints":{"allow":["GET"]}}],"collection":[{"href":"https:\/\/www.sportellocertificati.it\/pt\/wp-json\/wp\/v2\/pages"}],"about":[{"href":"https:\/\/www.sportellocertificati.it\/pt\/wp-json\/wp\/v2\/types\/page"}],"author":[{"embeddable":true,"href":"https:\/\/www.sportellocertificati.it\/pt\/wp-json\/wp\/v2\/users\/1"}],"replies":[{"embeddable":true,"href":"https:\/\/www.sportellocertificati.it\/pt\/wp-json\/wp\/v2\/comments?post=30"}],"version-history":[{"count":0,"href":"https:\/\/www.sportellocertificati.it\/pt\/wp-json\/wp\/v2\/pages\/30\/revisions"}],"wp:attachment":[{"href":"https:\/\/www.sportellocertificati.it\/pt\/wp-json\/wp\/v2\/media?parent=30"}],"curies":[{"name":"wp","href":"https:\/\/api.w.org\/{rel}","templated":true}]}}