{"id":535,"date":"2019-01-16T18:14:48","date_gmt":"2019-01-16T18:14:48","guid":{"rendered":"https:\/\/www.sportellocertificati.it\/?post_type=product&#038;p=535"},"modified":"2025-12-20T04:42:23","modified_gmt":"2025-12-20T04:42:23","slug":"certificato-aire","status":"publish","type":"product","link":"https:\/\/www.sportellocertificati.it\/pt\/produto\/certificato-aire\/","title":{"rendered":"Certificato AIRE"},"content":{"rendered":"<h2>Il certificato AIRE riporta la residenza, la cittadinanza o lo stato di famiglia di una persona fisica residente all\u2019estero.<\/h2>\n<p>Il certificato AIRE pu\u00f2 essere richiesto soltanto per i cittadini italiani che sono iscritti nell\u2019apposito registro AIRE nel Comune dal quale gli stessi si sono trasferiti. Pertanto, per richiederlo \u00e8 necessario essere a conoscenza del nome, del cognome e del Comune dal quale la persona fisica \u00e8 emigrata.<\/p>\n<h3>Cos\u2019\u00e8 il certificato il AIRE? Chi pu\u00f2 richiederlo? Quali certificati AIRE possono essere richiesti?<\/h3>\n<p>Il certificato AIRE \u00e8 un documento riguardante cittadini italiani residenti all\u2019estero iscritti al registro AIRE del Comune di ultima residenza della persona fisica che si \u00e8 trasferita. Ogni comune italiano ha il proprio ufficio anagrafe AIRE (Anagrafe degli Italiani Residenti all\u2019Estero).<\/p>\n<p>Tale certificato pu\u00f2 essere richiesto sia dal diretto interessato sia da terzi che intendono reperire informazioni su una persona fisica trasferitasi all\u2019estero da almeno un anno.<\/p>\n<p>Possono essere richieste diverse tipologie di certificati che si differenziano per le informazioni riportate. Specificatamente si distinguono: Certificato AIRE di Residenza, Certificato AIRE di cittadinanza e Certificato AIRE di Stato di Famiglia.<\/p>\n<h3>Perch\u00e9 richiederlo su Sportello Certificati?<\/h3>\n<p>Su Sportello Certificati ottieni il certificato AIRE ufficiale rilasciato dall\u2019Ufficio Anagrafe (inserito nel registro AIRE) e usufruisci delle caratteristiche che ci distinguono:<\/p>\n<ul>\n<li>\u00a0Velocit\u00e0: puoi ottenere il certificato AIRE in un paio di click, l\u2019ordine verr\u00e0 immediatamente recepito dai nostri sistemi e messo in lavorazione.<\/li>\n<li>Assist\u00eancia: Voc\u00ea ter\u00e1 assistencia de pessoas e n\u00e3o de sistemas automatizados; de fato, garantimos aos nossos clientes assist\u00eancia gratuita sete dias por semana durante o pedido do servi\u00e7o e ap\u00f3s a entrega do mesmo.<\/li>\n<li>Sicurezza: garantiamo ai nostri clienti la navigazione sicura con crittografia dati e gatewey di pagamento evoluti.<\/li>\n<\/ul>\n<h3>Cosa contiene il certificato AIRE? Per quanto tempo \u00e8 valido?<\/h3>\n<p>Il documento in questione contiene le informazioni sulla persona fisica (residente all\u2019estero da almeno un anno) trascritte nel registro Anagrafe AIRE del Comune.<\/p>\n<p><strong>In particolare:<\/strong><\/p>\n<ul>\n<li><strong>Certificato AIRE di residenza<\/strong>: riporta la residenza italiana dalla quale il soggetto si \u00e8 trasferito e la residenza attuale nel paese estero.<\/li>\n<li><strong>Certificato AIRE di cittadinanza<\/strong>: riporta il certificato AIRE di residenza con specifica sulla cittadinanza del soggetto.<\/li>\n<li><strong>Certificato AIRE di Stato di Famiglia<\/strong>: riporta i dati anagrafici dei familiari del soggetto, purch\u00e9 questi siano regolarmente iscritti allo stesso registro Anagrafe AIRE nel comune di residenza.<\/li>\n<li>Il valore temporale del certificato AIRE \u00e8 di sei mesi che decorrono della consegna del certificato. Scaduti i sei mesi, il documento non \u00e8 pi\u00f9 valido e non garantisce la veridicit\u00e0 delle informazioni ivi contenute. Tuttavia, potr\u00e0 essere richiesto un nuovo certificato nelle modalit\u00e0 di seguito descritte.<\/li>\n<\/ul>\n<p>Devono essere iscritte nel registro AIRE tutte le persone fisiche residenti all\u2019estero da pi\u00f9 di 12 mesi, e i nati\/residenti all\u2019estero che abbiano acquisito la cittadinanza italiana (es. coniuge straniero che ha acquisito la cittadinanza con il matrimonio).<\/p>\n<h3>Il certificato AIRE ha la funzione di rendere esercitabili i diritti conseguenti dalla cittadinanza italiana anche alle persone fisiche che risiedono all\u2019estero.<\/h3>\n<p>Ottenere tale certificato \u00e8 indispensabile per esercitare il diritto al voto, ma \u00e8 anche utile al fine di rinnovare i documenti, come ad esempio patente di guida, carta d\u2019identit\u00e0, passaporto.<\/p>\n<p>Il titolare del certificato AIRE quindi per poter esercitare i diritti riconosciuti dallo Stato Italiano, dovr\u00e0 comunicare ogni modifica del suo stato civile, perdita della cittadinanza o il rientro definitivo in Italia.<\/p>\n<p>N.B. I certificati AIRE possono essere rilasciati dal comune con bollo o senza bollo. In caso imposta di bollo la stessa \u00e8 di euro 16,00 + 0,26 per i diritti di segreteria, in caso di mancanza di imposta di bollo, si dovranno soltanto euro 0,26 per i diritti di segreteria.<\/p>\n<h3>Come richiedere il certificato su Sportello Certificati?<\/h3>\n<p>A obten\u00e7\u00e3o do documento \u00e9 muito simples:<\/p>\n<ul>\n<li>compilare il form di richiesta<\/li>\n<li>aggiungere il servizio al carrello<\/li>\n<li>andare alla cassa per completare il pagamento<\/li>\n<\/ul>\n<p>La registrazione \u00e8 necessaria solo per il primo acquisto. Per tutti gli acquisti successivi \u00e8 possibile utilizzare le credenziali di accesso immesse nella fase di registrazione.<\/p>\n<h3>In quanto tempo viene consegnato il certificato AIRE? Come viene consegnato?<\/h3>\n<p>Il certificato pu\u00f2 essere consegnato al diretto interessato o a terzi via e-mail, oppure tramite posta raccomandanta a.r..<\/p>\n<p>Posto che non tutti i comuni hanno le stesse tempistiche nell\u2019evasione dei certificati,\u00a0i tempi di consegna del certificato di AIRE in formato pdf mediamente previsti sono 15 giorni lavorativi.<\/p>\n<p>Tuttavia \u00e8 possibile, in caso di richiesta urgente, avere la consegna del certificato entro 7 giorni lavorativi, e se detta tempistica non viene rispettata, la somma versata per la consegna urgente verr\u00e0 riaccreditata al cliente.<\/p>\n<p>Para solicitar esclarecimentos, voc\u00ea pode enviar suas solicita\u00e7\u00f5es na p\u00e1gina de contato.<\/p>\n<p>Se preferite ci potete contattare via e-mail all\u2019indirizzo info@sportellocertificati.it oppure via chat, accedendo dalla nostra homepage.<\/p>","protected":false},"excerpt":{"rendered":"<p><a href=\"https:\/\/www.sportellocertificati.it\/prodotto\/certificato-aire\/#richiedi-qui-il-certificato\"><img loading=\"lazy\" decoding=\"async\" class=\"alignnone wp-image-1036\" src=\"https:\/\/www.sportellocertificati.it\/wp-content\/uploads\/2020\/05\/richiedi-il-certificato-qui-4.png\" alt=\"\" width=\"240\" height=\"43\" srcset=\"https:\/\/www.sportellocertificati.it\/wp-content\/uploads\/2020\/05\/richiedi-il-certificato-qui-4.png 737w, https:\/\/www.sportellocertificati.it\/wp-content\/uploads\/2020\/05\/richiedi-il-certificato-qui-4-300x54.png 300w, https:\/\/www.sportellocertificati.it\/wp-content\/uploads\/2020\/05\/richiedi-il-certificato-qui-4-600x107.png 600w\" sizes=\"auto, (max-width: 240px) 100vw, 240px\" \/><\/a><\/p>\n<ul>\n<li>Il Certificato AIRE pu\u00f2 attestare la residenza, la cittadinanza e lo stato di famiglia di un cittadino italiano che risiede all\u2019estero da almeno 12 mesi.<\/li>\n<li>Esistono tre tipologie di certificato AIRE: Certificato AIRE di Residenza, Certificato AIRE di Cittadinanza, Certificato AIRE di Stato di Famiglia.<\/li>\n<li>In base al tipo di documento richiesto, pu\u00f2 riportare i seguenti dati: dati di residenza, cittadinanza, stato di famiglia del soggetto.<\/li>\n<li>Su Sportello Certificati ricevi il documento ufficiale rilasciato dall\u2019Ufficio Anagrafe del comune nel quale la persona fisica ha fissato la residenza italiana.<\/li>\n<li>Servi\u00e7o B2B para escrit\u00f3rios de advocacia, escrit\u00f3rios profissionais e empresas.<\/li>\n<li>Consegna via email a partire da 7 giorni lavorativi o via raccomandata a.r.. anche fuori dai confini nazionali.<\/li>\n<li>Assistenza clienti h24 via telefono, email, chat, whatsapp.<\/li>\n<li>Sistemas de pagamento seguros com criptografia de dados.<\/li>\n<li>Obtenha o documento em apenas alguns cliques.<\/li>\n<\/ul>\n<p><a href=\"https:\/\/www.sportellocertificati.it\/prodotto\/certificato-aire\/#tab-description\">&gt; Le\u00eda a descri\u00e7\u00e3o completa<\/a><br \/>\n<a name=\"richiedi-qui-il-certificato\"><\/a><\/p>","protected":false},"featured_media":29989,"comment_status":"open","ping_status":"closed","template":"","meta":{"_kad_blocks_custom_css":"","_kad_blocks_head_custom_js":"","_kad_blocks_body_custom_js":"","_kad_blocks_footer_custom_js":"","ocean_post_layout":"","ocean_both_sidebars_style":"","ocean_both_sidebars_content_width":0,"ocean_both_sidebars_sidebars_width":0,"ocean_sidebar":"0","ocean_second_sidebar":"0","ocean_disable_margins":"enable","ocean_add_body_class":"","ocean_shortcode_before_top_bar":"","ocean_shortcode_after_top_bar":"","ocean_shortcode_before_header":"","ocean_shortcode_after_header":"","ocean_has_shortcode":"","ocean_shortcode_after_title":"","ocean_shortcode_before_footer_widgets":"","ocean_shortcode_after_footer_widgets":"","ocean_shortcode_before_footer_bottom":"","ocean_shortcode_after_footer_bottom":"","ocean_display_top_bar":"default","ocean_display_header":"default","ocean_header_style":"","ocean_center_header_left_menu":"0","ocean_custom_header_template":"0","ocean_custom_logo":0,"ocean_custom_retina_logo":0,"ocean_custom_logo_max_width":0,"ocean_custom_logo_tablet_max_width":0,"ocean_custom_logo_mobile_max_width":0,"ocean_custom_logo_max_height":0,"ocean_custom_logo_tablet_max_height":0,"ocean_custom_logo_mobile_max_height":0,"ocean_header_custom_menu":"0","ocean_menu_typo_font_family":"0","ocean_menu_typo_font_subset":"","ocean_menu_typo_font_size":0,"ocean_menu_typo_font_size_tablet":0,"ocean_menu_typo_font_size_mobile":0,"ocean_menu_typo_font_size_unit":"px","ocean_menu_typo_font_weight":"","ocean_menu_typo_font_weight_tablet":"","ocean_menu_typo_font_weight_mobile":"","ocean_menu_typo_transform":"","ocean_menu_typo_transform_tablet":"","ocean_menu_typo_transform_mobile":"","ocean_menu_typo_line_height":0,"ocean_menu_typo_line_height_tablet":0,"ocean_menu_typo_line_height_mobile":0,"ocean_menu_typo_line_height_unit":"","ocean_menu_typo_spacing":0,"ocean_menu_typo_spacing_tablet":0,"ocean_menu_typo_spacing_mobile":0,"ocean_menu_typo_spacing_unit":"","ocean_menu_link_color":"","ocean_menu_link_color_hover":"","ocean_menu_link_color_active":"","ocean_menu_link_background":"","ocean_menu_link_hover_background":"","ocean_menu_link_active_background":"","ocean_menu_social_links_bg":"","ocean_menu_social_hover_links_bg":"","ocean_menu_social_links_color":"","ocean_menu_social_hover_links_color":"","ocean_disable_title":"default","ocean_disable_heading":"default","ocean_post_title":"","ocean_post_subheading":"","ocean_post_title_style":"","ocean_post_title_background_color":"","ocean_post_title_background":0,"ocean_post_title_bg_image_position":"","ocean_post_title_bg_image_attachment":"","ocean_post_title_bg_image_repeat":"","ocean_post_title_bg_image_size":"","ocean_post_title_height":0,"ocean_post_title_bg_overlay":0.5,"ocean_post_title_bg_overlay_color":"","ocean_disable_breadcrumbs":"default","ocean_breadcrumbs_color":"","ocean_breadcrumbs_separator_color":"","ocean_breadcrumbs_links_color":"","ocean_breadcrumbs_links_hover_color":"","ocean_display_footer_widgets":"default","ocean_display_footer_bottom":"default","ocean_custom_footer_template":"0"},"product_brand":[],"product_cat":[19],"product_tag":[23],"class_list":{"0":"post-535","1":"product","2":"type-product","3":"status-publish","4":"has-post-thumbnail","6":"product_cat-anagrafe","7":"product_tag-certificati-comunali","9":"entry","10":"has-media","12":"first","13":"instock","14":"virtual","15":"sold-individually","16":"taxable","17":"purchasable","18":"product-type-simple","19":"col","20":"span_1_of_5","21":"owp-content-center","22":"owp-thumbs-layout-vertical","23":"owp-btn-normal","24":"owp-tabs-layout-horizontal","25":"has-no-thumbnails","26":"circle-sale"},"taxonomy_info":{"product_cat":[{"value":19,"label":"Anagrafe"}],"product_tag":[{"value":23,"label":"Certificati Comunali"}]},"featured_image_src_large":["https:\/\/www.sportellocertificati.it\/wp-content\/uploads\/2019\/01\/certificato-aire-di-residenza.jpg",800,800,false],"author_info":[],"comment_info":0,"_links":{"self":[{"href":"https:\/\/www.sportellocertificati.it\/pt\/wp-json\/wp\/v2\/product\/535","targetHints":{"allow":["GET"]}}],"collection":[{"href":"https:\/\/www.sportellocertificati.it\/pt\/wp-json\/wp\/v2\/product"}],"about":[{"href":"https:\/\/www.sportellocertificati.it\/pt\/wp-json\/wp\/v2\/types\/product"}],"replies":[{"embeddable":true,"href":"https:\/\/www.sportellocertificati.it\/pt\/wp-json\/wp\/v2\/comments?post=535"}],"wp:featuredmedia":[{"embeddable":true,"href":"https:\/\/www.sportellocertificati.it\/pt\/wp-json\/wp\/v2\/media\/29989"}],"wp:attachment":[{"href":"https:\/\/www.sportellocertificati.it\/pt\/wp-json\/wp\/v2\/media?parent=535"}],"wp:term":[{"taxonomy":"product_brand","embeddable":true,"href":"https:\/\/www.sportellocertificati.it\/pt\/wp-json\/wp\/v2\/product_brand?post=535"},{"taxonomy":"product_cat","embeddable":true,"href":"https:\/\/www.sportellocertificati.it\/pt\/wp-json\/wp\/v2\/product_cat?post=535"},{"taxonomy":"product_tag","embeddable":true,"href":"https:\/\/www.sportellocertificati.it\/pt\/wp-json\/wp\/v2\/product_tag?post=535"}],"curies":[{"name":"wp","href":"https:\/\/api.w.org\/{rel}","templated":true}]}}