{"id":7410,"date":"2020-02-13T18:24:42","date_gmt":"2020-02-13T18:24:42","guid":{"rendered":"https:\/\/www.sportellocertificati.it\/?post_type=product&#038;p=7410"},"modified":"2026-04-08T22:31:13","modified_gmt":"2026-04-08T22:31:13","slug":"certidao-de-casamento-italiana","status":"publish","type":"product","link":"https:\/\/www.sportellocertificati.it\/pt\/produto\/certidao-de-casamento-italiana\/","title":{"rendered":"Certid\u00e3o de Casamento Italiana"},"content":{"rendered":"<h2><strong>A certid\u00e3o de casamento italiana \u00e9 um documento que comprova o casamento entre duas pessoas em territ\u00f3rio italiano. Em alguns casos, ele \u00e9 solicitado para obter a cidadania italiana, em particular a de descend\u00eancia de <em>jure sanguinis<\/em>.<\/strong><\/h2>\n<p>A certid\u00e3o de casamento \u00e9 emitida pelo munic\u00edpio em que o casamento ocorreu ou a transcri\u00e7\u00e3o da mesma (se foi celebrada em um pa\u00eds estrangeiro) faz parte dos certificados do Registro civil. Para solicit\u00e1-lo, \u00e9 necess\u00e1rio, portanto, informar nome, sobrenome, data de nascimento dos dois c\u00f4njuges e do munic\u00edpio onde foi celebrado ou transcrito o casamento.<\/p>\n<h3><strong>Quais certid\u00f5es de casamento podem ser solicitadas e quem pode solicit\u00e1-las?<\/strong><\/h3>\n<p><strong>As certid\u00f5es de casamento s\u00e3o divididas em quatro tipos e podem ser solicitadas no Sportello Certificati:<\/strong><\/p>\n<p><strong>Certid\u00e3o de casamento<\/strong> - certifica a celebra\u00e7\u00e3o do casamento entre duas pessoas e relata os detalhes pessoais dos c\u00f4njuges, o local e a data da evento.<\/p>\n<p><strong>Extrato de casamento<\/strong> - al\u00e9m das informa\u00e7\u00f5es contidas na certid\u00e3o, ele tamb\u00e9m reporta notas adicionais da certid\u00e3o de casamento, como: o regime de propriedade, qualquer separa\u00e7\u00e3o ou div\u00f3rcio. (Geralmente necess\u00e1rio para obter a cidadania italiana para descendentes de <em>jure sanguinis<\/em>).<\/p>\n<p><strong>Extrato de casamento multil\u00edngue ou internacional<\/strong> - relata as mesmas informa\u00e7\u00f5es que o extrato de casamento em italiano, mas \u00e9 emitido em um formato multil\u00edngue pelo Registro civil do munic\u00edpio de solicita\u00e7\u00e3o. Inclui cerca de 10 idiomas, entre eles: espanhol, portugu\u00eas, ingl\u00eas, franc\u00eas e alem\u00e3o. (Geralmente necess\u00e1rio para obter a cidadania italiana para descendentes de <em>jure sanguinis<\/em>).<\/p>\n<p><strong>C\u00f3pia da certid\u00e3o de casamento<\/strong> - \u00c9 a c\u00f3pia completa da certid\u00e3o de casamento contida no Registro Civil.<\/p>\n<p>Em alguns munic\u00edpios, pode ser necess\u00e1rio uma ordem espec\u00edfica para emitir a certid\u00e3o, extrair ou copiar a certid\u00e3o de casamento, acompanhada de uma c\u00f3pia do documento de identidade. Nesse caso, iremos inform\u00e1-lo dos documentos necess\u00e1rios.<\/p>\n<h3><strong>A partir de que ano posso solicitar uma certid\u00e3o de casamento?<\/strong><\/h3>\n<p>Certid\u00f5es de casamento (qualquer tipo) podem ser solicitadas para todos os casamentos celebrados na It\u00e1lia desde 1871. No entanto, alguns munic\u00edpios t\u00eam registros anteriores a 1871. Quando a certid\u00e3o de casamento n\u00e3o pode ser obtida, pode ser solicitada uma certid\u00e3o de casamento religioso emitida pela igreja onde o casamento foi celebrado. Para certid\u00f5es anteriores a 1871 \u00e9 aconselh\u00e1vel entrar em contato com o nosso servi\u00e7o ao cliente antes de fazer o pedido.<\/p>\n<h3><strong>O que \u00e9 a legaliza\u00e7\u00e3o do documento com apostila (Conven\u00e7\u00e3o de Haia de 1961)?<\/strong><\/h3>\n<p>I certificati matrimonio per essere validi fuori dall\u2019Unione Europea devono essere legalizzati. Per tutti i paesi aderenti alla Convenzione dell\u2019Aja del 1961 (<a href=\"https:\/\/pt.wikipedia.org\/wiki\/Apostila_da_Conven\u00e7\u00e3o_da_Haia\" target=\"_blank\" rel=\"noopener noreferrer\">115 pa\u00edses, ver lista de pa\u00edses aderentes<\/a>), foi introduzido o procedimento de legaliza\u00e7\u00e3o com apostila. Este \u00e9 um processo mais r\u00e1pido que o procedimento normal de legaliza\u00e7\u00e3o.<\/p>\n<p>Se o documento for usado em um pa\u00eds que aderiu \u00e0 conven\u00e7\u00e3o, o certificado pode ser legalizado com a apostila que na It\u00e1lia \u00e9 afixada pela prefeitura competente da capital onde o documento foi emitido.<\/p>\n<p>Para solicitar a legaliza\u00e7\u00e3o com apostila, \u00e9 importante indicar o pa\u00eds onde o certificado deve ser usado e verificar se ele aderiu \u00e0 conven\u00e7\u00e3o. Lembre-se de que os prazos para a aposi\u00e7\u00e3o da apostila podem variar de acordo ao escrit\u00f3rio onde a solicita\u00e7\u00e3o for feita.<\/p>\n<h3><strong>Por que solicitar o documento no Sportello Certificati?<\/strong><\/h3>\n<p>No Sportello Certificati, voc\u00ea obt\u00e9m o certificado oficial emitido pelo cart\u00f3rio de registro do munic\u00edpio de refer\u00eancia e aproveita as qualidades que nos distinguem:<\/p>\n<ul>\n<li>\u00a0Velocidade: voc\u00ea pode obter a certid\u00e3o de nascimento em apenas alguns cliques, o pedido ser\u00e1 recebido imediatamente pelos nossos sistemas e processado.<\/li>\n<li>Assist\u00eancia: Voc\u00ea ter\u00e1 assistencia de pessoas e n\u00e3o de sistemas automatizados; de fato, garantimos aos nossos clientes assist\u00eancia gratuita sete dias por semana durante o pedido do servi\u00e7o e ap\u00f3s a entrega do mesmo.<\/li>\n<li>Seguran\u00e7a: garantimos aos nossos clientes uma navega\u00e7\u00e3o segura com criptografia avan\u00e7ada de dados e gateways de pagamento.<\/li>\n<\/ul>\n<h3><strong>Como solicitar o documento no Sportello Certificati?<\/strong><\/h3>\n<p>A obten\u00e7\u00e3o do documento \u00e9 muito simples:<\/p>\n<ul>\n<li>preencha o formul\u00e1rio de solicita\u00e7\u00e3o;<\/li>\n<li>adicione o servi\u00e7o ao carrinho de compras;<\/li>\n<li>v\u00e1 ao caixa para concluir o pagamento.<\/li>\n<\/ul>\n<h3><strong>Quanto tempo leva para entregar? Como \u00e9 entregue?<\/strong><\/h3>\n<p>O documento \u00e9 entregue por e-mail em formato pdf. Se solicitado no momento do pedido, al\u00e9m do pdf, o cliente tamb\u00e9m pode obter o envio do documento original. O envio \u00e9 feito pela Fedex atrav\u00e9s do servi\u00e7o de Prioridade Internacional e \u00e9 realizado nas feito \u00e1s principais localidades do mundo.<\/p>\n<p>I tempi di consegna del documento in formato pdf sono mediamente 15 giorni lavorativi.<\/p>\n<p>Para maior clareza, \u00e9 necess\u00e1rio especificar que nem todos os munic\u00edpios t\u00eam o mesmo prazo para o cumprimento do certificado. Al\u00e9m disso, alguns certificados podem exigir per\u00edodos maiores, como os relacionados a casamentos anteriores a 1900 ou suas primeiras d\u00e9cadas.<\/p>\n<p>La richiesta delle apostille comporta dei tempi superiori, in quanto il documento deve essere presentato alla prefettura competente per la legalizzazione (circa 40 giorni lavorativi).<\/p>\n<p>Para solicitar esclarecimentos, voc\u00ea pode enviar suas solicita\u00e7\u00f5es na p\u00e1gina de contato.<\/p>\n<p>Se preferir, entre em contato pelo telefone 0240031022, pelo e-mail info@sportellocertificati.it ou via chat.<\/p>","protected":false},"excerpt":{"rendered":"<p><a href=\"#richiedi-qui-il-certificato\"><img loading=\"lazy\" decoding=\"async\" class=\"alignnone wp-image-1036\" src=\"https:\/\/www.sportellocertificati.it\/wp-content\/uploads\/2020\/05\/richiedi-il-certificato-qui-4.png\" alt=\"\" width=\"240\" height=\"43\" srcset=\"https:\/\/www.sportellocertificati.it\/wp-content\/uploads\/2020\/05\/richiedi-il-certificato-qui-4.png 737w, https:\/\/www.sportellocertificati.it\/wp-content\/uploads\/2020\/05\/richiedi-il-certificato-qui-4-300x54.png 300w, https:\/\/www.sportellocertificati.it\/wp-content\/uploads\/2020\/05\/richiedi-il-certificato-qui-4-600x107.png 600w\" sizes=\"auto, (max-width: 240px) 100vw, 240px\" \/><\/a><\/p>\n<ul>\n<li>A certid\u00e3o de casamento atesta a celebra\u00e7\u00e3o do casamento civil entre duas pessoas consagrado em um munic\u00edpio italiano.<\/li>\n<li>No Sportello Certificati, voc\u00ea recebe o documento oficial emitido pelo cart\u00f3rio do munic\u00edpio em que o casamento foi celebrado.<\/li>\n<li>Al\u00e9m da certid\u00e3o de casamento, voc\u00ea tamb\u00e9m pode obter o extrato do casamento em italiano ou multil\u00edngue ou a c\u00f3pia completa da certid\u00e3o de casamento.<\/li>\n<li>Tamb\u00e9m dispon\u00edvel a legaliza\u00e7\u00e3o do documento com apostila, Conven\u00e7\u00e3o de Haia (1961).<\/li>\n<li>Servi\u00e7o nacional em todos os munic\u00edpios do territ\u00f3rio italiano.<\/li>\n<li>Entrega por e-mail a partir de 10 dias \u00fateis.<\/li>\n<li>Remessa internacional via Fedex International Priority.<\/li>\n<li>Ricerca genealogica certificati storici antenati italiani.<\/li>\n<li>Suporte ao cliente 24 horas por telefone, email, chat, whatsApp.<\/li>\n<li>Sistemas de pagamento seguros com criptografia de dados.<\/li>\n<li>Obtenha o documento em apenas alguns cliques.<\/li>\n<\/ul>\n<p><strong><em>Voc\u00ea tem necessidades espec\u00edficas? Entre em contato conosco, encontraremos o caminho para que voc\u00ea tenha seu documento no menor tempo poss\u00edvel!<\/em><\/strong><\/p>\n<hr \/>\n<p><em><strong>- Veja um exemplar do documento<\/strong><\/em><\/p>\n<p><a href=\"https:\/\/www.sportellocertificati.it\/wp-content\/uploads\/2019\/05\/Esempio-Certificato-di-Matrimonio.pdf\" target=\"_blank\" rel=\"noopener noreferrer\">certid\u00e3o de casamento; <\/a><a href=\"https:\/\/www.sportellocertificati.it\/wp-content\/uploads\/2019\/06\/Esempio-estratto-atto-di-matrimonio.pdf\" target=\"_blank\" rel=\"noopener noreferrer\">extrato do casamento;<\/a><br \/>\n<a name=\"richiedi-qui-il-certificato\"><\/a><\/p>","protected":false},"featured_media":29994,"comment_status":"open","ping_status":"closed","template":"","meta":{"_kad_blocks_custom_css":"","_kad_blocks_head_custom_js":"","_kad_blocks_body_custom_js":"","_kad_blocks_footer_custom_js":"","ocean_post_layout":"","ocean_both_sidebars_style":"","ocean_both_sidebars_content_width":0,"ocean_both_sidebars_sidebars_width":0,"ocean_sidebar":"0","ocean_second_sidebar":"0","ocean_disable_margins":"enable","ocean_add_body_class":"","ocean_shortcode_before_top_bar":"","ocean_shortcode_after_top_bar":"","ocean_shortcode_before_header":"","ocean_shortcode_after_header":"","ocean_has_shortcode":"","ocean_shortcode_after_title":"","ocean_shortcode_before_footer_widgets":"","ocean_shortcode_after_footer_widgets":"","ocean_shortcode_before_footer_bottom":"","ocean_shortcode_after_footer_bottom":"","ocean_display_top_bar":"default","ocean_display_header":"default","ocean_header_style":"","ocean_center_header_left_menu":"0","ocean_custom_header_template":"0","ocean_custom_logo":0,"ocean_custom_retina_logo":0,"ocean_custom_logo_max_width":0,"ocean_custom_logo_tablet_max_width":0,"ocean_custom_logo_mobile_max_width":0,"ocean_custom_logo_max_height":0,"ocean_custom_logo_tablet_max_height":0,"ocean_custom_logo_mobile_max_height":0,"ocean_header_custom_menu":"0","ocean_menu_typo_font_family":"0","ocean_menu_typo_font_subset":"","ocean_menu_typo_font_size":0,"ocean_menu_typo_font_size_tablet":0,"ocean_menu_typo_font_size_mobile":0,"ocean_menu_typo_font_size_unit":"px","ocean_menu_typo_font_weight":"","ocean_menu_typo_font_weight_tablet":"","ocean_menu_typo_font_weight_mobile":"","ocean_menu_typo_transform":"","ocean_menu_typo_transform_tablet":"","ocean_menu_typo_transform_mobile":"","ocean_menu_typo_line_height":0,"ocean_menu_typo_line_height_tablet":0,"ocean_menu_typo_line_height_mobile":0,"ocean_menu_typo_line_height_unit":"","ocean_menu_typo_spacing":0,"ocean_menu_typo_spacing_tablet":0,"ocean_menu_typo_spacing_mobile":0,"ocean_menu_typo_spacing_unit":"","ocean_menu_link_color":"","ocean_menu_link_color_hover":"","ocean_menu_link_color_active":"","ocean_menu_link_background":"","ocean_menu_link_hover_background":"","ocean_menu_link_active_background":"","ocean_menu_social_links_bg":"","ocean_menu_social_hover_links_bg":"","ocean_menu_social_links_color":"","ocean_menu_social_hover_links_color":"","ocean_disable_title":"default","ocean_disable_heading":"default","ocean_post_title":"","ocean_post_subheading":"","ocean_post_title_style":"","ocean_post_title_background_color":"","ocean_post_title_background":0,"ocean_post_title_bg_image_position":"","ocean_post_title_bg_image_attachment":"","ocean_post_title_bg_image_repeat":"","ocean_post_title_bg_image_size":"","ocean_post_title_height":0,"ocean_post_title_bg_overlay":0.5,"ocean_post_title_bg_overlay_color":"","ocean_disable_breadcrumbs":"default","ocean_breadcrumbs_color":"","ocean_breadcrumbs_separator_color":"","ocean_breadcrumbs_links_color":"","ocean_breadcrumbs_links_hover_color":"","ocean_display_footer_widgets":"default","ocean_display_footer_bottom":"default","ocean_custom_footer_template":"0"},"product_brand":[],"product_cat":[45],"product_tag":[],"class_list":{"0":"post-7410","1":"product","2":"type-product","3":"status-publish","4":"has-post-thumbnail","6":"product_cat-certificati-internazionali","8":"entry","9":"has-media","11":"first","12":"instock","13":"featured","14":"virtual","15":"sold-individually","16":"taxable","17":"purchasable","18":"product-type-simple","19":"has-rating","20":"col","21":"span_1_of_5","22":"owp-content-center","23":"owp-thumbs-layout-vertical","24":"owp-btn-normal","25":"owp-tabs-layout-horizontal","26":"has-no-thumbnails","27":"circle-sale"},"taxonomy_info":{"product_cat":[{"value":45,"label":"Certificati Internazionali"}]},"featured_image_src_large":["https:\/\/www.sportellocertificati.it\/wp-content\/uploads\/2020\/02\/certificato-di-matrimonio-con-apostille-1.jpg",800,800,false],"author_info":[],"comment_info":5,"_links":{"self":[{"href":"https:\/\/www.sportellocertificati.it\/pt\/wp-json\/wp\/v2\/product\/7410","targetHints":{"allow":["GET"]}}],"collection":[{"href":"https:\/\/www.sportellocertificati.it\/pt\/wp-json\/wp\/v2\/product"}],"about":[{"href":"https:\/\/www.sportellocertificati.it\/pt\/wp-json\/wp\/v2\/types\/product"}],"replies":[{"embeddable":true,"href":"https:\/\/www.sportellocertificati.it\/pt\/wp-json\/wp\/v2\/comments?post=7410"}],"wp:featuredmedia":[{"embeddable":true,"href":"https:\/\/www.sportellocertificati.it\/pt\/wp-json\/wp\/v2\/media\/29994"}],"wp:attachment":[{"href":"https:\/\/www.sportellocertificati.it\/pt\/wp-json\/wp\/v2\/media?parent=7410"}],"wp:term":[{"taxonomy":"product_brand","embeddable":true,"href":"https:\/\/www.sportellocertificati.it\/pt\/wp-json\/wp\/v2\/product_brand?post=7410"},{"taxonomy":"product_cat","embeddable":true,"href":"https:\/\/www.sportellocertificati.it\/pt\/wp-json\/wp\/v2\/product_cat?post=7410"},{"taxonomy":"product_tag","embeddable":true,"href":"https:\/\/www.sportellocertificati.it\/pt\/wp-json\/wp\/v2\/product_tag?post=7410"}],"curies":[{"name":"wp","href":"https:\/\/api.w.org\/{rel}","templated":true}]}}